{"id":9032,"date":"2018-11-05T11:49:17","date_gmt":"2018-11-05T10:49:17","guid":{"rendered":"https:\/\/www.ibes.ch\/?page_id=9032"},"modified":"2018-11-05T15:05:37","modified_gmt":"2018-11-05T14:05:37","slug":"merci-formulaire-de-contact","status":"publish","type":"page","link":"https:\/\/www.ibes.ch\/fr\/danke-kontaktformular\/","title":{"rendered":"Merci pour le formulaire de contact"},"content":{"rendered":"<div id='av_section_1'  class='avia-section av-4oh0aw-e5e77c3e51e1ec1337e9ced3963a903b main_color avia-section-default avia-no-border-styling  avia-builder-el-0  el_before_av_section  avia-builder-el-first  avia-bg-style-scroll container_wrap fullsize'  ><div class='container av-section-cont-open' ><main  role=\"main\" itemprop=\"mainContentOfPage\"  class='template-page content  av-content-full alpha units'><div class='post-entry post-entry-type-page post-entry-9032'><div class='entry-content-wrapper clearfix'>\n\n<style type=\"text\/css\" data-created_by=\"avia_inline_auto\" id=\"style-css-av-2ql5bc-01712194e9fc6c3b191aa617b2089fec\">\n#top .hr.hr-invisible.av-2ql5bc-01712194e9fc6c3b191aa617b2089fec{\nheight:50px;\n}\n<\/style>\n<div  class='hr av-2ql5bc-01712194e9fc6c3b191aa617b2089fec hr-invisible  avia-builder-el-1  el_before_av_two_third  avia-builder-el-first'><span class='hr-inner'><span class=\"hr-inner-style\"><\/span><\/span><\/div>\n\n<style type=\"text\/css\" data-created_by=\"avia_inline_auto\" id=\"style-css-av-1w1e9k-dbfa5dfabee79439f80eaea0db685855\">\n.flex_column.av-1w1e9k-dbfa5dfabee79439f80eaea0db685855{\nborder-radius:0px 0px 0px 0px;\npadding:0px 0px 0px 0px;\n}\n<\/style>\n<div  class='flex_column av-1w1e9k-dbfa5dfabee79439f80eaea0db685855 av_two_third  avia-builder-el-2  el_after_av_hr  el_before_av_one_fourth  first flex_column_div av-zero-column-padding'     ><style type=\"text\/css\" data-created_by=\"avia_inline_auto\" id=\"style-css-av-jo47ljn7-e2a376ea4a8b7827c8c3003b467a11c4\">\n#top .av-special-heading.av-jo47ljn7-e2a376ea4a8b7827c8c3003b467a11c4{\npadding-bottom:15px;\n}\nbody .av-special-heading.av-jo47ljn7-e2a376ea4a8b7827c8c3003b467a11c4 .av-special-heading-tag .heading-char{\nfont-size:25px;\n}\n.av-special-heading.av-jo47ljn7-e2a376ea4a8b7827c8c3003b467a11c4 .av-subheading{\nfont-size:22px;\n}\n<\/style>\n<div  class='av-special-heading av-jo47ljn7-e2a376ea4a8b7827c8c3003b467a11c4 av-special-heading-h1 blockquote modern-quote  avia-builder-el-3  avia-builder-el-no-sibling'><div class='av-subheading av-subheading_above'><p>Merci beaucoup.<\/p>\n<\/div><h1 class='av-special-heading-tag'  itemprop=\"headline\"  >La demande a \u00e9t\u00e9 envoy\u00e9e avec succ\u00e8s !<\/h1><div class=\"special-heading-border\"><div class=\"special-heading-inner-border\"><\/div><\/div><\/div><\/div>\n<style type=\"text\/css\" data-created_by=\"avia_inline_auto\" id=\"style-css-av-f0bew-40befff4716eaee7f359fe6c0fda23ef\">\n.flex_column.av-f0bew-40befff4716eaee7f359fe6c0fda23ef{\nborder-radius:0px 0px 0px 0px;\npadding:0px 0px 0px 0px;\n}\n<\/style>\n<div  class='flex_column av-f0bew-40befff4716eaee7f359fe6c0fda23ef av_one_fourth  avia-builder-el-4  el_after_av_two_third  avia-builder-el-last  flex_column_div av-zero-column-padding'     ><style type=\"text\/css\" data-created_by=\"avia_inline_auto\" id=\"style-css-av-jo46mid0-382d927d30da5115c6cd8602d43f8b8f\">\n.av_font_icon.av-jo46mid0-382d927d30da5115c6cd8602d43f8b8f{\ncolor:#83a846;\nborder-color:#83a846;\n}\n.avia-svg-icon.av-jo46mid0-382d927d30da5115c6cd8602d43f8b8f svg:first-child{\nstroke:#83a846;\nfill:#83a846;\n}\n.av_font_icon.av-jo46mid0-382d927d30da5115c6cd8602d43f8b8f .av-icon-char{\nfont-size:60px;\nline-height:60px;\nwidth:60px;\n}\n<\/style>\n<span  class='av_font_icon av-jo46mid0-382d927d30da5115c6cd8602d43f8b8f avia_animate_when_visible av-icon-style-border avia-icon-pos-left avia-iconfont avia-font-entypo-fontello avia-icon-animate'><span class='av-icon-char' data-av_icon='\ue812' data-av_iconfont='entypo-fontello' aria-hidden=\"true\" ><\/span><\/span><\/div>\n\n<\/div><\/div><\/main><!-- close content main element --><\/div><\/div><div id='av_section_2'  class='avia-section av-jjzyr2r5-17d9348295b90a73aa643af679c54d26 alternate_color avia-section-large avia-no-shadow  avia-builder-el-6  el_after_av_section  el_before_av_hr  avia-bg-style-scroll container_wrap fullsize'  ><div class='container av-section-cont-open' ><div class='template-page content  av-content-full alpha units'><div class='post-entry post-entry-type-page post-entry-9032'><div class='entry-content-wrapper clearfix'>\n\n<style type=\"text\/css\" data-created_by=\"avia_inline_auto\" id=\"style-css-av-827u6a-08b1c2e21eb850b321bb910e20dae0bd\">\n.flex_column.av-827u6a-08b1c2e21eb850b321bb910e20dae0bd{\nborder-radius:0px 0px 0px 0px;\npadding:0px 0px 0px 0px;\n}\n<\/style>\n<div  class='flex_column av-827u6a-08b1c2e21eb850b321bb910e20dae0bd av_one_third  avia-builder-el-7  el_before_av_two_third  avia-builder-el-first  first flex_column_div av-zero-column-padding'     ><style type=\"text\/css\" data-created_by=\"avia_inline_auto\" id=\"style-css-av-jk0x29sm-3ffe5d4a2b1e465aa9b6a238006d8471\">\n.avia-image-container.av-jk0x29sm-3ffe5d4a2b1e465aa9b6a238006d8471 img.avia_image{\nbox-shadow:none;\n}\n.avia-image-container.av-jk0x29sm-3ffe5d4a2b1e465aa9b6a238006d8471 .av-image-caption-overlay-center{\ncolor:#ffffff;\n}\n<\/style>\n<div  class='avia-image-container av-jk0x29sm-3ffe5d4a2b1e465aa9b6a238006d8471 av-styling- avia-align-center  avia-builder-el-8  avia-builder-el-no-sibling'  ><div class=\"avia-image-container-inner\"><div class=\"avia-image-overlay-wrap\"><img decoding=\"async\" fetchpriority=\"high\" class='wp-image-8908 avia-img-lazy-loading-not-8908 avia_image' src=\"https:\/\/www.ibes.ch\/wp-content\/uploads\/2018\/10\/esi_einsatz.jpg\" alt='Mesure de l&#039;\u00e9lectrosmog de la Smart Home \u00e0 domicile' title='Automatisation des b\u00e2timents'  height=\"512\" width=\"748\"  itemprop=\"thumbnailUrl\" srcset=\"https:\/\/www.ibes.ch\/wp-content\/uploads\/2018\/10\/esi_einsatz.jpg 748w, https:\/\/www.ibes.ch\/wp-content\/uploads\/2018\/10\/esi_einsatz-600x411.jpg 600w, https:\/\/www.ibes.ch\/wp-content\/uploads\/2018\/10\/esi_einsatz-300x205.jpg 300w, https:\/\/www.ibes.ch\/wp-content\/uploads\/2018\/10\/esi_einsatz-705x483.jpg 705w\" sizes=\"(max-width: 748px) 100vw, 748px\" \/><\/div><\/div><\/div><\/div>\n<style type=\"text\/css\" data-created_by=\"avia_inline_auto\" id=\"style-css-av-6eys1u-5430c1fa2f00eb35a5c74bc277d616b0\">\n.flex_column.av-6eys1u-5430c1fa2f00eb35a5c74bc277d616b0{\nborder-radius:0px 0px 0px 0px;\npadding:0px 0px 0px 0px;\n}\n<\/style>\n<div  class='flex_column av-6eys1u-5430c1fa2f00eb35a5c74bc277d616b0 av_two_third  avia-builder-el-9  el_after_av_one_third  avia-builder-el-last  flex_column_div av-zero-column-padding'     ><div  class='av_promobox av-2jy2aq-89526c4138d291a029562106ae97dce5 avia-button-yes  avia-builder-el-10  avia-builder-el-no-sibling'><div class='avia-promocontent'><\/p>\n<h3>Jouez la s\u00e9curit\u00e9<\/h3>\n<p>L'IBES recommande un appareil de mesure de l'\u00e9lectrosmog tr\u00e8s sensible avec lequel vous pouvez v\u00e9rifier vous-m\u00eame, m\u00eame en tant que profane, si des appareils \u00e9lectriques r\u00e9pandent de l'\u00e9lectrosmog nocif - sur le lieu de travail ou \u00e0 la maison.<\/p>\n<\/div><div  class='avia-button-wrap av-2jy2aq-8bb8a7372cc6f6ad46f91dd0563a9986-wrap avia-button-right'><a href=''  class='avia-button av-2jy2aq-8bb8a7372cc6f6ad46f91dd0563a9986 av-link-btn avia-icon_select-yes-left-icon avia-size-large avia-position-right avia-color-theme-color'   aria-label=\"Plus d&#039;informations\"><span class='avia_button_icon avia_button_icon_left avia-iconfont avia-font-entypo-fontello' data-av_icon='\ue832' data-av_iconfont='entypo-fontello' ><\/span><span class='avia_iconbox_title' >Plus d'informations<\/span><\/a><\/div><\/div><\/div>\n<\/div><\/div><\/div><!-- close content main div --><\/div><\/div><div id='after_section_2'  class='main_color av_default_container_wrap container_wrap fullsize'  ><div class='container av-section-cont-open' ><div class='template-page content  av-content-full alpha units'><div class='post-entry post-entry-type-page post-entry-9032'><div class='entry-content-wrapper clearfix'>\n\n<style type=\"text\/css\" data-created_by=\"avia_inline_auto\" id=\"style-css-av-2ql5bc-fa8cb846de3939ad92c65517a242e5b2\">\n#top .hr.hr-invisible.av-2ql5bc-fa8cb846de3939ad92c65517a242e5b2{\nheight:30px;\n}\n<\/style>\n<div  class='hr av-2ql5bc-fa8cb846de3939ad92c65517a242e5b2 hr-invisible  avia-builder-el-11  el_after_av_section  el_before_av_codeblock  avia-builder-el-first'><span class='hr-inner'><span class=\"hr-inner-style\"><\/span><\/span><\/div>","protected":false},"excerpt":{"rendered":"","protected":false},"author":3,"featured_media":0,"parent":0,"menu_order":0,"comment_status":"closed","ping_status":"closed","template":"","meta":{"_acf_changed":false,"footnotes":""},"class_list":["post-9032","page","type-page","status-publish","hentry"],"acf":[],"yoast_head":"<!-- This site is optimized with the Yoast SEO plugin v27.5 - https:\/\/yoast.com\/product\/yoast-seo-wordpress\/ -->\n<title>Danke Kontaktformular - IBES<\/title>\n<meta name=\"robots\" content=\"index, follow, max-snippet:-1, max-image-preview:large, max-video-preview:-1\" \/>\n<link rel=\"canonical\" href=\"https:\/\/www.ibes.ch\/fr\/merci-formulaire-de-contact\/\" \/>\n<meta property=\"og:locale\" content=\"fr_FR\" \/>\n<meta property=\"og:type\" content=\"article\" \/>\n<meta property=\"og:title\" content=\"Danke Kontaktformular - IBES\" \/>\n<meta property=\"og:url\" content=\"https:\/\/www.ibes.ch\/fr\/merci-formulaire-de-contact\/\" \/>\n<meta property=\"og:site_name\" content=\"IBES\" \/>\n<meta property=\"article:modified_time\" content=\"2018-11-05T14:05:37+00:00\" \/>\n<meta name=\"twitter:card\" content=\"summary_large_image\" \/>\n<meta name=\"twitter:label1\" content=\"Dur\u00e9e de lecture estim\u00e9e\" \/>\n\t<meta name=\"twitter:data1\" content=\"5 minutes\" \/>\n<script type=\"application\/ld+json\" class=\"yoast-schema-graph\">{\"@context\":\"https:\\\/\\\/schema.org\",\"@graph\":[{\"@type\":\"WebPage\",\"@id\":\"https:\\\/\\\/www.ibes.ch\\\/danke-kontaktformular\\\/\",\"url\":\"https:\\\/\\\/www.ibes.ch\\\/danke-kontaktformular\\\/\",\"name\":\"Danke Kontaktformular - IBES\",\"isPartOf\":{\"@id\":\"https:\\\/\\\/www.ibes.ch\\\/#website\"},\"datePublished\":\"2018-11-05T10:49:17+00:00\",\"dateModified\":\"2018-11-05T14:05:37+00:00\",\"breadcrumb\":{\"@id\":\"https:\\\/\\\/www.ibes.ch\\\/danke-kontaktformular\\\/#breadcrumb\"},\"inLanguage\":\"fr-FR\",\"potentialAction\":[{\"@type\":\"ReadAction\",\"target\":[\"https:\\\/\\\/www.ibes.ch\\\/danke-kontaktformular\\\/\"]}]},{\"@type\":\"BreadcrumbList\",\"@id\":\"https:\\\/\\\/www.ibes.ch\\\/danke-kontaktformular\\\/#breadcrumb\",\"itemListElement\":[{\"@type\":\"ListItem\",\"position\":1,\"name\":\"Home\",\"item\":\"https:\\\/\\\/www.ibes.ch\\\/\"},{\"@type\":\"ListItem\",\"position\":2,\"name\":\"Danke Kontaktformular\"}]},{\"@type\":\"WebSite\",\"@id\":\"https:\\\/\\\/www.ibes.ch\\\/#website\",\"url\":\"https:\\\/\\\/www.ibes.ch\\\/\",\"name\":\"IBES\",\"description\":\"IBES - Ratgeber f\u00fcr Elektrosmog\",\"potentialAction\":[{\"@type\":\"SearchAction\",\"target\":{\"@type\":\"EntryPoint\",\"urlTemplate\":\"https:\\\/\\\/www.ibes.ch\\\/?s={search_term_string}\"},\"query-input\":{\"@type\":\"PropertyValueSpecification\",\"valueRequired\":true,\"valueName\":\"search_term_string\"}}],\"inLanguage\":\"fr-FR\"}]}<\/script>\n<!-- \/ Yoast SEO plugin. -->","yoast_head_json":{"title":"Formulaire de contact de remerciement - IBES","robots":{"index":"index","follow":"follow","max-snippet":"max-snippet:-1","max-image-preview":"max-image-preview:large","max-video-preview":"max-video-preview:-1"},"canonical":"https:\/\/www.ibes.ch\/fr\/merci-formulaire-de-contact\/","og_locale":"fr_FR","og_type":"article","og_title":"Danke Kontaktformular - IBES","og_url":"https:\/\/www.ibes.ch\/fr\/merci-formulaire-de-contact\/","og_site_name":"IBES","article_modified_time":"2018-11-05T14:05:37+00:00","twitter_card":"summary_large_image","twitter_misc":{"Dur\u00e9e de lecture estim\u00e9e":"5 minutes"},"schema":{"@context":"https:\/\/schema.org","@graph":[{"@type":"WebPage","@id":"https:\/\/www.ibes.ch\/danke-kontaktformular\/","url":"https:\/\/www.ibes.ch\/danke-kontaktformular\/","name":"Formulaire de contact de remerciement - IBES","isPartOf":{"@id":"https:\/\/www.ibes.ch\/#website"},"datePublished":"2018-11-05T10:49:17+00:00","dateModified":"2018-11-05T14:05:37+00:00","breadcrumb":{"@id":"https:\/\/www.ibes.ch\/danke-kontaktformular\/#breadcrumb"},"inLanguage":"fr-FR","potentialAction":[{"@type":"ReadAction","target":["https:\/\/www.ibes.ch\/danke-kontaktformular\/"]}]},{"@type":"BreadcrumbList","@id":"https:\/\/www.ibes.ch\/danke-kontaktformular\/#breadcrumb","itemListElement":[{"@type":"ListItem","position":1,"name":"Home","item":"https:\/\/www.ibes.ch\/"},{"@type":"ListItem","position":2,"name":"Danke Kontaktformular"}]},{"@type":"WebSite","@id":"https:\/\/www.ibes.ch\/#website","url":"https:\/\/www.ibes.ch\/","name":"IBES","description":"IBES - Guide de l'\u00e9lectrosmog","potentialAction":[{"@type":"SearchAction","target":{"@type":"EntryPoint","urlTemplate":"https:\/\/www.ibes.ch\/?s={search_term_string}"},"query-input":{"@type":"PropertyValueSpecification","valueRequired":true,"valueName":"search_term_string"}}],"inLanguage":"fr-FR"}]}},"_links":{"self":[{"href":"https:\/\/www.ibes.ch\/fr\/wp-json\/wp\/v2\/pages\/9032","targetHints":{"allow":["GET"]}}],"collection":[{"href":"https:\/\/www.ibes.ch\/fr\/wp-json\/wp\/v2\/pages"}],"about":[{"href":"https:\/\/www.ibes.ch\/fr\/wp-json\/wp\/v2\/types\/page"}],"author":[{"embeddable":true,"href":"https:\/\/www.ibes.ch\/fr\/wp-json\/wp\/v2\/users\/3"}],"replies":[{"embeddable":true,"href":"https:\/\/www.ibes.ch\/fr\/wp-json\/wp\/v2\/comments?post=9032"}],"version-history":[{"count":5,"href":"https:\/\/www.ibes.ch\/fr\/wp-json\/wp\/v2\/pages\/9032\/revisions"}],"predecessor-version":[{"id":18056,"href":"https:\/\/www.ibes.ch\/fr\/wp-json\/wp\/v2\/pages\/9032\/revisions\/18056"}],"wp:attachment":[{"href":"https:\/\/www.ibes.ch\/fr\/wp-json\/wp\/v2\/media?parent=9032"}],"curies":[{"name":"wp","href":"https:\/\/api.w.org\/{rel}","templated":true}]}}