{"id":8301,"date":"2018-07-26T12:47:28","date_gmt":"2018-07-26T12:47:28","guid":{"rendered":"https:\/\/www.ibes.ch\/gelenkschmerzen\/"},"modified":"2021-10-15T14:46:03","modified_gmt":"2021-10-15T12:46:03","slug":"douleurs-articulaires","status":"publish","type":"page","link":"https:\/\/www.ibes.ch\/fr\/gelenkschmerzen\/","title":{"rendered":"Douleurs articulaires"},"content":{"rendered":"[av_slideshow_full size='no scaling' min_height='0px' stretch='' control_layout='av-control-default' src='' attachment='' attachment_size='' position='top left' repeat='no-repeat' attach='scroll' conditional_play='' animation='slide' transition_speed='' autoplay='false' interval='5' lazy_loading='disabled' av-small-hide='aviaTBav-small-hide' av-mini-hide='aviaTBav-mini-hide' id='' custom_class='' template_class='' av_uid='av-jxetyq7b' sc_version='1.0']\r\n[av_slide_full slide_type='image' id='13696' video='http:\/\/' mobile_image='' fallback_link='http:\/\/' video_format='' video_ratio='16:9' title='' custom_title_size='' custom_content_size='' caption_pos='caption_bottom' link_apply='' link='lightbox' link_target='' button_label='Click me' button_color='light' link1='manually,http:\/\/' link_target1='' button_label2='Click me' button_color2='light' link2='manually,http:\/\/' link_target2='' font_color='' custom_title='' custom_content='' overlay_opacity='0.5' overlay_color='' overlay_pattern='' overlay_custom_pattern='' av-medium-font-size-title='' av-small-font-size-title='' av-mini-font-size-title='' av-medium-font-size='' av-small-font-size='' av-mini-font-size='' av_uid='av-u843dr' video_autoplay='' video_controls='' video_mute='' video_loop='' heading_tag='' heading_class='' overlay_enable='' sc_version='1.0'][\/av_slide_full]\r\n[\/av_slideshow_full]\r\n\r\n[av_slideshow_full img_copyright='' size='no scaling' min_height='' stretch='' control_layout='av-control-default' slider_navigation='av-navigate-arrows av-navigate-dots' nav_visibility_desktop='' nav_arrow_color='' nav_arrow_bg_color='' nav_dots_color='' nav_dot_active_color='' src='' attachment='' attachment_size='' position='top left' repeat='no-repeat' attach='scroll' img_copyright_font='' av-desktop-font-img_copyright_font='' av-medium-font-img_copyright_font='' av-small-font-img_copyright_font='' av-mini-font-img_copyright_font='' img_copyright_color='' img_copyright_bg='' animation='slide' transition_speed='' autoplay='false' interval='5' img_scale='' img_scale_end='10' img_scale_direction='' img_scale_duration='3' img_scale_opacity='1' conditional_play='' img_scrset='' lazy_loading='disabled' av-desktop-hide='aviaTBav-desktop-hide' av-medium-hide='aviaTBav-medium-hide' alb_description='' id='' custom_class='' template_class='' av_uid='av-kng611rn' sc_version='1.0']\r\n[av_slide_full slide_type='image' id='17452' video='http:\/\/' mobile_image='' fallback_link='http:\/\/' title='' video_format='' video_ratio='16:9' caption_pos='caption_bottom' custom_title_size='' av-medium-font-size-title='' av-small-font-size-title='' av-mini-font-size-title='' custom_content_size='' av-medium-font-size='' av-small-font-size='' av-mini-font-size='' font_color='' custom_title='' custom_content='' heading_tag='' heading_class='' link_apply='' link='lightbox' link_target='' button_label='Click me' button_color='light' link1='manually,http:\/\/' link_target1='' button_label2='Click me' button_color2='light' link2='manually,http:\/\/' link_target2='' overlay_opacity='0.5' overlay_color='' overlay_pattern='' overlay_custom_pattern='' av_uid='av-kng61114' sc_version='1.0' video_autoplay='' video_controls='' video_mute='' video_loop='' av-desktop-font-size-title='' av-desktop-font-size='' overlay_enable=''][\/av_slide_full]\r\n\r\n\r\n[\/av_slideshow_full]\r\n\r\n\n<div id='av_section_1'  class='avia-section av-jjzgjy94-535fc938f73d54e38e18c9f5b93283ba main_color avia-section-large avia-no-border-styling  avia-builder-el-1  el_after_av_postcontent  el_before_av_section  avia-bg-style-scroll container_wrap fullsize'  ><div class='container av-section-cont-open' ><div class='template-page content  av-content-full alpha units'><div class='post-entry post-entry-type-page post-entry-8301'><div class='entry-content-wrapper clearfix'>\n\n<style type=\"text\/css\" data-created_by=\"avia_inline_auto\" id=\"style-css-av-av_heading-33c0df5b3b7c31a65c343d3cd9d18007\">\n#top .av-special-heading.av-av_heading-33c0df5b3b7c31a65c343d3cd9d18007{\npadding-bottom:19px;\n}\nbody .av-special-heading.av-av_heading-33c0df5b3b7c31a65c343d3cd9d18007 .av-special-heading-tag .heading-char{\nfont-size:25px;\n}\n.av-special-heading.av-av_heading-33c0df5b3b7c31a65c343d3cd9d18007 .av-subheading{\nfont-size:20px;\n}\n<\/style>\n<div  class='av-special-heading av-av_heading-33c0df5b3b7c31a65c343d3cd9d18007 av-special-heading-h1 blockquote modern-quote modern-centered  avia-builder-el-2  el_before_av_hr  avia-builder-el-first '><h1 class='av-special-heading-tag '  itemprop=\"headline\"  >Gelenkschmerzen durch Elektrosmog<\/h1><div class='av-subheading av-subheading_below'><p>Probleme bei Arthritis, Polyarthritis, Knieschmerzen<\/p>\n<\/div><div class=\"special-heading-border\"><div class=\"special-heading-inner-border\"><\/div><\/div><\/div>\n<div  class='hr av-aue7n2-e30d11672c1926c4b838dbe0728bd62f hr-short  avia-builder-el-3  el_after_av_heading  el_before_av_one_third  hr-center'><span class='hr-inner '><span class=\"hr-inner-style\"><\/span><\/span><\/div>\n<div class='flex_column_table av-942rr2-0866e66eb9e24f45466e3f1e6ba22cfd sc-av_one_third av-equal-height-column-flextable'>\n<style type=\"text\/css\" data-created_by=\"avia_inline_auto\" id=\"style-css-av-942rr2-0866e66eb9e24f45466e3f1e6ba22cfd\">\n#top .flex_column_table.av-equal-height-column-flextable.av-942rr2-0866e66eb9e24f45466e3f1e6ba22cfd{\nmargin-top:50px;\nmargin-bottom:0px;\n}\n.flex_column.av-942rr2-0866e66eb9e24f45466e3f1e6ba22cfd{\nborder-radius:0px 0px 0px 0px;\npadding:0px 0px 0px 0px;\n}\n<\/style>\n<div  class='flex_column av-942rr2-0866e66eb9e24f45466e3f1e6ba22cfd av_one_third  avia-builder-el-4  el_after_av_hr  el_before_av_one_third  first flex_column_table_cell av-equal-height-column av-align-top av-animated-generic top-to-bottom av-zero-column-padding  '     ><style type=\"text\/css\" data-created_by=\"avia_inline_auto\" id=\"style-css-av-jk0x29sm-8aec83facaa73ab198fc420eff2bdd14\">\n.avia-image-container.av-jk0x29sm-8aec83facaa73ab198fc420eff2bdd14 img.avia_image{\nbox-shadow:none;\n}\n.avia-image-container.av-jk0x29sm-8aec83facaa73ab198fc420eff2bdd14 .av-image-caption-overlay-center{\ncolor:#ffffff;\n}\n<\/style>\n<div  class='avia-image-container av-jk0x29sm-8aec83facaa73ab198fc420eff2bdd14 av-styling- avia-align-center  avia-builder-el-5  avia-builder-el-no-sibling '  ><div class=\"avia-image-container-inner\"><div class=\"avia-image-overlay-wrap\"><img decoding=\"async\" fetchpriority=\"high\" class='wp-image-9055 avia-img-lazy-loading-not-9055 avia_image ' src=\"https:\/\/www.ibes.ch\/wp-content\/uploads\/2018\/11\/gelenkschmerzen-elektrosmog.jpg\" alt='Gelenkschmerzen durch Elektrosmog' title='Gelenkschmerzen durch Elektrosmog'  height=\"565\" width=\"713\"  itemprop=\"thumbnailUrl\" srcset=\"https:\/\/www.ibes.ch\/wp-content\/uploads\/2018\/11\/gelenkschmerzen-elektrosmog.jpg 713w, https:\/\/www.ibes.ch\/wp-content\/uploads\/2018\/11\/gelenkschmerzen-elektrosmog-600x475.jpg 600w, https:\/\/www.ibes.ch\/wp-content\/uploads\/2018\/11\/gelenkschmerzen-elektrosmog-300x238.jpg 300w, https:\/\/www.ibes.ch\/wp-content\/uploads\/2018\/11\/gelenkschmerzen-elektrosmog-705x559.jpg 705w\" sizes=\"(max-width: 713px) 100vw, 713px\" \/><\/div><\/div><\/div><\/div><div class='av-flex-placeholder'><\/div>\n<style type=\"text\/css\" data-created_by=\"avia_inline_auto\" id=\"style-css-av-942rr2-4271abe5d8befc4ffab0bfbf237618cb\">\n#top .flex_column_table.av-equal-height-column-flextable.av-942rr2-4271abe5d8befc4ffab0bfbf237618cb{\nmargin-top:50px;\nmargin-bottom:0px;\n}\n.flex_column.av-942rr2-4271abe5d8befc4ffab0bfbf237618cb{\nborder-radius:0px 0px 0px 0px;\npadding:0px 0px 0px 0px;\n}\n<\/style>\n<div  class='flex_column av-942rr2-4271abe5d8befc4ffab0bfbf237618cb av_one_third  avia-builder-el-6  el_after_av_one_third  el_before_av_one_third  flex_column_table_cell av-equal-height-column av-align-top av-animated-generic top-to-bottom av-zero-column-padding  '     ><p>\n<style type=\"text\/css\" data-created_by=\"avia_inline_auto\" id=\"style-css-av-av_heading-a5e633eade7d601dbde9eb0f32c984a9\">\n#top .av-special-heading.av-av_heading-a5e633eade7d601dbde9eb0f32c984a9{\npadding-bottom:15px;\n}\nbody .av-special-heading.av-av_heading-a5e633eade7d601dbde9eb0f32c984a9 .av-special-heading-tag .heading-char{\nfont-size:25px;\n}\n.av-special-heading.av-av_heading-a5e633eade7d601dbde9eb0f32c984a9 .av-subheading{\nfont-size:15px;\n}\n<\/style>\n<div  class='av-special-heading av-av_heading-a5e633eade7d601dbde9eb0f32c984a9 av-special-heading-h3 blockquote modern-quote  avia-builder-el-7  el_before_av_textblock  avia-builder-el-first '><h3 class='av-special-heading-tag '  itemprop=\"headline\"  >Heilung verz\u00f6gert<\/h3><div class=\"special-heading-border\"><div class=\"special-heading-inner-border\"><\/div><\/div><\/div><br \/>\n<section  class='av_textblock_section av-jjzglclg-6594a4c7f56ce7b25628a587e9662265 '   itemscope=\"itemscope\" itemtype=\"https:\/\/schema.org\/CreativeWork\" ><div class='avia_textblock'  itemprop=\"text\" ><p>Elektrosmog kann die Heilung von Arthritis, Polyarthritis und generellen Gelenkschmerzen behindern und verz\u00f6gern. Gelenke werden nachts im Schlaf durch Phasen v\u00f6lliger Entspannung weitgehend regeneriert: Ablagerungen werden abgebaut, Gelenkschmiere wird eingebracht, und die Muskelspannung der das Gelenk ber\u00fchrenden Knochen wird optimiert.<\/p>\n<\/div><\/section><\/p><\/div><div class='av-flex-placeholder'><\/div>\n<style type=\"text\/css\" data-created_by=\"avia_inline_auto\" id=\"style-css-av-7m36m6-feb562d516c20db37c9b17f13b491f1c\">\n#top .flex_column_table.av-equal-height-column-flextable.av-7m36m6-feb562d516c20db37c9b17f13b491f1c{\nmargin-top:50px;\nmargin-bottom:0px;\n}\n.flex_column.av-7m36m6-feb562d516c20db37c9b17f13b491f1c{\nborder-radius:0px 0px 0px 0px;\npadding:0px 0px 0px 0px;\n}\n<\/style>\n<div  class='flex_column av-7m36m6-feb562d516c20db37c9b17f13b491f1c av_one_third  avia-builder-el-9  el_after_av_one_third  avia-builder-el-last  flex_column_table_cell av-equal-height-column av-align-top av-animated-generic top-to-bottom av-zero-column-padding  '     ><p>\n<style type=\"text\/css\" data-created_by=\"avia_inline_auto\" id=\"style-css-av-av_heading-edd5476aab0be7a237c60f2dedbb591d\">\n#top .av-special-heading.av-av_heading-edd5476aab0be7a237c60f2dedbb591d{\npadding-bottom:15px;\n}\nbody .av-special-heading.av-av_heading-edd5476aab0be7a237c60f2dedbb591d .av-special-heading-tag .heading-char{\nfont-size:25px;\n}\n.av-special-heading.av-av_heading-edd5476aab0be7a237c60f2dedbb591d .av-subheading{\nfont-size:15px;\n}\n<\/style>\n<div  class='av-special-heading av-av_heading-edd5476aab0be7a237c60f2dedbb591d av-special-heading-h3 blockquote modern-quote  avia-builder-el-10  el_before_av_textblock  avia-builder-el-first '><h3 class='av-special-heading-tag '  itemprop=\"headline\"  >Regeneration bleibt aus<\/h3><div class=\"special-heading-border\"><div class=\"special-heading-inner-border\"><\/div><\/div><\/div><br \/>\n<section  class='av_textblock_section av-jjzglclg-6594a4c7f56ce7b25628a587e9662265 '   itemscope=\"itemscope\" itemtype=\"https:\/\/schema.org\/CreativeWork\" ><div class='avia_textblock'  itemprop=\"text\" ><p>Liegt nun ein elektrisches oder elektromagnetisches Feld aus der Elektrotechnik, aus Elektroger\u00e4ten, Elektrokabeln oder Installationen beim Schlaf am K\u00f6rper an? Dann werden die f\u00fcr die Regeneration zust\u00e4ndigen biologischen Regelkreise mit h\u00f6chster Wahrscheinlichkeit gest\u00f6rt \u2013 die Heilung bleibt aus.<\/p>\n<\/div><\/section><\/p><\/div><\/div><!--close column table wrapper. Autoclose: 1 -->\n\n<\/div><\/div><\/div><!-- close content main div --><\/div><\/div><div id='av_section_2'  class='avia-section av-jjzyr2r5-17d9348295b90a73aa643af679c54d26 alternate_color avia-section-large avia-no-shadow  avia-builder-el-12  el_after_av_section  el_before_av_buttonrow  avia-bg-style-scroll container_wrap fullsize'  ><div class='container av-section-cont-open' ><div class='template-page content  av-content-full alpha units'><div class='post-entry post-entry-type-page post-entry-8301'><div class='entry-content-wrapper clearfix'>\n\n<style type=\"text\/css\" data-created_by=\"avia_inline_auto\" id=\"style-css-av-av_heading-3f6e67fe517d49d7b03dfff295e7d7ae\">\n#top .av-special-heading.av-av_heading-3f6e67fe517d49d7b03dfff295e7d7ae{\npadding-bottom:10px;\n}\nbody .av-special-heading.av-av_heading-3f6e67fe517d49d7b03dfff295e7d7ae .av-special-heading-tag .heading-char{\nfont-size:25px;\n}\n.av-special-heading.av-av_heading-3f6e67fe517d49d7b03dfff295e7d7ae .av-subheading{\nfont-size:15px;\n}\n<\/style>\n<div  class='av-special-heading av-av_heading-3f6e67fe517d49d7b03dfff295e7d7ae av-special-heading-h2 blockquote modern-quote modern-centered  avia-builder-el-13  el_before_av_hr  avia-builder-el-first '><h2 class='av-special-heading-tag '  itemprop=\"headline\"  >Der IBES Elektrobiologe hilft Ihnen<\/h2><div class=\"special-heading-border\"><div class=\"special-heading-inner-border\"><\/div><\/div><\/div>\n<div  class='hr av-jjzh17tq-82f3925afb741d00b0c66908af2f44f1 hr-short  avia-builder-el-14  el_after_av_heading  el_before_av_one_half  hr-center'><span class='hr-inner '><span class=\"hr-inner-style\"><\/span><\/span><\/div>\n\n<style type=\"text\/css\" data-created_by=\"avia_inline_auto\" id=\"style-css-av-942rr2-2a42b9419ced2d40f31fa322b3eec0fe\">\n#top .flex_column.av-942rr2-2a42b9419ced2d40f31fa322b3eec0fe{\nmargin-top:25px;\nmargin-bottom:0px;\n}\n.flex_column.av-942rr2-2a42b9419ced2d40f31fa322b3eec0fe{\nborder-width:1px;\nborder-color:#c1c1c1;\nborder-style:solid;\nborder-radius:0px 0px 0px 0px;\npadding:20px 20px 20px 20px;\nbackground-color:#ffffff;\n}\n.responsive #top #wrap_all .flex_column.av-942rr2-2a42b9419ced2d40f31fa322b3eec0fe{\nmargin-top:25px;\nmargin-bottom:0px;\n}\n<\/style>\n<div  class='flex_column av-942rr2-2a42b9419ced2d40f31fa322b3eec0fe av_one_half  avia-builder-el-15  el_after_av_hr  el_before_av_one_half  first flex_column_div av-animated-generic fade-in  '     ><p>\n<style type=\"text\/css\" data-created_by=\"avia_inline_auto\" id=\"style-css-av-av_heading-613130f3ad836f174f65746b5e99a49d\">\n#top .av-special-heading.av-av_heading-613130f3ad836f174f65746b5e99a49d{\npadding-bottom:15px;\n}\nbody .av-special-heading.av-av_heading-613130f3ad836f174f65746b5e99a49d .av-special-heading-tag .heading-char{\nfont-size:25px;\n}\n.av-special-heading.av-av_heading-613130f3ad836f174f65746b5e99a49d .av-subheading{\nfont-size:15px;\n}\n<\/style>\n<div  class='av-special-heading av-av_heading-613130f3ad836f174f65746b5e99a49d av-special-heading-h3 blockquote modern-quote  avia-builder-el-16  el_before_av_textblock  avia-builder-el-first '><h3 class='av-special-heading-tag '  itemprop=\"headline\"  >Beschwerden verschwinden schnell wieder<\/h3><div class=\"special-heading-border\"><div class=\"special-heading-inner-border\"><\/div><\/div><\/div><br \/>\n<section  class='av_textblock_section av-jk0xf61h-e8c5e5cbe3aa1166e19b7ba65e83f17f '   itemscope=\"itemscope\" itemtype=\"https:\/\/schema.org\/CreativeWork\" ><div class='avia_textblock'  itemprop=\"text\" ><p>So l\u00e4sst sich erkl\u00e4ren, dass viele Betroffene Menschen am Morgen oft kaum mehr gehen \u2013 und oft sich nur mit Schmerzen bewegen k\u00f6nnen. Hat nun der IBES Elektrobiologe die so beeinflussenden Felder entdeckt und diese Ursachen werden behoben, so verschwinden meist sehr schnell solche Beschwerden.<\/p>\n<\/div><\/section><\/p><\/div>\n<style type=\"text\/css\" data-created_by=\"avia_inline_auto\" id=\"style-css-av-942rr2-82d85eb7d4bf62aa0f7c9e5ec8a6e230\">\n#top .flex_column.av-942rr2-82d85eb7d4bf62aa0f7c9e5ec8a6e230{\nmargin-top:25px;\nmargin-bottom:0px;\n}\n.flex_column.av-942rr2-82d85eb7d4bf62aa0f7c9e5ec8a6e230{\nborder-width:1px;\nborder-color:#c1c1c1;\nborder-style:solid;\nborder-radius:0px 0px 0px 0px;\npadding:20px 20px 20px 20px;\nbackground-color:#ffffff;\n}\n.responsive #top #wrap_all .flex_column.av-942rr2-82d85eb7d4bf62aa0f7c9e5ec8a6e230{\nmargin-top:25px;\nmargin-bottom:0px;\n}\n<\/style>\n<div  class='flex_column av-942rr2-82d85eb7d4bf62aa0f7c9e5ec8a6e230 av_one_half  avia-builder-el-18  el_after_av_one_half  avia-builder-el-last  flex_column_div av-animated-generic fade-in  '     ><p>\n<style type=\"text\/css\" data-created_by=\"avia_inline_auto\" id=\"style-css-av-av_heading-d83f0e3f5406670cceeef75801b04153\">\n#top .av-special-heading.av-av_heading-d83f0e3f5406670cceeef75801b04153{\npadding-bottom:15px;\n}\nbody .av-special-heading.av-av_heading-d83f0e3f5406670cceeef75801b04153 .av-special-heading-tag .heading-char{\nfont-size:25px;\n}\n.av-special-heading.av-av_heading-d83f0e3f5406670cceeef75801b04153 .av-subheading{\nfont-size:15px;\n}\n<\/style>\n<div  class='av-special-heading av-av_heading-d83f0e3f5406670cceeef75801b04153 av-special-heading-h3 blockquote modern-quote  avia-builder-el-19  el_before_av_textblock  avia-builder-el-first '><h3 class='av-special-heading-tag '  itemprop=\"headline\"  >Erste wichtige Hinweise<\/h3><div class=\"special-heading-border\"><div class=\"special-heading-inner-border\"><\/div><\/div><\/div><br \/>\n<section  class='av_textblock_section av-jk0xf61h-e8c5e5cbe3aa1166e19b7ba65e83f17f '   itemscope=\"itemscope\" itemtype=\"https:\/\/schema.org\/CreativeWork\" ><div class='avia_textblock'  itemprop=\"text\" ><p>Auf Anfrage k\u00f6nnen wir pers\u00f6nliche Kontakte mit Menschen herstellen, die an solchen Problemen gelitten haben. Wir empfehlen Ihnen, zuerst mit dem von IBES empfohlenen <a href=\"\/?p=6587\">Messger\u00e4t<\/a> selbst die Strahlung in Wohnung, Haus oder am Arbeitsplatz zu messen. Dies gibt Ihnen sofort erste wichtige Hinweise.<\/p>\n<\/div><\/section><\/p><\/div>\n<\/div><\/div><\/div><!-- close content main div --><\/div><\/div><div id='after_section_2'  class='main_color av_default_container_wrap container_wrap fullsize'  ><div class='container av-section-cont-open' ><div class='template-page content  av-content-full alpha units'><div class='post-entry post-entry-type-page post-entry-8301'><div class='entry-content-wrapper clearfix'>\n<div  class='avia-buttonrow-wrap av-jnrl8ao9-78a41f5d59be0b0d7759b1f691f20c7d avia-buttonrow-center  avia-builder-el-21  el_after_av_section  avia-builder-el-no-sibling '>\n\n<style type=\"text\/css\" data-created_by=\"avia_inline_auto\" id=\"style-css-av-61g2lc-3cd58a36745a2d394cdc9d21327b75d0\">\n#top #wrap_all .avia-button.av-61g2lc-3cd58a36745a2d394cdc9d21327b75d0{\nmargin-bottom:20px;\nmargin-right:10px;\nmargin-left:10px;\n}\n<\/style>\n<a href=''  class='avia-button av-61g2lc-3cd58a36745a2d394cdc9d21327b75d0 avia-icon_select-yes-right-icon avia-size-medium avia-color-theme-color'   aria-label=\"R\u00fcckenschmerzen\"><span class='avia_iconbox_title' >R\u00fcckenschmerzen<\/span><span class='avia_button_icon avia_button_icon_right avia-iconfont avia-font-entypo-fontello' data-av_icon='\ue832' data-av_iconfont='entypo-fontello' ><\/span><\/a>\n\n<style type=\"text\/css\" data-created_by=\"avia_inline_auto\" id=\"style-css-av-43xxfk-6398f51a0896b5962b872997df513f4d\">\n#top #wrap_all .avia-button.av-43xxfk-6398f51a0896b5962b872997df513f4d{\nmargin-bottom:20px;\nmargin-right:10px;\nmargin-left:10px;\n}\n<\/style>\n<a href=''  class='avia-button av-43xxfk-6398f51a0896b5962b872997df513f4d avia-icon_select-yes-right-icon avia-size-medium avia-color-theme-color'   aria-label=\"Bandscheibenvorfall\"><span class='avia_iconbox_title' >Bandscheibenvorfall<\/span><span class='avia_button_icon avia_button_icon_right avia-iconfont avia-font-entypo-fontello' data-av_icon='\ue832' data-av_iconfont='entypo-fontello' ><\/span><\/a>\n\n<style type=\"text\/css\" data-created_by=\"avia_inline_auto\" id=\"style-css-av-2w1ups-46ab6a6ed43b35b4ed8dac1ac4d27573\">\n#top #wrap_all .avia-button.av-2w1ups-46ab6a6ed43b35b4ed8dac1ac4d27573{\nmargin-bottom:20px;\nmargin-right:10px;\nmargin-left:10px;\n}\n<\/style>\n<a href=''  class='avia-button av-2w1ups-46ab6a6ed43b35b4ed8dac1ac4d27573 avia-icon_select-yes-right-icon avia-size-medium avia-color-theme-color'   aria-label=\"Symptom-\u00dcbersicht\"><span class='avia_iconbox_title' >Symptom-\u00dcbersicht<\/span><span class='avia_button_icon avia_button_icon_right avia-iconfont avia-font-entypo-fontello' data-av_icon='\ue832' data-av_iconfont='entypo-fontello' ><\/span><\/a>\n<\/div>\n","protected":false},"excerpt":{"rendered":"","protected":false},"author":3,"featured_media":0,"parent":0,"menu_order":11,"comment_status":"closed","ping_status":"closed","template":"","meta":{"_acf_changed":false,"footnotes":""},"class_list":["post-8301","page","type-page","status-publish","hentry"],"acf":[],"yoast_head":"<!-- This site is optimized with the Yoast SEO plugin v27.5 - https:\/\/yoast.com\/product\/yoast-seo-wordpress\/ -->\n<title>Gelenkschmerzen durch Elektrosmog \u2013 verz\u00f6gerte Heilung<\/title>\n<meta name=\"description\" content=\"Elektrosmog kann bei Gelenkschmerzen die Heilung verz\u00f6gern. Betroffen sind Patienten mit Arthritis oder Polyarthritis. IBES gibt Tipps, wie man Strahlung vermeiden kann.\" \/>\n<meta name=\"robots\" content=\"index, follow, max-snippet:-1, max-image-preview:large, max-video-preview:-1\" \/>\n<link rel=\"canonical\" href=\"https:\/\/www.ibes.ch\/fr\/douleurs-articulaires\/\" \/>\n<meta property=\"og:locale\" content=\"fr_FR\" \/>\n<meta property=\"og:type\" content=\"article\" \/>\n<meta property=\"og:title\" content=\"Gelenkschmerzen durch Elektrosmog \u2013 verz\u00f6gerte Heilung\" \/>\n<meta property=\"og:description\" content=\"Elektrosmog kann bei Gelenkschmerzen die Heilung verz\u00f6gern. Betroffen sind Patienten mit Arthritis oder Polyarthritis. IBES gibt Tipps, wie man Strahlung vermeiden kann.\" \/>\n<meta property=\"og:url\" content=\"https:\/\/www.ibes.ch\/fr\/douleurs-articulaires\/\" \/>\n<meta property=\"og:site_name\" content=\"IBES\" \/>\n<meta property=\"article:modified_time\" content=\"2021-10-15T12:46:03+00:00\" \/>\n<meta name=\"twitter:card\" content=\"summary_large_image\" \/>\n<meta name=\"twitter:label1\" content=\"Dur\u00e9e de lecture estim\u00e9e\" \/>\n\t<meta name=\"twitter:data1\" content=\"9 minutes\" \/>\n<script type=\"application\/ld+json\" class=\"yoast-schema-graph\">{\"@context\":\"https:\\\/\\\/schema.org\",\"@graph\":[{\"@type\":\"WebPage\",\"@id\":\"https:\\\/\\\/www.ibes.ch\\\/gelenkschmerzen\\\/\",\"url\":\"https:\\\/\\\/www.ibes.ch\\\/gelenkschmerzen\\\/\",\"name\":\"Gelenkschmerzen durch Elektrosmog \u2013 verz\u00f6gerte Heilung\",\"isPartOf\":{\"@id\":\"https:\\\/\\\/www.ibes.ch\\\/#website\"},\"datePublished\":\"2018-07-26T12:47:28+00:00\",\"dateModified\":\"2021-10-15T12:46:03+00:00\",\"description\":\"Elektrosmog kann bei Gelenkschmerzen die Heilung verz\u00f6gern. Betroffen sind Patienten mit Arthritis oder Polyarthritis. IBES gibt Tipps, wie man Strahlung vermeiden kann.\",\"breadcrumb\":{\"@id\":\"https:\\\/\\\/www.ibes.ch\\\/gelenkschmerzen\\\/#breadcrumb\"},\"inLanguage\":\"fr-FR\",\"potentialAction\":[{\"@type\":\"ReadAction\",\"target\":[\"https:\\\/\\\/www.ibes.ch\\\/gelenkschmerzen\\\/\"]}]},{\"@type\":\"BreadcrumbList\",\"@id\":\"https:\\\/\\\/www.ibes.ch\\\/gelenkschmerzen\\\/#breadcrumb\",\"itemListElement\":[{\"@type\":\"ListItem\",\"position\":1,\"name\":\"Home\",\"item\":\"https:\\\/\\\/www.ibes.ch\\\/\"},{\"@type\":\"ListItem\",\"position\":2,\"name\":\"Gelenkschmerzen\"}]},{\"@type\":\"WebSite\",\"@id\":\"https:\\\/\\\/www.ibes.ch\\\/#website\",\"url\":\"https:\\\/\\\/www.ibes.ch\\\/\",\"name\":\"IBES\",\"description\":\"IBES - Ratgeber f\u00fcr Elektrosmog\",\"potentialAction\":[{\"@type\":\"SearchAction\",\"target\":{\"@type\":\"EntryPoint\",\"urlTemplate\":\"https:\\\/\\\/www.ibes.ch\\\/?s={search_term_string}\"},\"query-input\":{\"@type\":\"PropertyValueSpecification\",\"valueRequired\":true,\"valueName\":\"search_term_string\"}}],\"inLanguage\":\"fr-FR\"}]}<\/script>\n<!-- \/ Yoast SEO plugin. -->","yoast_head_json":{"title":"Douleurs articulaires dues \u00e0 l'\u00e9lectrosmog - retard de gu\u00e9rison","description":"L'\u00e9lectrosmog peut retarder la gu\u00e9rison des douleurs articulaires. Les patients atteints d'arthrite ou de polyarthrite sont concern\u00e9s. L'IBES donne des conseils sur la mani\u00e8re d'\u00e9viter les radiations.","robots":{"index":"index","follow":"follow","max-snippet":"max-snippet:-1","max-image-preview":"max-image-preview:large","max-video-preview":"max-video-preview:-1"},"canonical":"https:\/\/www.ibes.ch\/fr\/douleurs-articulaires\/","og_locale":"fr_FR","og_type":"article","og_title":"Gelenkschmerzen durch Elektrosmog \u2013 verz\u00f6gerte Heilung","og_description":"Elektrosmog kann bei Gelenkschmerzen die Heilung verz\u00f6gern. Betroffen sind Patienten mit Arthritis oder Polyarthritis. IBES gibt Tipps, wie man Strahlung vermeiden kann.","og_url":"https:\/\/www.ibes.ch\/fr\/douleurs-articulaires\/","og_site_name":"IBES","article_modified_time":"2021-10-15T12:46:03+00:00","twitter_card":"summary_large_image","twitter_misc":{"Dur\u00e9e de lecture estim\u00e9e":"9 minutes"},"schema":{"@context":"https:\/\/schema.org","@graph":[{"@type":"WebPage","@id":"https:\/\/www.ibes.ch\/gelenkschmerzen\/","url":"https:\/\/www.ibes.ch\/gelenkschmerzen\/","name":"Douleurs articulaires dues \u00e0 l'\u00e9lectrosmog - retard de gu\u00e9rison","isPartOf":{"@id":"https:\/\/www.ibes.ch\/#website"},"datePublished":"2018-07-26T12:47:28+00:00","dateModified":"2021-10-15T12:46:03+00:00","description":"L'\u00e9lectrosmog peut retarder la gu\u00e9rison des douleurs articulaires. Les patients atteints d'arthrite ou de polyarthrite sont concern\u00e9s. L'IBES donne des conseils sur la mani\u00e8re d'\u00e9viter les radiations.","breadcrumb":{"@id":"https:\/\/www.ibes.ch\/gelenkschmerzen\/#breadcrumb"},"inLanguage":"fr-FR","potentialAction":[{"@type":"ReadAction","target":["https:\/\/www.ibes.ch\/gelenkschmerzen\/"]}]},{"@type":"BreadcrumbList","@id":"https:\/\/www.ibes.ch\/gelenkschmerzen\/#breadcrumb","itemListElement":[{"@type":"ListItem","position":1,"name":"Home","item":"https:\/\/www.ibes.ch\/"},{"@type":"ListItem","position":2,"name":"Gelenkschmerzen"}]},{"@type":"WebSite","@id":"https:\/\/www.ibes.ch\/#website","url":"https:\/\/www.ibes.ch\/","name":"IBES","description":"IBES - Guide de l'\u00e9lectrosmog","potentialAction":[{"@type":"SearchAction","target":{"@type":"EntryPoint","urlTemplate":"https:\/\/www.ibes.ch\/?s={search_term_string}"},"query-input":{"@type":"PropertyValueSpecification","valueRequired":true,"valueName":"search_term_string"}}],"inLanguage":"fr-FR"}]}},"_links":{"self":[{"href":"https:\/\/www.ibes.ch\/fr\/wp-json\/wp\/v2\/pages\/8301","targetHints":{"allow":["GET"]}}],"collection":[{"href":"https:\/\/www.ibes.ch\/fr\/wp-json\/wp\/v2\/pages"}],"about":[{"href":"https:\/\/www.ibes.ch\/fr\/wp-json\/wp\/v2\/types\/page"}],"author":[{"embeddable":true,"href":"https:\/\/www.ibes.ch\/fr\/wp-json\/wp\/v2\/users\/3"}],"replies":[{"embeddable":true,"href":"https:\/\/www.ibes.ch\/fr\/wp-json\/wp\/v2\/comments?post=8301"}],"version-history":[{"count":5,"href":"https:\/\/www.ibes.ch\/fr\/wp-json\/wp\/v2\/pages\/8301\/revisions"}],"predecessor-version":[{"id":18142,"href":"https:\/\/www.ibes.ch\/fr\/wp-json\/wp\/v2\/pages\/8301\/revisions\/18142"}],"wp:attachment":[{"href":"https:\/\/www.ibes.ch\/fr\/wp-json\/wp\/v2\/media?parent=8301"}],"curies":[{"name":"wp","href":"https:\/\/api.w.org\/{rel}","templated":true}]}}