{"id":8295,"date":"2018-07-28T10:38:22","date_gmt":"2018-07-28T10:38:22","guid":{"rendered":"https:\/\/www.ibes.ch\/ueber-uns\/"},"modified":"2025-04-15T18:58:15","modified_gmt":"2025-04-15T16:58:15","slug":"a-propos-de-nous","status":"publish","type":"page","link":"https:\/\/www.ibes.ch\/fr\/ueber-uns\/","title":{"rendered":"Entreprise"},"content":{"rendered":"","protected":false},"excerpt":{"rendered":"","protected":false},"author":3,"featured_media":0,"parent":0,"menu_order":6,"comment_status":"closed","ping_status":"closed","template":"","meta":{"_acf_changed":false,"footnotes":""},"class_list":["post-8295","page","type-page","status-publish","hentry"],"acf":[],"yoast_head":"<!-- This site is optimized with the Yoast SEO plugin v27.5 - https:\/\/yoast.com\/product\/yoast-seo-wordpress\/ -->\n<title>\u00dcber uns: IBES - Leben ohne Elektrosmog<\/title>\n<meta name=\"description\" content=\"Wir helfen Ihnen mit einem Netz von zuverl\u00e4ssigen Partnern, die sich um Ihre Fragen und Probleme zu Elektrosmog k\u00fcmmern. Und Messungen durchf\u00fchren.\" \/>\n<meta name=\"robots\" content=\"index, follow, max-snippet:-1, max-image-preview:large, max-video-preview:-1\" \/>\n<link rel=\"canonical\" href=\"https:\/\/www.ibes.ch\/fr\/a-propos-de-nous\/\" \/>\n<meta property=\"og:locale\" content=\"fr_FR\" \/>\n<meta property=\"og:type\" content=\"article\" \/>\n<meta property=\"og:title\" content=\"\u00dcber uns: IBES - Leben ohne Elektrosmog\" \/>\n<meta property=\"og:description\" content=\"Wir helfen Ihnen mit einem Netz von zuverl\u00e4ssigen Partnern, die sich um Ihre Fragen und Probleme zu Elektrosmog k\u00fcmmern. Und Messungen durchf\u00fchren.\" \/>\n<meta property=\"og:url\" content=\"https:\/\/www.ibes.ch\/fr\/a-propos-de-nous\/\" \/>\n<meta property=\"og:site_name\" content=\"IBES\" \/>\n<meta property=\"article:modified_time\" content=\"2025-04-15T16:58:15+00:00\" \/>\n<meta name=\"twitter:card\" content=\"summary_large_image\" \/>\n<script type=\"application\/ld+json\" class=\"yoast-schema-graph\">{\"@context\":\"https:\\\/\\\/schema.org\",\"@graph\":[{\"@type\":\"WebPage\",\"@id\":\"https:\\\/\\\/www.ibes.ch\\\/ueber-uns\\\/\",\"url\":\"https:\\\/\\\/www.ibes.ch\\\/ueber-uns\\\/\",\"name\":\"\u00dcber uns: IBES - Leben ohne Elektrosmog\",\"isPartOf\":{\"@id\":\"https:\\\/\\\/www.ibes.ch\\\/#website\"},\"datePublished\":\"2018-07-28T10:38:22+00:00\",\"dateModified\":\"2025-04-15T16:58:15+00:00\",\"description\":\"Wir helfen Ihnen mit einem Netz von zuverl\u00e4ssigen Partnern, die sich um Ihre Fragen und Probleme zu Elektrosmog k\u00fcmmern. Und Messungen durchf\u00fchren.\",\"breadcrumb\":{\"@id\":\"https:\\\/\\\/www.ibes.ch\\\/ueber-uns\\\/#breadcrumb\"},\"inLanguage\":\"fr-FR\",\"potentialAction\":[{\"@type\":\"ReadAction\",\"target\":[\"https:\\\/\\\/www.ibes.ch\\\/ueber-uns\\\/\"]}]},{\"@type\":\"BreadcrumbList\",\"@id\":\"https:\\\/\\\/www.ibes.ch\\\/ueber-uns\\\/#breadcrumb\",\"itemListElement\":[{\"@type\":\"ListItem\",\"position\":1,\"name\":\"Home\",\"item\":\"https:\\\/\\\/www.ibes.ch\\\/\"},{\"@type\":\"ListItem\",\"position\":2,\"name\":\"\u00dcber uns\"}]},{\"@type\":\"WebSite\",\"@id\":\"https:\\\/\\\/www.ibes.ch\\\/#website\",\"url\":\"https:\\\/\\\/www.ibes.ch\\\/\",\"name\":\"IBES\",\"description\":\"IBES - Ratgeber f\u00fcr Elektrosmog\",\"potentialAction\":[{\"@type\":\"SearchAction\",\"target\":{\"@type\":\"EntryPoint\",\"urlTemplate\":\"https:\\\/\\\/www.ibes.ch\\\/?s={search_term_string}\"},\"query-input\":{\"@type\":\"PropertyValueSpecification\",\"valueRequired\":true,\"valueName\":\"search_term_string\"}}],\"inLanguage\":\"fr-FR\"}]}<\/script>\n<!-- \/ Yoast SEO plugin. -->","yoast_head_json":{"title":"\u00c0 propos de nous : IBES - Vivre sans \u00e9lectrosmog","description":"Nous vous aidons gr\u00e2ce \u00e0 un r\u00e9seau de partenaires fiables qui s'occupent de vos questions et probl\u00e8mes li\u00e9s \u00e0 l'\u00e9lectrosmog. Et effectuent des mesures.","robots":{"index":"index","follow":"follow","max-snippet":"max-snippet:-1","max-image-preview":"max-image-preview:large","max-video-preview":"max-video-preview:-1"},"canonical":"https:\/\/www.ibes.ch\/fr\/a-propos-de-nous\/","og_locale":"fr_FR","og_type":"article","og_title":"\u00dcber uns: IBES - Leben ohne Elektrosmog","og_description":"Wir helfen Ihnen mit einem Netz von zuverl\u00e4ssigen Partnern, die sich um Ihre Fragen und Probleme zu Elektrosmog k\u00fcmmern. Und Messungen durchf\u00fchren.","og_url":"https:\/\/www.ibes.ch\/fr\/a-propos-de-nous\/","og_site_name":"IBES","article_modified_time":"2025-04-15T16:58:15+00:00","twitter_card":"summary_large_image","schema":{"@context":"https:\/\/schema.org","@graph":[{"@type":"WebPage","@id":"https:\/\/www.ibes.ch\/ueber-uns\/","url":"https:\/\/www.ibes.ch\/ueber-uns\/","name":"\u00c0 propos de nous : IBES - Vivre sans \u00e9lectrosmog","isPartOf":{"@id":"https:\/\/www.ibes.ch\/#website"},"datePublished":"2018-07-28T10:38:22+00:00","dateModified":"2025-04-15T16:58:15+00:00","description":"Nous vous aidons gr\u00e2ce \u00e0 un r\u00e9seau de partenaires fiables qui s'occupent de vos questions et probl\u00e8mes li\u00e9s \u00e0 l'\u00e9lectrosmog. Et effectuent des mesures.","breadcrumb":{"@id":"https:\/\/www.ibes.ch\/ueber-uns\/#breadcrumb"},"inLanguage":"fr-FR","potentialAction":[{"@type":"ReadAction","target":["https:\/\/www.ibes.ch\/ueber-uns\/"]}]},{"@type":"BreadcrumbList","@id":"https:\/\/www.ibes.ch\/ueber-uns\/#breadcrumb","itemListElement":[{"@type":"ListItem","position":1,"name":"Home","item":"https:\/\/www.ibes.ch\/"},{"@type":"ListItem","position":2,"name":"\u00dcber uns"}]},{"@type":"WebSite","@id":"https:\/\/www.ibes.ch\/#website","url":"https:\/\/www.ibes.ch\/","name":"IBES","description":"IBES - Guide de l'\u00e9lectrosmog","potentialAction":[{"@type":"SearchAction","target":{"@type":"EntryPoint","urlTemplate":"https:\/\/www.ibes.ch\/?s={search_term_string}"},"query-input":{"@type":"PropertyValueSpecification","valueRequired":true,"valueName":"search_term_string"}}],"inLanguage":"fr-FR"}]}},"_links":{"self":[{"href":"https:\/\/www.ibes.ch\/fr\/wp-json\/wp\/v2\/pages\/8295","targetHints":{"allow":["GET"]}}],"collection":[{"href":"https:\/\/www.ibes.ch\/fr\/wp-json\/wp\/v2\/pages"}],"about":[{"href":"https:\/\/www.ibes.ch\/fr\/wp-json\/wp\/v2\/types\/page"}],"author":[{"embeddable":true,"href":"https:\/\/www.ibes.ch\/fr\/wp-json\/wp\/v2\/users\/3"}],"replies":[{"embeddable":true,"href":"https:\/\/www.ibes.ch\/fr\/wp-json\/wp\/v2\/comments?post=8295"}],"version-history":[{"count":5,"href":"https:\/\/www.ibes.ch\/fr\/wp-json\/wp\/v2\/pages\/8295\/revisions"}],"predecessor-version":[{"id":20991,"href":"https:\/\/www.ibes.ch\/fr\/wp-json\/wp\/v2\/pages\/8295\/revisions\/20991"}],"wp:attachment":[{"href":"https:\/\/www.ibes.ch\/fr\/wp-json\/wp\/v2\/media?parent=8295"}],"curies":[{"name":"wp","href":"https:\/\/api.w.org\/{rel}","templated":true}]}}