{"id":8261,"date":"2018-08-03T10:17:56","date_gmt":"2018-08-03T10:17:56","guid":{"rendered":"https:\/\/www.ibes.ch\/magnetische-wechselfelder\/"},"modified":"2023-08-09T11:38:37","modified_gmt":"2023-08-09T09:38:37","slug":"champs-magnetiques-alternatifs","status":"publish","type":"page","link":"https:\/\/www.ibes.ch\/fr\/profi-messung-2\/magnetische-wechselfelder\/","title":{"rendered":"Champs magn\u00e9tiques alternatifs"},"content":{"rendered":"<div id='full_slider_1'  class='avia-fullwidth-slider main_color avia-shadow   avia-builder-el-0  el_before_av_submenu  avia-builder-el-first   container_wrap fullsize'  ><div  class='avia-slideshow av-jjzfucc8-6b7495e03559e5a17e8a0b978ac6ddc7 avia-slideshow-no scaling av_slideshow_full avia-slide-slider av-slideshow-ui av-control-default av-slideshow-manual av-loop-once av-loop-manual-endless av-default-height-applied   avia-slideshow-1' data-slideshow-options=\"{&quot;animation&quot;:&quot;slide&quot;,&quot;autoplay&quot;:false,&quot;loop_autoplay&quot;:&quot;once&quot;,&quot;interval&quot;:5,&quot;loop_manual&quot;:&quot;manual-endless&quot;,&quot;autoplay_stopper&quot;:false,&quot;noNavigation&quot;:false,&quot;bg_slider&quot;:false,&quot;keep_padding&quot;:false,&quot;hoverpause&quot;:false,&quot;show_slide_delay&quot;:0}\" ><ul class='avia-slideshow-inner' style='padding-bottom: 20%;'><li  class='avia-slideshow-slide av-jjzfucc8-6b7495e03559e5a17e8a0b978ac6ddc7__0  av-single-slide slide-1 slide-odd'><div data-rel='slideshow-1' class='avia-slide-wrap'   ><img decoding=\"async\" fetchpriority=\"high\" class=\"wp-image-3334 avia-img-lazy-loading-not-3334\"  src=\"https:\/\/www.ibes.ch\/wp-content\/uploads\/2018\/07\/ibes-elektrosmog-header-scaled.jpg\" width=\"2560\" height=\"512\" title='IBES - La vie sans \u00e9lectrosmog' alt='IBES - La vie sans \u00e9lectrosmog'  itemprop=\"thumbnailUrl\" srcset=\"https:\/\/www.ibes.ch\/wp-content\/uploads\/2018\/07\/ibes-elektrosmog-header-scaled.jpg 2560w, https:\/\/www.ibes.ch\/wp-content\/uploads\/2018\/07\/ibes-elektrosmog-header-600x120.jpg 600w, https:\/\/www.ibes.ch\/wp-content\/uploads\/2018\/07\/ibes-elektrosmog-header-300x60.jpg 300w, https:\/\/www.ibes.ch\/wp-content\/uploads\/2018\/07\/ibes-elektrosmog-header-768x154.jpg 768w, https:\/\/www.ibes.ch\/wp-content\/uploads\/2018\/07\/ibes-elektrosmog-header-1030x206.jpg 1030w, https:\/\/www.ibes.ch\/wp-content\/uploads\/2018\/07\/ibes-elektrosmog-header-1500x300.jpg 1500w, https:\/\/www.ibes.ch\/wp-content\/uploads\/2018\/07\/ibes-elektrosmog-header-705x141.jpg 705w\" sizes=\"(max-width: 2560px) 100vw, 2560px\" \/><\/div><\/li><\/ul><\/div><\/div>\n<div class='clear'><\/div><div id='sub_menu1'  class='av-submenu-container av-jkl28t91-0401bed71171b9d1e0b1d46de2d585f2 main_color  avia-builder-el-1  el_after_av_slideshow_full  el_before_av_section  av-sticky-submenu submenu-not-first container_wrap fullsize' style='z-index:301' ><div class='container av-menu-mobile-disabled av-submenu-pos-center'><ul id=\"menu-elektrische_felder_untermenue\" class=\"av-subnav-menu\" role=\"menu\"><li role=\"menuitem\" id=\"menu-item-9650\" class=\"menu-item menu-item-type-post_type menu-item-object-page menu-item-top-level menu-item-top-level-1\"><a href=\"https:\/\/www.ibes.ch\/fr\/profi-messung-2\/magnetische-wechselfelder\/\" itemprop=\"url\" tabindex=\"0\"><span class=\"avia-bullet\"><\/span><span class=\"avia-menu-text\">Champs magn\u00e9tiques alternatifs<\/span><span class=\"avia-menu-fx\"><span class=\"avia-arrow-wrap\"><span class=\"avia-arrow\"><\/span><\/span><\/span><\/a><\/li>\n<li role=\"menuitem\" id=\"menu-item-9651\" class=\"menu-item menu-item-type-post_type menu-item-object-page menu-item-top-level menu-item-top-level-2\"><a href=\"https:\/\/www.ibes.ch\/fr\/profi-messung-2\/schutz-vor-mikrowellen\/\" itemprop=\"url\" tabindex=\"0\"><span class=\"avia-bullet\"><\/span><span class=\"avia-menu-text\">Micro-ondes<\/span><span class=\"avia-menu-fx\"><span class=\"avia-arrow-wrap\"><span class=\"avia-arrow\"><\/span><\/span><\/span><\/a><\/li>\n<li role=\"menuitem\" id=\"menu-item-9652\" class=\"menu-item menu-item-type-post_type menu-item-object-page menu-item-top-level menu-item-top-level-3\"><a href=\"https:\/\/www.ibes.ch\/fr\/profi-messung-2\/magnetische-gleichfelder-schlafstoerungen\/\" itemprop=\"url\" tabindex=\"0\"><span class=\"avia-bullet\"><\/span><span class=\"avia-menu-text\">Champs magn\u00e9tiques directs<\/span><span class=\"avia-menu-fx\"><span class=\"avia-arrow-wrap\"><span class=\"avia-arrow\"><\/span><\/span><\/span><\/a><\/li>\n<li role=\"menuitem\" id=\"menu-item-9653\" class=\"menu-item menu-item-type-post_type menu-item-object-page menu-item-top-level menu-item-top-level-4\"><a href=\"https:\/\/www.ibes.ch\/fr\/profi-messung-2\/elektrische-gleichfelder\/\" itemprop=\"url\" tabindex=\"0\"><span class=\"avia-bullet\"><\/span><span class=\"avia-menu-text\">Champs \u00e9lectriques directs<\/span><span class=\"avia-menu-fx\"><span class=\"avia-arrow-wrap\"><span class=\"avia-arrow\"><\/span><\/span><\/span><\/a><\/li>\n<li role=\"menuitem\" id=\"menu-item-9654\" class=\"menu-item menu-item-type-post_type menu-item-object-page menu-item-top-level menu-item-top-level-5\"><a href=\"https:\/\/www.ibes.ch\/fr\/profi-messung-2\/schutz-vor-radioaktivitaet\/\" itemprop=\"url\" tabindex=\"0\"><span class=\"avia-bullet\"><\/span><span class=\"avia-menu-text\">Radioactivit\u00e9<\/span><span class=\"avia-menu-fx\"><span class=\"avia-arrow-wrap\"><span class=\"avia-arrow\"><\/span><\/span><\/span><\/a><\/li>\n<li role=\"menuitem\" id=\"menu-item-9655\" class=\"menu-item menu-item-type-post_type menu-item-object-page menu-item-top-level menu-item-top-level-6\"><a href=\"https:\/\/www.ibes.ch\/fr\/profi-messung-2\/lichtemissionen\/\" itemprop=\"url\" tabindex=\"0\"><span class=\"avia-bullet\"><\/span><span class=\"avia-menu-text\">\u00c9missions lumineuses<\/span><span class=\"avia-menu-fx\"><span class=\"avia-arrow-wrap\"><span class=\"avia-arrow\"><\/span><\/span><\/span><\/a><\/li>\n<li role=\"menuitem\" id=\"menu-item-9656\" class=\"menu-item menu-item-type-post_type menu-item-object-page menu-item-top-level menu-item-top-level-7\"><a href=\"https:\/\/www.ibes.ch\/fr\/profi-messung-2\/elektrostatische-aufladung\/\" itemprop=\"url\" tabindex=\"0\"><span class=\"avia-bullet\"><\/span><span class=\"avia-menu-text\">Charge \u00e9lectrostatique<\/span><span class=\"avia-menu-fx\"><span class=\"avia-arrow-wrap\"><span class=\"avia-arrow\"><\/span><\/span><\/span><\/a><\/li>\n<\/ul><\/div><\/div><div class='sticky_placeholder'><\/div>\n<div id='av_section_1'  class='avia-section av-jjzgjy94-535fc938f73d54e38e18c9f5b93283ba main_color avia-section-large avia-no-border-styling  avia-builder-el-2  el_after_av_submenu  el_before_av_section  avia-bg-style-scroll container_wrap fullsize'  ><div class='container av-section-cont-open' ><div class='template-page content  av-content-full alpha units'><div class='post-entry post-entry-type-page post-entry-8261'><div class='entry-content-wrapper clearfix'>\n\n<style type=\"text\/css\" data-created_by=\"avia_inline_auto\" id=\"style-css-av-jnlmmbwo-ae667d7816f0f29ee04da0a0e6f621cb\">\n#top .av-special-heading.av-jnlmmbwo-ae667d7816f0f29ee04da0a0e6f621cb{\npadding-bottom:19px;\n}\nbody .av-special-heading.av-jnlmmbwo-ae667d7816f0f29ee04da0a0e6f621cb .av-special-heading-tag .heading-char{\nfont-size:25px;\n}\n.av-special-heading.av-jnlmmbwo-ae667d7816f0f29ee04da0a0e6f621cb .av-subheading{\nfont-size:20px;\n}\n<\/style>\n<div  class='av-special-heading av-jnlmmbwo-ae667d7816f0f29ee04da0a0e6f621cb av-special-heading-h1 blockquote modern-quote modern-centered  avia-builder-el-3  el_before_av_hr  avia-builder-el-first'><h1 class='av-special-heading-tag'  itemprop=\"headline\"  > Champs magn\u00e9tiques alternatifs<\/h1><div class='av-subheading av-subheading_below'><p>Effet sur la lib\u00e9ration de m\u00e9latonine chez l'homme<\/p>\n<\/div><div class=\"special-heading-border\"><div class=\"special-heading-inner-border\"><\/div><\/div><\/div>\n<div  class='hr av-aue7n2-e30d11672c1926c4b838dbe0728bd62f hr-short  avia-builder-el-4  el_after_av_heading  el_before_av_one_half  hr-center'><span class='hr-inner'><span class=\"hr-inner-style\"><\/span><\/span><\/div>\n<div class='flex_column_table av-942rr2-ad68e568d958a93b3cf8fdc2c7545383 sc-av_one_half av-equal-height-column-flextable'>\n<style type=\"text\/css\" data-created_by=\"avia_inline_auto\" id=\"style-css-av-942rr2-ad68e568d958a93b3cf8fdc2c7545383\">\n#top .flex_column_table.av-equal-height-column-flextable.av-942rr2-ad68e568d958a93b3cf8fdc2c7545383{\nmargin-top:50px;\nmargin-bottom:0px;\n}\n.flex_column.av-942rr2-ad68e568d958a93b3cf8fdc2c7545383{\nborder-radius:0px 0px 0px 0px;\npadding:0px 0px 0px 0px;\n}\n<\/style>\n<div  class='flex_column av-942rr2-ad68e568d958a93b3cf8fdc2c7545383 av_one_half  avia-builder-el-5  el_after_av_hr  el_before_av_one_half  first flex_column_table_cell av-equal-height-column av-align-top av-zero-column-padding'     ><p>\n<style type=\"text\/css\" data-created_by=\"avia_inline_auto\" id=\"style-css-av-4cgusf-eb975b089b985d836cb88830b60a2502\">\n#top .av-special-heading.av-4cgusf-eb975b089b985d836cb88830b60a2502{\npadding-bottom:0;\n}\nbody .av-special-heading.av-4cgusf-eb975b089b985d836cb88830b60a2502 .av-special-heading-tag .heading-char{\nfont-size:25px;\n}\n.av-special-heading.av-4cgusf-eb975b089b985d836cb88830b60a2502 .av-subheading{\nfont-size:15px;\n}\n<\/style>\n<div  class='av-special-heading av-4cgusf-eb975b089b985d836cb88830b60a2502 av-special-heading-h2 blockquote modern-quote  avia-builder-el-6  el_before_av_textblock  avia-builder-el-first'><h2 class='av-special-heading-tag'  itemprop=\"headline\"  >D\u00e9clencheurs possibles de la maladie<\/h2><div class=\"special-heading-border\"><div class=\"special-heading-inner-border\"><\/div><\/div><\/div><br \/>\n<section  class='av_textblock_section av-ll3jeq7j-8ca201dfb615f11d12279b508d1992ce'   itemscope=\"itemscope\" itemtype=\"https:\/\/schema.org\/CreativeWork\" ><div class='avia_textblock'  itemprop=\"text\" ><p>Comme les champs magn\u00e9tiques alternatifs p\u00e9n\u00e8trent tout, y compris le corps humain, la source de rayonnement peut se trouver \u00e0 l'int\u00e9rieur d'un b\u00e2timent, mais aussi \u00e0 l'ext\u00e9rieur (haute tension).<\/p>\n<p>Les champs magn\u00e9tiques alternatifs ne sont pas directement dangereux pour la sant\u00e9, mais ils peuvent agir comme amplificateurs et d\u00e9clencheurs de maladies.<\/p>\n<p>Ils modifient \u00e9galement la lib\u00e9ration de l'hormone m\u00e9latonine, qui contr\u00f4le le processus de sommeil dans notre organisme.<\/p>\n<p>Les champs alternatifs \u00e9lectromagn\u00e9tiques apparaissent d\u00e8s que l'\u00e9lectricit\u00e9 circule. Ils s'\u00e9talent en cercle autour des appareils, des c\u00e2bles, des distributeurs.<\/p>\n<\/div><\/section><\/p><\/div><div class='av-flex-placeholder'><\/div>\n<style type=\"text\/css\" data-created_by=\"avia_inline_auto\" id=\"style-css-av-7m36m6-fbd369bc3052531778624122752fc3ff\">\n#top .flex_column_table.av-equal-height-column-flextable.av-7m36m6-fbd369bc3052531778624122752fc3ff{\nmargin-top:50px;\nmargin-bottom:0px;\n}\n.flex_column.av-7m36m6-fbd369bc3052531778624122752fc3ff{\nborder-radius:0px 0px 0px 0px;\npadding:0px 0px 0px 0px;\n}\n<\/style>\n<div  class='flex_column av-7m36m6-fbd369bc3052531778624122752fc3ff av_one_half  avia-builder-el-8  el_after_av_one_half  avia-builder-el-last  flex_column_table_cell av-equal-height-column av-align-top av-zero-column-padding'     ><p>\n<style type=\"text\/css\" data-created_by=\"avia_inline_auto\" id=\"style-css-av-9ypyn-9a0cf0940bce70547d43880089b90ae8\">\n#top .av-special-heading.av-9ypyn-9a0cf0940bce70547d43880089b90ae8{\npadding-bottom:0;\n}\nbody .av-special-heading.av-9ypyn-9a0cf0940bce70547d43880089b90ae8 .av-special-heading-tag .heading-char{\nfont-size:25px;\n}\n.av-special-heading.av-9ypyn-9a0cf0940bce70547d43880089b90ae8 .av-subheading{\nfont-size:15px;\n}\n<\/style>\n<div  class='av-special-heading av-9ypyn-9a0cf0940bce70547d43880089b90ae8 av-special-heading-h2 blockquote modern-quote  avia-builder-el-9  el_before_av_textblock  avia-builder-el-first'><h2 class='av-special-heading-tag'  itemprop=\"headline\"  >Exposition aux champs magn\u00e9tiques<\/h2><div class=\"special-heading-border\"><div class=\"special-heading-inner-border\"><\/div><\/div><\/div><br \/>\n<section  class='av_textblock_section av-ll3jfibe-98bac2e4f7bfebd38093e7f3df6a7b6e'   itemscope=\"itemscope\" itemtype=\"https:\/\/schema.org\/CreativeWork\" ><div class='avia_textblock'  itemprop=\"text\" ><p>Les champs magn\u00e9tiques (densit\u00e9 de flux magn\u00e9tique) proviennent g\u00e9n\u00e9ralement \"non pas des lignes \u00e9lectriques seules\", mais des \"courants vagabonds\" des lignes d'alimentation \u00e9lectrique, des installations ferroviaires, des infrastructures des b\u00e2timents, des syst\u00e8mes de plomberie et des lignes d'installations non \u00e9lectriques.<\/p>\n<p>Les personnes qui vivent et travaillent pr\u00e8s d'une voie ferr\u00e9e, de lignes \u00e0 haute tension et de lignes a\u00e9riennes, pr\u00e8s de postes de transformation, etc. peuvent \u00eatre expos\u00e9es \u00e0 des champs magn\u00e9tiques.<\/p>\n<p>\u00c0 proximit\u00e9 de l'appareil, les champs magn\u00e9tiques ne sont g\u00e9n\u00e9ralement efficaces qu'\u00e0 proximit\u00e9 imm\u00e9diate de l'appareil.<\/p>\n<\/div><\/section><\/p><\/div><\/div><!--close column table wrapper. Autoclose: 1 --><\/div><\/div><\/div><!-- close content main div --><\/div><\/div><div id='av_section_2'  class='avia-section av-jjzyr2r5-17d9348295b90a73aa643af679c54d26 alternate_color avia-section-large avia-no-shadow  avia-builder-el-11  el_after_av_section  el_before_av_section  avia-bg-style-scroll container_wrap fullsize'  ><div class='container av-section-cont-open' ><div class='template-page content  av-content-full alpha units'><div class='post-entry post-entry-type-page post-entry-8261'><div class='entry-content-wrapper clearfix'>\n\n<style type=\"text\/css\" data-created_by=\"avia_inline_auto\" id=\"style-css-av-827u6a-08b1c2e21eb850b321bb910e20dae0bd\">\n.flex_column.av-827u6a-08b1c2e21eb850b321bb910e20dae0bd{\nborder-radius:0px 0px 0px 0px;\npadding:0px 0px 0px 0px;\n}\n<\/style>\n<div  class='flex_column av-827u6a-08b1c2e21eb850b321bb910e20dae0bd av_one_fourth  avia-builder-el-12  el_before_av_three_fourth  avia-builder-el-first  first flex_column_div av-zero-column-padding'     ><style type=\"text\/css\" data-created_by=\"avia_inline_auto\" id=\"style-css-av-jk0x29sm-fcd879e11414fe2c19866816a5dc29e7\">\n.avia-image-container.av-jk0x29sm-fcd879e11414fe2c19866816a5dc29e7 img.avia_image{\nbox-shadow:none;\n}\n.avia-image-container.av-jk0x29sm-fcd879e11414fe2c19866816a5dc29e7 .av-image-caption-overlay-center{\ncolor:#ffffff;\n}\n<\/style>\n<div  class='avia-image-container av-jk0x29sm-fcd879e11414fe2c19866816a5dc29e7 av-styling- avia-align-center  avia-builder-el-13  avia-builder-el-no-sibling'  ><div class=\"avia-image-container-inner\"><div class=\"avia-image-overlay-wrap\"><img decoding=\"async\" fetchpriority=\"high\" class='wp-image-4744 avia-img-lazy-loading-not-4744 avia_image' src=\"https:\/\/www.ibes.ch\/wp-content\/uploads\/2018\/08\/messgeraet-frei-1.png\" alt='Un appareil de mesure de l&#039;\u00e9lectrosmog dans une main' title='Dispositif de mesure de l&#039;\u00e9lectrosmog'  height=\"275\" width=\"530\"  itemprop=\"thumbnailUrl\" srcset=\"https:\/\/www.ibes.ch\/wp-content\/uploads\/2018\/08\/messgeraet-frei-1.png 530w, https:\/\/www.ibes.ch\/wp-content\/uploads\/2018\/08\/messgeraet-frei-1-300x156.png 300w, https:\/\/www.ibes.ch\/wp-content\/uploads\/2018\/08\/messgeraet-frei-1-450x233.png 450w\" sizes=\"(max-width: 530px) 100vw, 530px\" \/><\/div><\/div><\/div><\/div>\n<style type=\"text\/css\" data-created_by=\"avia_inline_auto\" id=\"style-css-av-6eys1u-5430c1fa2f00eb35a5c74bc277d616b0\">\n.flex_column.av-6eys1u-5430c1fa2f00eb35a5c74bc277d616b0{\nborder-radius:0px 0px 0px 0px;\npadding:0px 0px 0px 0px;\n}\n<\/style>\n<div  class='flex_column av-6eys1u-5430c1fa2f00eb35a5c74bc277d616b0 av_three_fourth  avia-builder-el-14  el_after_av_one_fourth  avia-builder-el-last  flex_column_div av-zero-column-padding'     ><div  class='av_promobox av-2jy2aq-d1d578c1db407ac0d5da2e916bcd4da3 avia-button-yes  avia-builder-el-15  avia-builder-el-no-sibling'><div class='avia-promocontent'><\/p>\n<h3>Mesurez vous-m\u00eame l'\u00e9lectrosmog<\/h3>\n<p>Il existe de nombreux types de rayonnements et tout autant de sources. Si vous voulez savoir si les rayonnements vous atteignent m\u00eame \u00e0 travers des murs en b\u00e9ton, la meilleure chose \u00e0 faire est de mesurer.<\/p>\n<\/div><div  class='avia-button-wrap av-2jy2aq-6c85093561b4a834889375b2e1f1b3c4-wrap avia-button-right'><a href='https:\/\/www.ibes.ch\/fr\/appareil-de-mesure-de-lelectrosmog\/'  class='avia-button av-2jy2aq-6c85093561b4a834889375b2e1f1b3c4 av-link-btn avia-icon_select-yes-left-icon avia-size-large avia-position-right avia-color-theme-color'   aria-label=\"Plus d&#039;informations\"><span class='avia_button_icon avia_button_icon_left avia-iconfont avia-font-entypo-fontello' data-av_icon='\ue832' data-av_iconfont='entypo-fontello' ><\/span><span class='avia_iconbox_title' >Plus d'informations<\/span><\/a><\/div><\/div><\/div>\n<\/p>\n<\/div><\/div><\/div><!-- close content main div --><\/div><\/div><div id='av_section_3'  class='avia-section av-jkvbv21t-525b01f5800aac4689f847291961a0fd main_color avia-section-small avia-no-shadow  avia-builder-el-16  el_after_av_section  avia-builder-el-last  avia-bg-style-scroll container_wrap fullsize'  ><div class='container av-section-cont-open' ><div class='template-page content  av-content-full alpha units'><div class='post-entry post-entry-type-page post-entry-8261'><div class='entry-content-wrapper clearfix'>","protected":false},"excerpt":{"rendered":"","protected":false},"author":3,"featured_media":0,"parent":8245,"menu_order":3,"comment_status":"closed","ping_status":"closed","template":"","meta":{"_acf_changed":false,"footnotes":""},"class_list":["post-8261","page","type-page","status-publish","hentry"],"acf":[],"yoast_head":"<!-- This site is optimized with the Yoast SEO plugin v27.4 - https:\/\/yoast.com\/product\/yoast-seo-wordpress\/ -->\n<title>Magnetische Wechselfelder und der K\u00f6rper - Aussch\u00fcttung Melatonin wird beeinflusst<\/title>\n<meta name=\"description\" content=\"Magnetische Wechselfelder breiten sich sternf\u00f6rmig um Ger\u00e4te und Kabel aus. Und k\u00f6nnen den menschlichen K\u00f6rper, unter anderem die Melatonin-Aussch\u00fcttung, beeintr\u00e4chtigen.\" \/>\n<meta name=\"robots\" content=\"index, follow, max-snippet:-1, max-image-preview:large, max-video-preview:-1\" \/>\n<link rel=\"canonical\" href=\"https:\/\/www.ibes.ch\/fr\/mesure-profi-2\/champs-magnetiques-alternatifs\/\" \/>\n<meta property=\"og:locale\" content=\"fr_FR\" \/>\n<meta property=\"og:type\" content=\"article\" \/>\n<meta property=\"og:title\" content=\"Magnetische Wechselfelder und der K\u00f6rper - Aussch\u00fcttung Melatonin wird beeinflusst\" \/>\n<meta property=\"og:description\" content=\"Magnetische Wechselfelder breiten sich sternf\u00f6rmig um Ger\u00e4te und Kabel aus. Und k\u00f6nnen den menschlichen K\u00f6rper, unter anderem die Melatonin-Aussch\u00fcttung, beeintr\u00e4chtigen.\" \/>\n<meta property=\"og:url\" content=\"https:\/\/www.ibes.ch\/fr\/mesure-profi-2\/champs-magnetiques-alternatifs\/\" \/>\n<meta property=\"og:site_name\" content=\"IBES\" \/>\n<meta property=\"article:modified_time\" content=\"2023-08-09T09:38:37+00:00\" \/>\n<meta name=\"twitter:card\" content=\"summary_large_image\" \/>\n<meta name=\"twitter:label1\" content=\"Dur\u00e9e de lecture estim\u00e9e\" \/>\n\t<meta name=\"twitter:data1\" content=\"9 minutes\" \/>\n<script type=\"application\/ld+json\" class=\"yoast-schema-graph\">{\"@context\":\"https:\\\/\\\/schema.org\",\"@graph\":[{\"@type\":\"WebPage\",\"@id\":\"https:\\\/\\\/www.ibes.ch\\\/profi-messung-2\\\/magnetische-wechselfelder\\\/\",\"url\":\"https:\\\/\\\/www.ibes.ch\\\/profi-messung-2\\\/magnetische-wechselfelder\\\/\",\"name\":\"Magnetische Wechselfelder und der K\u00f6rper - Aussch\u00fcttung Melatonin wird beeinflusst\",\"isPartOf\":{\"@id\":\"https:\\\/\\\/www.ibes.ch\\\/#website\"},\"datePublished\":\"2018-08-03T10:17:56+00:00\",\"dateModified\":\"2023-08-09T09:38:37+00:00\",\"description\":\"Magnetische Wechselfelder breiten sich sternf\u00f6rmig um Ger\u00e4te und Kabel aus. Und k\u00f6nnen den menschlichen K\u00f6rper, unter anderem die Melatonin-Aussch\u00fcttung, beeintr\u00e4chtigen.\",\"breadcrumb\":{\"@id\":\"https:\\\/\\\/www.ibes.ch\\\/profi-messung-2\\\/magnetische-wechselfelder\\\/#breadcrumb\"},\"inLanguage\":\"fr-FR\",\"potentialAction\":[{\"@type\":\"ReadAction\",\"target\":[\"https:\\\/\\\/www.ibes.ch\\\/profi-messung-2\\\/magnetische-wechselfelder\\\/\"]}]},{\"@type\":\"BreadcrumbList\",\"@id\":\"https:\\\/\\\/www.ibes.ch\\\/profi-messung-2\\\/magnetische-wechselfelder\\\/#breadcrumb\",\"itemListElement\":[{\"@type\":\"ListItem\",\"position\":1,\"name\":\"Home\",\"item\":\"https:\\\/\\\/www.ibes.ch\\\/\"},{\"@type\":\"ListItem\",\"position\":2,\"name\":\"Profi-Messung\",\"item\":\"https:\\\/\\\/www.ibes.ch\\\/profi-messung-2\\\/\"},{\"@type\":\"ListItem\",\"position\":3,\"name\":\"Magnetische Wechselfelder\"}]},{\"@type\":\"WebSite\",\"@id\":\"https:\\\/\\\/www.ibes.ch\\\/#website\",\"url\":\"https:\\\/\\\/www.ibes.ch\\\/\",\"name\":\"IBES\",\"description\":\"IBES - Ratgeber f\u00fcr Elektrosmog\",\"potentialAction\":[{\"@type\":\"SearchAction\",\"target\":{\"@type\":\"EntryPoint\",\"urlTemplate\":\"https:\\\/\\\/www.ibes.ch\\\/?s={search_term_string}\"},\"query-input\":{\"@type\":\"PropertyValueSpecification\",\"valueRequired\":true,\"valueName\":\"search_term_string\"}}],\"inLanguage\":\"fr-FR\"}]}<\/script>\n<!-- \/ Yoast SEO plugin. -->","yoast_head_json":{"title":"Les champs magn\u00e9tiques alternatifs et le corps - la s\u00e9cr\u00e9tion de m\u00e9latonine est affect\u00e9e","description":"Des champs magn\u00e9tiques alternatifs s'\u00e9talent en \u00e9toile autour des appareils et des c\u00e2bles. Et peut affecter le corps humain, y compris la lib\u00e9ration de m\u00e9latonine.","robots":{"index":"index","follow":"follow","max-snippet":"max-snippet:-1","max-image-preview":"max-image-preview:large","max-video-preview":"max-video-preview:-1"},"canonical":"https:\/\/www.ibes.ch\/fr\/mesure-profi-2\/champs-magnetiques-alternatifs\/","og_locale":"fr_FR","og_type":"article","og_title":"Magnetische Wechselfelder und der K\u00f6rper - Aussch\u00fcttung Melatonin wird beeinflusst","og_description":"Magnetische Wechselfelder breiten sich sternf\u00f6rmig um Ger\u00e4te und Kabel aus. Und k\u00f6nnen den menschlichen K\u00f6rper, unter anderem die Melatonin-Aussch\u00fcttung, beeintr\u00e4chtigen.","og_url":"https:\/\/www.ibes.ch\/fr\/mesure-profi-2\/champs-magnetiques-alternatifs\/","og_site_name":"IBES","article_modified_time":"2023-08-09T09:38:37+00:00","twitter_card":"summary_large_image","twitter_misc":{"Dur\u00e9e de lecture estim\u00e9e":"9 minutes"},"schema":{"@context":"https:\/\/schema.org","@graph":[{"@type":"WebPage","@id":"https:\/\/www.ibes.ch\/profi-messung-2\/magnetische-wechselfelder\/","url":"https:\/\/www.ibes.ch\/profi-messung-2\/magnetische-wechselfelder\/","name":"Les champs magn\u00e9tiques alternatifs et le corps - la s\u00e9cr\u00e9tion de m\u00e9latonine est affect\u00e9e","isPartOf":{"@id":"https:\/\/www.ibes.ch\/#website"},"datePublished":"2018-08-03T10:17:56+00:00","dateModified":"2023-08-09T09:38:37+00:00","description":"Des champs magn\u00e9tiques alternatifs s'\u00e9talent en \u00e9toile autour des appareils et des c\u00e2bles. Et peut affecter le corps humain, y compris la lib\u00e9ration de m\u00e9latonine.","breadcrumb":{"@id":"https:\/\/www.ibes.ch\/profi-messung-2\/magnetische-wechselfelder\/#breadcrumb"},"inLanguage":"fr-FR","potentialAction":[{"@type":"ReadAction","target":["https:\/\/www.ibes.ch\/profi-messung-2\/magnetische-wechselfelder\/"]}]},{"@type":"BreadcrumbList","@id":"https:\/\/www.ibes.ch\/profi-messung-2\/magnetische-wechselfelder\/#breadcrumb","itemListElement":[{"@type":"ListItem","position":1,"name":"Home","item":"https:\/\/www.ibes.ch\/"},{"@type":"ListItem","position":2,"name":"Profi-Messung","item":"https:\/\/www.ibes.ch\/profi-messung-2\/"},{"@type":"ListItem","position":3,"name":"Magnetische Wechselfelder"}]},{"@type":"WebSite","@id":"https:\/\/www.ibes.ch\/#website","url":"https:\/\/www.ibes.ch\/","name":"IBES","description":"IBES - Guide de l'\u00e9lectrosmog","potentialAction":[{"@type":"SearchAction","target":{"@type":"EntryPoint","urlTemplate":"https:\/\/www.ibes.ch\/?s={search_term_string}"},"query-input":{"@type":"PropertyValueSpecification","valueRequired":true,"valueName":"search_term_string"}}],"inLanguage":"fr-FR"}]}},"_links":{"self":[{"href":"https:\/\/www.ibes.ch\/fr\/wp-json\/wp\/v2\/pages\/8261","targetHints":{"allow":["GET"]}}],"collection":[{"href":"https:\/\/www.ibes.ch\/fr\/wp-json\/wp\/v2\/pages"}],"about":[{"href":"https:\/\/www.ibes.ch\/fr\/wp-json\/wp\/v2\/types\/page"}],"author":[{"embeddable":true,"href":"https:\/\/www.ibes.ch\/fr\/wp-json\/wp\/v2\/users\/3"}],"replies":[{"embeddable":true,"href":"https:\/\/www.ibes.ch\/fr\/wp-json\/wp\/v2\/comments?post=8261"}],"version-history":[{"count":5,"href":"https:\/\/www.ibes.ch\/fr\/wp-json\/wp\/v2\/pages\/8261\/revisions"}],"predecessor-version":[{"id":19639,"href":"https:\/\/www.ibes.ch\/fr\/wp-json\/wp\/v2\/pages\/8261\/revisions\/19639"}],"up":[{"embeddable":true,"href":"https:\/\/www.ibes.ch\/fr\/wp-json\/wp\/v2\/pages\/8245"}],"wp:attachment":[{"href":"https:\/\/www.ibes.ch\/fr\/wp-json\/wp\/v2\/media?parent=8261"}],"curies":[{"name":"wp","href":"https:\/\/api.w.org\/{rel}","templated":true}]}}