{"id":8259,"date":"2018-08-03T10:20:23","date_gmt":"2018-08-03T10:20:23","guid":{"rendered":"https:\/\/www.ibes.ch\/elektrische-gleichfelder\/"},"modified":"2021-10-15T14:40:13","modified_gmt":"2021-10-15T12:40:13","slug":"champs-electriques-continus","status":"publish","type":"page","link":"https:\/\/www.ibes.ch\/fr\/profi-messung-2\/elektrische-gleichfelder\/","title":{"rendered":"Champs \u00e9lectriques directs"},"content":{"rendered":"<div id='full_slider_1'  class='avia-fullwidth-slider main_color avia-shadow   avia-builder-el-0  el_before_av_submenu  avia-builder-el-first   container_wrap fullsize'  ><div  class='avia-slideshow av-jjzfucc8-6b7495e03559e5a17e8a0b978ac6ddc7 avia-slideshow-no scaling av_slideshow_full avia-slide-slider av-slideshow-ui av-control-default av-slideshow-manual av-loop-once av-loop-manual-endless av-default-height-applied   avia-slideshow-1' data-slideshow-options=\"{&quot;animation&quot;:&quot;slide&quot;,&quot;autoplay&quot;:false,&quot;loop_autoplay&quot;:&quot;once&quot;,&quot;interval&quot;:5,&quot;loop_manual&quot;:&quot;manual-endless&quot;,&quot;autoplay_stopper&quot;:false,&quot;noNavigation&quot;:false,&quot;bg_slider&quot;:false,&quot;keep_padding&quot;:false,&quot;hoverpause&quot;:false,&quot;show_slide_delay&quot;:0}\" ><ul class='avia-slideshow-inner' style='padding-bottom: 20%;'><li  class='avia-slideshow-slide av-jjzfucc8-6b7495e03559e5a17e8a0b978ac6ddc7__0  av-single-slide slide-1 slide-odd'><div data-rel='slideshow-1' class='avia-slide-wrap'   ><img decoding=\"async\" fetchpriority=\"high\" class=\"wp-image-3334 avia-img-lazy-loading-not-3334\"  src=\"https:\/\/www.ibes.ch\/wp-content\/uploads\/2018\/07\/ibes-elektrosmog-header-scaled.jpg\" width=\"2560\" height=\"512\" title='IBES - La vie sans \u00e9lectrosmog' alt='IBES - La vie sans \u00e9lectrosmog'  itemprop=\"thumbnailUrl\" srcset=\"https:\/\/www.ibes.ch\/wp-content\/uploads\/2018\/07\/ibes-elektrosmog-header-scaled.jpg 2560w, https:\/\/www.ibes.ch\/wp-content\/uploads\/2018\/07\/ibes-elektrosmog-header-600x120.jpg 600w, https:\/\/www.ibes.ch\/wp-content\/uploads\/2018\/07\/ibes-elektrosmog-header-300x60.jpg 300w, https:\/\/www.ibes.ch\/wp-content\/uploads\/2018\/07\/ibes-elektrosmog-header-768x154.jpg 768w, https:\/\/www.ibes.ch\/wp-content\/uploads\/2018\/07\/ibes-elektrosmog-header-1030x206.jpg 1030w, https:\/\/www.ibes.ch\/wp-content\/uploads\/2018\/07\/ibes-elektrosmog-header-1500x300.jpg 1500w, https:\/\/www.ibes.ch\/wp-content\/uploads\/2018\/07\/ibes-elektrosmog-header-705x141.jpg 705w\" sizes=\"(max-width: 2560px) 100vw, 2560px\" \/><\/div><\/li><\/ul><\/div><\/div>\n<div class='clear'><\/div><div id='sub_menu1'  class='av-submenu-container av-jkl3yhw1-796910f8ae1d85d0d3512f1f2f703d99 main_color  avia-builder-el-1  el_after_av_slideshow_full  el_before_av_section  av-sticky-submenu submenu-not-first container_wrap fullsize' style='z-index:301' ><div class='container av-menu-mobile-disabled av-submenu-pos-center'><ul id=\"menu-elektrische_felder_untermenue\" class=\"av-subnav-menu\" role=\"menu\"><li role=\"menuitem\" id=\"menu-item-9650\" class=\"menu-item menu-item-type-post_type menu-item-object-page menu-item-top-level menu-item-top-level-1\"><a href=\"https:\/\/www.ibes.ch\/fr\/profi-messung-2\/magnetische-wechselfelder\/\" itemprop=\"url\" tabindex=\"0\"><span class=\"avia-bullet\"><\/span><span class=\"avia-menu-text\">Champs magn\u00e9tiques alternatifs<\/span><span class=\"avia-menu-fx\"><span class=\"avia-arrow-wrap\"><span class=\"avia-arrow\"><\/span><\/span><\/span><\/a><\/li>\n<li role=\"menuitem\" id=\"menu-item-9651\" class=\"menu-item menu-item-type-post_type menu-item-object-page menu-item-top-level menu-item-top-level-2\"><a href=\"https:\/\/www.ibes.ch\/fr\/profi-messung-2\/schutz-vor-mikrowellen\/\" itemprop=\"url\" tabindex=\"0\"><span class=\"avia-bullet\"><\/span><span class=\"avia-menu-text\">Micro-ondes<\/span><span class=\"avia-menu-fx\"><span class=\"avia-arrow-wrap\"><span class=\"avia-arrow\"><\/span><\/span><\/span><\/a><\/li>\n<li role=\"menuitem\" id=\"menu-item-9652\" class=\"menu-item menu-item-type-post_type menu-item-object-page menu-item-top-level menu-item-top-level-3\"><a href=\"https:\/\/www.ibes.ch\/fr\/profi-messung-2\/magnetische-gleichfelder-schlafstoerungen\/\" itemprop=\"url\" tabindex=\"0\"><span class=\"avia-bullet\"><\/span><span class=\"avia-menu-text\">Champs magn\u00e9tiques directs<\/span><span class=\"avia-menu-fx\"><span class=\"avia-arrow-wrap\"><span class=\"avia-arrow\"><\/span><\/span><\/span><\/a><\/li>\n<li role=\"menuitem\" id=\"menu-item-9653\" class=\"menu-item menu-item-type-post_type menu-item-object-page menu-item-top-level menu-item-top-level-4\"><a href=\"https:\/\/www.ibes.ch\/fr\/profi-messung-2\/elektrische-gleichfelder\/\" itemprop=\"url\" tabindex=\"0\"><span class=\"avia-bullet\"><\/span><span class=\"avia-menu-text\">Champs \u00e9lectriques directs<\/span><span class=\"avia-menu-fx\"><span class=\"avia-arrow-wrap\"><span class=\"avia-arrow\"><\/span><\/span><\/span><\/a><\/li>\n<li role=\"menuitem\" id=\"menu-item-9654\" class=\"menu-item menu-item-type-post_type menu-item-object-page menu-item-top-level menu-item-top-level-5\"><a href=\"https:\/\/www.ibes.ch\/fr\/profi-messung-2\/schutz-vor-radioaktivitaet\/\" itemprop=\"url\" tabindex=\"0\"><span class=\"avia-bullet\"><\/span><span class=\"avia-menu-text\">Radioactivit\u00e9<\/span><span class=\"avia-menu-fx\"><span class=\"avia-arrow-wrap\"><span class=\"avia-arrow\"><\/span><\/span><\/span><\/a><\/li>\n<li role=\"menuitem\" id=\"menu-item-9655\" class=\"menu-item menu-item-type-post_type menu-item-object-page menu-item-top-level menu-item-top-level-6\"><a href=\"https:\/\/www.ibes.ch\/fr\/profi-messung-2\/lichtemissionen\/\" itemprop=\"url\" tabindex=\"0\"><span class=\"avia-bullet\"><\/span><span class=\"avia-menu-text\">\u00c9missions lumineuses<\/span><span class=\"avia-menu-fx\"><span class=\"avia-arrow-wrap\"><span class=\"avia-arrow\"><\/span><\/span><\/span><\/a><\/li>\n<li role=\"menuitem\" id=\"menu-item-9656\" class=\"menu-item menu-item-type-post_type menu-item-object-page menu-item-top-level menu-item-top-level-7\"><a href=\"https:\/\/www.ibes.ch\/fr\/profi-messung-2\/elektrostatische-aufladung\/\" itemprop=\"url\" tabindex=\"0\"><span class=\"avia-bullet\"><\/span><span class=\"avia-menu-text\">Charge \u00e9lectrostatique<\/span><span class=\"avia-menu-fx\"><span class=\"avia-arrow-wrap\"><span class=\"avia-arrow\"><\/span><\/span><\/span><\/a><\/li>\n<\/ul><\/div><\/div><div class='sticky_placeholder'><\/div>\n<div id='av_section_1'  class='avia-section av-jjzgjy94-535fc938f73d54e38e18c9f5b93283ba main_color avia-section-large avia-no-border-styling  avia-builder-el-2  el_after_av_submenu  el_before_av_section  avia-bg-style-scroll container_wrap fullsize'  ><div class='container av-section-cont-open' ><div class='template-page content  av-content-full alpha units'><div class='post-entry post-entry-type-page post-entry-8259'><div class='entry-content-wrapper clearfix'>\n\n<style type=\"text\/css\" data-created_by=\"avia_inline_auto\" id=\"style-css-av-jkl3zst0-4039c06acb583c254b802c4f09e475f5\">\n#top .av-special-heading.av-jkl3zst0-4039c06acb583c254b802c4f09e475f5{\npadding-bottom:19px;\n}\nbody .av-special-heading.av-jkl3zst0-4039c06acb583c254b802c4f09e475f5 .av-special-heading-tag .heading-char{\nfont-size:25px;\n}\n.av-special-heading.av-jkl3zst0-4039c06acb583c254b802c4f09e475f5 .av-subheading{\nfont-size:20px;\n}\n<\/style>\n<div  class='av-special-heading av-jkl3zst0-4039c06acb583c254b802c4f09e475f5 av-special-heading-h1 blockquote modern-quote modern-centered  avia-builder-el-3  el_before_av_hr  avia-builder-el-first'><h1 class='av-special-heading-tag'  itemprop=\"headline\"  > Les champs \u00e9lectriques directs et l'\u00eatre humain<\/h1><div class='av-subheading av-subheading_below'><p>Les champs \u00e9lectriques directs peuvent provoquer des interf\u00e9rences<\/p>\n<\/div><div class=\"special-heading-border\"><div class=\"special-heading-inner-border\"><\/div><\/div><\/div>\n<div  class='hr av-aue7n2-e30d11672c1926c4b838dbe0728bd62f hr-short  avia-builder-el-4  el_after_av_heading  el_before_av_one_third  hr-center'><span class='hr-inner'><span class=\"hr-inner-style\"><\/span><\/span><\/div>\n\n<style type=\"text\/css\" data-created_by=\"avia_inline_auto\" id=\"style-css-av-942rr2-2eb0e8bb4cae607c59be1a88a2974a0a\">\n#top .flex_column.av-942rr2-2eb0e8bb4cae607c59be1a88a2974a0a{\nmargin-top:25px;\nmargin-bottom:0px;\n}\n.flex_column.av-942rr2-2eb0e8bb4cae607c59be1a88a2974a0a{\nborder-radius:0px 0px 0px 0px;\npadding:0px 0px 0px 0px;\n}\n.responsive #top #wrap_all .flex_column.av-942rr2-2eb0e8bb4cae607c59be1a88a2974a0a{\nmargin-top:25px;\nmargin-bottom:0px;\n}\n<\/style>\n<div  class='flex_column av-942rr2-2eb0e8bb4cae607c59be1a88a2974a0a av_one_third  avia-builder-el-5  el_after_av_hr  el_before_av_one_third  first flex_column_div av-animated-generic left-to-right av-zero-column-padding'     ><p>\n<style type=\"text\/css\" data-created_by=\"avia_inline_auto\" id=\"style-css-av-jklcumbs-331b15b476af73523dda4bb9bc2540b4\">\n#top .av-special-heading.av-jklcumbs-331b15b476af73523dda4bb9bc2540b4{\npadding-bottom:10px;\n}\nbody .av-special-heading.av-jklcumbs-331b15b476af73523dda4bb9bc2540b4 .av-special-heading-tag .heading-char{\nfont-size:25px;\n}\n.av-special-heading.av-jklcumbs-331b15b476af73523dda4bb9bc2540b4 .av-subheading{\nfont-size:15px;\n}\n<\/style>\n<div  class='av-special-heading av-jklcumbs-331b15b476af73523dda4bb9bc2540b4 av-special-heading-h3 blockquote modern-quote  avia-builder-el-6  el_before_av_textblock  avia-builder-el-first'><h3 class='av-special-heading-tag'  itemprop=\"headline\"  >Courant de p\u00e9r\u00e9quation<\/h3><div class=\"special-heading-border\"><div class=\"special-heading-inner-border\"><\/div><\/div><\/div><br \/>\n<section  class='av_textblock_section av-jk8f3xo3-8ce38b0e8c6dc392eccc155cfd78d4d3'   itemscope=\"itemscope\" itemtype=\"https:\/\/schema.org\/CreativeWork\" ><div class='avia_textblock'  itemprop=\"text\" ><p>L'humidit\u00e9 de l'air et la conductivit\u00e9 sp\u00e9cifique des mat\u00e9riaux ont une influence importante sur la propagation de ces champs. Lorsque l'on touche une poign\u00e9e de porte, une porti\u00e8re de voiture ou un robinet d'eau, un courant d'\u00e9galisation d\u00e9sagr\u00e9able, la d\u00e9charge, se produit.<\/p>\n<\/div><\/section><\/p><\/div>\n<style type=\"text\/css\" data-created_by=\"avia_inline_auto\" id=\"style-css-av-942rr2-db856c1baad582b020d56e6e2605952e\">\n#top .flex_column.av-942rr2-db856c1baad582b020d56e6e2605952e{\nmargin-top:25px;\nmargin-bottom:0px;\n}\n.flex_column.av-942rr2-db856c1baad582b020d56e6e2605952e{\nborder-radius:0px 0px 0px 0px;\npadding:0px 0px 0px 0px;\n}\n.responsive #top #wrap_all .flex_column.av-942rr2-db856c1baad582b020d56e6e2605952e{\nmargin-top:25px;\nmargin-bottom:0px;\n}\n<\/style>\n<div  class='flex_column av-942rr2-db856c1baad582b020d56e6e2605952e av_one_third  avia-builder-el-8  el_after_av_one_third  el_before_av_one_third  flex_column_div av-animated-generic right-to-left av-zero-column-padding'     ><p>\n<style type=\"text\/css\" data-created_by=\"avia_inline_auto\" id=\"style-css-av-jklcv37j-a988f87e84617c1155977500a2e0166f\">\n#top .av-special-heading.av-jklcv37j-a988f87e84617c1155977500a2e0166f{\npadding-bottom:10px;\n}\nbody .av-special-heading.av-jklcv37j-a988f87e84617c1155977500a2e0166f .av-special-heading-tag .heading-char{\nfont-size:25px;\n}\n.av-special-heading.av-jklcv37j-a988f87e84617c1155977500a2e0166f .av-subheading{\nfont-size:15px;\n}\n<\/style>\n<div  class='av-special-heading av-jklcv37j-a988f87e84617c1155977500a2e0166f av-special-heading-h3 blockquote modern-quote  avia-builder-el-9  el_before_av_textblock  avia-builder-el-first'><h3 class='av-special-heading-tag'  itemprop=\"headline\"  >Perturbations<\/h3><div class=\"special-heading-border\"><div class=\"special-heading-inner-border\"><\/div><\/div><\/div><br \/>\n<section  class='av_textblock_section av-jk8f3xo3-8ce38b0e8c6dc392eccc155cfd78d4d3'   itemscope=\"itemscope\" itemtype=\"https:\/\/schema.org\/CreativeWork\" ><div class='avia_textblock'  itemprop=\"text\" ><p>Ces charges peuvent \u00e9galement s'accumuler directement sur le corps \u00e0 travers les v\u00eatements. Le courant d'\u00e9galisation provoque des effets de choc dont la force peut \u00eatre de l'ordre de grandeur des courants de stimulation du c\u0153ur. Les champs \u00e9lectriques directs peuvent donc provoquer des perturbations chez l'homme.<\/p>\n<\/div><\/section><\/p><\/div>\n<style type=\"text\/css\" data-created_by=\"avia_inline_auto\" id=\"style-css-av-942rr2-db856c1baad582b020d56e6e2605952e\">\n#top .flex_column.av-942rr2-db856c1baad582b020d56e6e2605952e{\nmargin-top:25px;\nmargin-bottom:0px;\n}\n.flex_column.av-942rr2-db856c1baad582b020d56e6e2605952e{\nborder-radius:0px 0px 0px 0px;\npadding:0px 0px 0px 0px;\n}\n.responsive #top #wrap_all .flex_column.av-942rr2-db856c1baad582b020d56e6e2605952e{\nmargin-top:25px;\nmargin-bottom:0px;\n}\n<\/style>\n<div  class='flex_column av-942rr2-db856c1baad582b020d56e6e2605952e av_one_third  avia-builder-el-11  el_after_av_one_third  avia-builder-el-last  flex_column_div av-animated-generic right-to-left av-zero-column-padding'     ><p>\n<style type=\"text\/css\" data-created_by=\"avia_inline_auto\" id=\"style-css-av-jklcvcx5-4d631b73d5cd81bec075c99c04a48e50\">\n#top .av-special-heading.av-jklcvcx5-4d631b73d5cd81bec075c99c04a48e50{\npadding-bottom:10px;\n}\nbody .av-special-heading.av-jklcvcx5-4d631b73d5cd81bec075c99c04a48e50 .av-special-heading-tag .heading-char{\nfont-size:25px;\n}\n.av-special-heading.av-jklcvcx5-4d631b73d5cd81bec075c99c04a48e50 .av-subheading{\nfont-size:15px;\n}\n<\/style>\n<div  class='av-special-heading av-jklcvcx5-4d631b73d5cd81bec075c99c04a48e50 av-special-heading-h3 blockquote modern-quote  avia-builder-el-12  el_before_av_textblock  avia-builder-el-first'><h3 class='av-special-heading-tag'  itemprop=\"headline\"  >Direction du champ terrestre<\/h3><div class=\"special-heading-border\"><div class=\"special-heading-inner-border\"><\/div><\/div><\/div><br \/>\n<section  class='av_textblock_section av-jk8f3xo3-8ce38b0e8c6dc392eccc155cfd78d4d3'   itemscope=\"itemscope\" itemtype=\"https:\/\/schema.org\/CreativeWork\" ><div class='avia_textblock'  itemprop=\"text\" ><p>Les diff\u00e9rentes charges dans les espaces de vie modernes entra\u00eenent une inversion de la direction naturelle du champ terrestre. Cela provoque une r\u00e9action de peur ou de stress, comme on l'observe chez les animaux.<\/p>\n<\/div><\/section><\/p><\/div>\n\n<\/div><\/div><\/div><!-- close content main div --><\/div><\/div><div id='av_section_2'  class='avia-section av-jk0xkvmy-89809b5944c1c6d4098fc1445e315e31 alternate_color avia-section-large avia-no-shadow  avia-builder-el-14  el_after_av_section  el_before_av_section  avia-bg-style-scroll container_wrap fullsize'  ><div class='container av-section-cont-open' ><div class='template-page content  av-content-full alpha units'><div class='post-entry post-entry-type-page post-entry-8259'><div class='entry-content-wrapper clearfix'>\n\n<style type=\"text\/css\" data-created_by=\"avia_inline_auto\" id=\"style-css-av-jk9oknfc-fbab2f0a7f44762c446acd2d16747db4\">\n.flex_column.av-jk9oknfc-fbab2f0a7f44762c446acd2d16747db4{\nborder-radius:0px 0px 0px 0px;\npadding:0px 0px 0px 0px;\n}\n<\/style>\n<div  class='flex_column av-jk9oknfc-fbab2f0a7f44762c446acd2d16747db4 av_one_full  avia-builder-el-15  avia-builder-el-no-sibling  first flex_column_div av-animated-generic pop-up av-zero-column-padding'     ><p><article  class='iconbox iconbox_top av-2vpkpl-79b56c5b10bc577fa6a6bcc5e082e682  avia-builder-el-16  el_before_av_button  avia-builder-el-first  main_color'  itemscope=\"itemscope\" itemtype=\"https:\/\/schema.org\/CreativeWork\" ><div class=\"iconbox_content\"><header class=\"entry-content-header\" aria-label=\"Ic\u00f4ne : Mesurez vous-m\u00eame !\"><div class='iconbox_icon heading-color avia-iconfont avia-font-entypo-fontello' data-av_icon='\ue82b' data-av_iconfont='entypo-fontello'  ><\/div><h3 class='iconbox_content_title'  itemprop=\"headline\" >Mesurez-vous !<\/h3><\/header><div class='iconbox_content_container'  itemprop=\"text\" ><p>Pour la premi\u00e8re fois, un appareil de mesure de l'\u00e9lectrosmog recommand\u00e9 par l'IBES est disponible, avec lequel vous pouvez tester vous-m\u00eame si les appareils \u00e9lectriques diffusent de l'\u00e9lectrosmog - sur le lieu de travail ou \u00e0 la maison.<\/p>\n<\/div><\/div><footer class=\"entry-footer\"><\/footer><\/article><br \/>\n<div  class='avia-button-wrap av-jk9ok1as-28ef4b3caa28be5f6f31ba6035b19ee4-wrap avia-button-center  avia-builder-el-17  el_after_av_icon_box  avia-builder-el-last'><a href='https:\/\/www.ibes.ch\/fr\/gesundheitsprobleme\/'  class='avia-button av-jk9ok1as-28ef4b3caa28be5f6f31ba6035b19ee4 av-link-btn avia-icon_select-yes-right-icon avia-size-large avia-position-center avia-color-theme-color'   aria-label=\"Des probl\u00e8mes de sant\u00e9 ?\"><span class='avia_iconbox_title' >Des probl\u00e8mes de sant\u00e9 ?<\/span><span class='avia_button_icon avia_button_icon_right avia-iconfont avia-font-entypo-fontello' data-av_icon='\ue832' data-av_iconfont='entypo-fontello' ><\/span><\/a><\/div><\/p><\/div>\n\n<\/div><\/div><\/div><!-- close content main div --><\/div><\/div><div id='av_section_3'  class='avia-section av-jkvbv21t-525b01f5800aac4689f847291961a0fd main_color avia-section-small avia-no-shadow  avia-builder-el-18  el_after_av_section  avia-builder-el-last  avia-bg-style-scroll container_wrap fullsize'  ><div class='container av-section-cont-open' ><div class='template-page content  av-content-full alpha units'><div class='post-entry post-entry-type-page post-entry-8259'><div class='entry-content-wrapper clearfix'>","protected":false},"excerpt":{"rendered":"","protected":false},"author":3,"featured_media":0,"parent":8245,"menu_order":4,"comment_status":"closed","ping_status":"closed","template":"","meta":{"_acf_changed":false,"footnotes":""},"class_list":["post-8259","page","type-page","status-publish","hentry"],"acf":[],"yoast_head":"<!-- This site is optimized with the Yoast SEO plugin v27.5 - https:\/\/yoast.com\/product\/yoast-seo-wordpress\/ -->\n<title>Elektrische Gleichfelder \u2013 Ladungen und St\u00f6rungen durch Ausgleichsstrom<\/title>\n<meta name=\"description\" content=\"Sie k\u00f6nnen vor allem in Wohnr\u00e4umen auftreten: Elektrische Gleichfelder. Sie k\u00f6nnen die Gesundheit des Menschen beeintr\u00e4chtigen durch Ladungen und St\u00f6rungen durch Ausgleichsstrom.\" \/>\n<meta name=\"robots\" content=\"index, follow, max-snippet:-1, max-image-preview:large, max-video-preview:-1\" \/>\n<link rel=\"canonical\" href=\"https:\/\/www.ibes.ch\/fr\/mesure-profi-2\/champs-electriques-continus\/\" \/>\n<meta property=\"og:locale\" content=\"fr_FR\" \/>\n<meta property=\"og:type\" content=\"article\" \/>\n<meta property=\"og:title\" content=\"Elektrische Gleichfelder \u2013 Ladungen und St\u00f6rungen durch Ausgleichsstrom\" \/>\n<meta property=\"og:description\" content=\"Sie k\u00f6nnen vor allem in Wohnr\u00e4umen auftreten: Elektrische Gleichfelder. Sie k\u00f6nnen die Gesundheit des Menschen beeintr\u00e4chtigen durch Ladungen und St\u00f6rungen durch Ausgleichsstrom.\" \/>\n<meta property=\"og:url\" content=\"https:\/\/www.ibes.ch\/fr\/mesure-profi-2\/champs-electriques-continus\/\" \/>\n<meta property=\"og:site_name\" content=\"IBES\" \/>\n<meta property=\"article:modified_time\" content=\"2021-10-15T12:40:13+00:00\" \/>\n<meta name=\"twitter:card\" content=\"summary_large_image\" \/>\n<meta name=\"twitter:label1\" content=\"Dur\u00e9e de lecture estim\u00e9e\" \/>\n\t<meta name=\"twitter:data1\" content=\"7 minutes\" \/>\n<script type=\"application\/ld+json\" class=\"yoast-schema-graph\">{\"@context\":\"https:\\\/\\\/schema.org\",\"@graph\":[{\"@type\":\"WebPage\",\"@id\":\"https:\\\/\\\/www.ibes.ch\\\/profi-messung-2\\\/elektrische-gleichfelder\\\/\",\"url\":\"https:\\\/\\\/www.ibes.ch\\\/profi-messung-2\\\/elektrische-gleichfelder\\\/\",\"name\":\"Elektrische Gleichfelder \u2013 Ladungen und St\u00f6rungen durch Ausgleichsstrom\",\"isPartOf\":{\"@id\":\"https:\\\/\\\/www.ibes.ch\\\/#website\"},\"datePublished\":\"2018-08-03T10:20:23+00:00\",\"dateModified\":\"2021-10-15T12:40:13+00:00\",\"description\":\"Sie k\u00f6nnen vor allem in Wohnr\u00e4umen auftreten: Elektrische Gleichfelder. Sie k\u00f6nnen die Gesundheit des Menschen beeintr\u00e4chtigen durch Ladungen und St\u00f6rungen durch Ausgleichsstrom.\",\"breadcrumb\":{\"@id\":\"https:\\\/\\\/www.ibes.ch\\\/profi-messung-2\\\/elektrische-gleichfelder\\\/#breadcrumb\"},\"inLanguage\":\"fr-FR\",\"potentialAction\":[{\"@type\":\"ReadAction\",\"target\":[\"https:\\\/\\\/www.ibes.ch\\\/profi-messung-2\\\/elektrische-gleichfelder\\\/\"]}]},{\"@type\":\"BreadcrumbList\",\"@id\":\"https:\\\/\\\/www.ibes.ch\\\/profi-messung-2\\\/elektrische-gleichfelder\\\/#breadcrumb\",\"itemListElement\":[{\"@type\":\"ListItem\",\"position\":1,\"name\":\"Home\",\"item\":\"https:\\\/\\\/www.ibes.ch\\\/\"},{\"@type\":\"ListItem\",\"position\":2,\"name\":\"Profi-Messung\",\"item\":\"https:\\\/\\\/www.ibes.ch\\\/profi-messung-2\\\/\"},{\"@type\":\"ListItem\",\"position\":3,\"name\":\"Elektrische Gleichfelder\"}]},{\"@type\":\"WebSite\",\"@id\":\"https:\\\/\\\/www.ibes.ch\\\/#website\",\"url\":\"https:\\\/\\\/www.ibes.ch\\\/\",\"name\":\"IBES\",\"description\":\"IBES - Ratgeber f\u00fcr Elektrosmog\",\"potentialAction\":[{\"@type\":\"SearchAction\",\"target\":{\"@type\":\"EntryPoint\",\"urlTemplate\":\"https:\\\/\\\/www.ibes.ch\\\/?s={search_term_string}\"},\"query-input\":{\"@type\":\"PropertyValueSpecification\",\"valueRequired\":true,\"valueName\":\"search_term_string\"}}],\"inLanguage\":\"fr-FR\"}]}<\/script>\n<!-- \/ Yoast SEO plugin. -->","yoast_head_json":{"title":"Champs \u00e9lectriques directs - Charges et perturbations dues au courant d'\u00e9galisation","description":"Ils peuvent se produire notamment dans les espaces de vie : Champs \u00e9lectriques directs. Ils peuvent affecter la sant\u00e9 humaine en raison des charges et des perturbations caus\u00e9es par le courant de compensation.","robots":{"index":"index","follow":"follow","max-snippet":"max-snippet:-1","max-image-preview":"max-image-preview:large","max-video-preview":"max-video-preview:-1"},"canonical":"https:\/\/www.ibes.ch\/fr\/mesure-profi-2\/champs-electriques-continus\/","og_locale":"fr_FR","og_type":"article","og_title":"Elektrische Gleichfelder \u2013 Ladungen und St\u00f6rungen durch Ausgleichsstrom","og_description":"Sie k\u00f6nnen vor allem in Wohnr\u00e4umen auftreten: Elektrische Gleichfelder. Sie k\u00f6nnen die Gesundheit des Menschen beeintr\u00e4chtigen durch Ladungen und St\u00f6rungen durch Ausgleichsstrom.","og_url":"https:\/\/www.ibes.ch\/fr\/mesure-profi-2\/champs-electriques-continus\/","og_site_name":"IBES","article_modified_time":"2021-10-15T12:40:13+00:00","twitter_card":"summary_large_image","twitter_misc":{"Dur\u00e9e de lecture estim\u00e9e":"7 minutes"},"schema":{"@context":"https:\/\/schema.org","@graph":[{"@type":"WebPage","@id":"https:\/\/www.ibes.ch\/profi-messung-2\/elektrische-gleichfelder\/","url":"https:\/\/www.ibes.ch\/profi-messung-2\/elektrische-gleichfelder\/","name":"Champs \u00e9lectriques directs - Charges et perturbations dues au courant d'\u00e9galisation","isPartOf":{"@id":"https:\/\/www.ibes.ch\/#website"},"datePublished":"2018-08-03T10:20:23+00:00","dateModified":"2021-10-15T12:40:13+00:00","description":"Ils peuvent se produire notamment dans les espaces de vie : Champs \u00e9lectriques directs. Ils peuvent affecter la sant\u00e9 humaine en raison des charges et des perturbations caus\u00e9es par le courant de compensation.","breadcrumb":{"@id":"https:\/\/www.ibes.ch\/profi-messung-2\/elektrische-gleichfelder\/#breadcrumb"},"inLanguage":"fr-FR","potentialAction":[{"@type":"ReadAction","target":["https:\/\/www.ibes.ch\/profi-messung-2\/elektrische-gleichfelder\/"]}]},{"@type":"BreadcrumbList","@id":"https:\/\/www.ibes.ch\/profi-messung-2\/elektrische-gleichfelder\/#breadcrumb","itemListElement":[{"@type":"ListItem","position":1,"name":"Home","item":"https:\/\/www.ibes.ch\/"},{"@type":"ListItem","position":2,"name":"Profi-Messung","item":"https:\/\/www.ibes.ch\/profi-messung-2\/"},{"@type":"ListItem","position":3,"name":"Elektrische Gleichfelder"}]},{"@type":"WebSite","@id":"https:\/\/www.ibes.ch\/#website","url":"https:\/\/www.ibes.ch\/","name":"IBES","description":"IBES - Guide de l'\u00e9lectrosmog","potentialAction":[{"@type":"SearchAction","target":{"@type":"EntryPoint","urlTemplate":"https:\/\/www.ibes.ch\/?s={search_term_string}"},"query-input":{"@type":"PropertyValueSpecification","valueRequired":true,"valueName":"search_term_string"}}],"inLanguage":"fr-FR"}]}},"_links":{"self":[{"href":"https:\/\/www.ibes.ch\/fr\/wp-json\/wp\/v2\/pages\/8259","targetHints":{"allow":["GET"]}}],"collection":[{"href":"https:\/\/www.ibes.ch\/fr\/wp-json\/wp\/v2\/pages"}],"about":[{"href":"https:\/\/www.ibes.ch\/fr\/wp-json\/wp\/v2\/types\/page"}],"author":[{"embeddable":true,"href":"https:\/\/www.ibes.ch\/fr\/wp-json\/wp\/v2\/users\/3"}],"replies":[{"embeddable":true,"href":"https:\/\/www.ibes.ch\/fr\/wp-json\/wp\/v2\/comments?post=8259"}],"version-history":[{"count":5,"href":"https:\/\/www.ibes.ch\/fr\/wp-json\/wp\/v2\/pages\/8259\/revisions"}],"predecessor-version":[{"id":18093,"href":"https:\/\/www.ibes.ch\/fr\/wp-json\/wp\/v2\/pages\/8259\/revisions\/18093"}],"up":[{"embeddable":true,"href":"https:\/\/www.ibes.ch\/fr\/wp-json\/wp\/v2\/pages\/8245"}],"wp:attachment":[{"href":"https:\/\/www.ibes.ch\/fr\/wp-json\/wp\/v2\/media?parent=8259"}],"curies":[{"name":"wp","href":"https:\/\/api.w.org\/{rel}","templated":true}]}}