{"id":8257,"date":"2018-08-03T10:21:49","date_gmt":"2018-08-03T10:21:49","guid":{"rendered":"https:\/\/www.ibes.ch\/schutz-vor-radioaktivitaet\/"},"modified":"2021-10-15T14:40:56","modified_gmt":"2021-10-15T12:40:56","slug":"protection-contre-la-radioactivite","status":"publish","type":"page","link":"https:\/\/www.ibes.ch\/fr\/profi-messung-2\/schutz-vor-radioaktivitaet\/","title":{"rendered":"Protection contre la radioactivit\u00e9"},"content":{"rendered":"<div id='full_slider_1'  class='avia-fullwidth-slider main_color avia-shadow   avia-builder-el-0  el_before_av_submenu  avia-builder-el-first   container_wrap fullsize'  ><div  class='avia-slideshow av-jjzfucc8-6b7495e03559e5a17e8a0b978ac6ddc7 avia-slideshow-no scaling av_slideshow_full avia-slide-slider av-slideshow-ui av-control-default av-slideshow-manual av-loop-once av-loop-manual-endless av-default-height-applied   avia-slideshow-1' data-slideshow-options=\"{&quot;animation&quot;:&quot;slide&quot;,&quot;autoplay&quot;:false,&quot;loop_autoplay&quot;:&quot;once&quot;,&quot;interval&quot;:5,&quot;loop_manual&quot;:&quot;manual-endless&quot;,&quot;autoplay_stopper&quot;:false,&quot;noNavigation&quot;:false,&quot;bg_slider&quot;:false,&quot;keep_padding&quot;:false,&quot;hoverpause&quot;:false,&quot;show_slide_delay&quot;:0}\" ><ul class='avia-slideshow-inner' style='padding-bottom: 20%;'><li  class='avia-slideshow-slide av-jjzfucc8-6b7495e03559e5a17e8a0b978ac6ddc7__0  av-single-slide slide-1 slide-odd'><div data-rel='slideshow-1' class='avia-slide-wrap'   ><img decoding=\"async\" fetchpriority=\"high\" class=\"wp-image-3334 avia-img-lazy-loading-not-3334\"  src=\"https:\/\/www.ibes.ch\/wp-content\/uploads\/2018\/07\/ibes-elektrosmog-header-scaled.jpg\" width=\"2560\" height=\"512\" title='IBES - La vie sans \u00e9lectrosmog' alt='IBES - La vie sans \u00e9lectrosmog'  itemprop=\"thumbnailUrl\" srcset=\"https:\/\/www.ibes.ch\/wp-content\/uploads\/2018\/07\/ibes-elektrosmog-header-scaled.jpg 2560w, https:\/\/www.ibes.ch\/wp-content\/uploads\/2018\/07\/ibes-elektrosmog-header-600x120.jpg 600w, https:\/\/www.ibes.ch\/wp-content\/uploads\/2018\/07\/ibes-elektrosmog-header-300x60.jpg 300w, https:\/\/www.ibes.ch\/wp-content\/uploads\/2018\/07\/ibes-elektrosmog-header-768x154.jpg 768w, https:\/\/www.ibes.ch\/wp-content\/uploads\/2018\/07\/ibes-elektrosmog-header-1030x206.jpg 1030w, https:\/\/www.ibes.ch\/wp-content\/uploads\/2018\/07\/ibes-elektrosmog-header-1500x300.jpg 1500w, https:\/\/www.ibes.ch\/wp-content\/uploads\/2018\/07\/ibes-elektrosmog-header-705x141.jpg 705w\" sizes=\"(max-width: 2560px) 100vw, 2560px\" \/><\/div><\/li><\/ul><\/div><\/div>\n<div class='clear'><\/div><div id='sub_menu1'  class='av-submenu-container av-jkmcl90z-29111b4c8cad21831fbbb7e5f4129ea4 main_color  avia-builder-el-1  el_after_av_slideshow_full  el_before_av_section  av-sticky-submenu submenu-not-first container_wrap fullsize' style='z-index:301' ><div class='container av-menu-mobile-disabled av-submenu-pos-center'><ul id=\"menu-elektrische_felder_untermenue\" class=\"av-subnav-menu\" role=\"menu\"><li role=\"menuitem\" id=\"menu-item-9650\" class=\"menu-item menu-item-type-post_type menu-item-object-page menu-item-top-level menu-item-top-level-1\"><a href=\"https:\/\/www.ibes.ch\/fr\/profi-messung-2\/magnetische-wechselfelder\/\" itemprop=\"url\" tabindex=\"0\"><span class=\"avia-bullet\"><\/span><span class=\"avia-menu-text\">Champs magn\u00e9tiques alternatifs<\/span><span class=\"avia-menu-fx\"><span class=\"avia-arrow-wrap\"><span class=\"avia-arrow\"><\/span><\/span><\/span><\/a><\/li>\n<li role=\"menuitem\" id=\"menu-item-9651\" class=\"menu-item menu-item-type-post_type menu-item-object-page menu-item-top-level menu-item-top-level-2\"><a href=\"https:\/\/www.ibes.ch\/fr\/profi-messung-2\/schutz-vor-mikrowellen\/\" itemprop=\"url\" tabindex=\"0\"><span class=\"avia-bullet\"><\/span><span class=\"avia-menu-text\">Micro-ondes<\/span><span class=\"avia-menu-fx\"><span class=\"avia-arrow-wrap\"><span class=\"avia-arrow\"><\/span><\/span><\/span><\/a><\/li>\n<li role=\"menuitem\" id=\"menu-item-9652\" class=\"menu-item menu-item-type-post_type menu-item-object-page menu-item-top-level menu-item-top-level-3\"><a href=\"https:\/\/www.ibes.ch\/fr\/profi-messung-2\/magnetische-gleichfelder-schlafstoerungen\/\" itemprop=\"url\" tabindex=\"0\"><span class=\"avia-bullet\"><\/span><span class=\"avia-menu-text\">Champs magn\u00e9tiques directs<\/span><span class=\"avia-menu-fx\"><span class=\"avia-arrow-wrap\"><span class=\"avia-arrow\"><\/span><\/span><\/span><\/a><\/li>\n<li role=\"menuitem\" id=\"menu-item-9653\" class=\"menu-item menu-item-type-post_type menu-item-object-page menu-item-top-level menu-item-top-level-4\"><a href=\"https:\/\/www.ibes.ch\/fr\/profi-messung-2\/elektrische-gleichfelder\/\" itemprop=\"url\" tabindex=\"0\"><span class=\"avia-bullet\"><\/span><span class=\"avia-menu-text\">Champs \u00e9lectriques directs<\/span><span class=\"avia-menu-fx\"><span class=\"avia-arrow-wrap\"><span class=\"avia-arrow\"><\/span><\/span><\/span><\/a><\/li>\n<li role=\"menuitem\" id=\"menu-item-9654\" class=\"menu-item menu-item-type-post_type menu-item-object-page menu-item-top-level menu-item-top-level-5\"><a href=\"https:\/\/www.ibes.ch\/fr\/profi-messung-2\/schutz-vor-radioaktivitaet\/\" itemprop=\"url\" tabindex=\"0\"><span class=\"avia-bullet\"><\/span><span class=\"avia-menu-text\">Radioactivit\u00e9<\/span><span class=\"avia-menu-fx\"><span class=\"avia-arrow-wrap\"><span class=\"avia-arrow\"><\/span><\/span><\/span><\/a><\/li>\n<li role=\"menuitem\" id=\"menu-item-9655\" class=\"menu-item menu-item-type-post_type menu-item-object-page menu-item-top-level menu-item-top-level-6\"><a href=\"https:\/\/www.ibes.ch\/fr\/profi-messung-2\/lichtemissionen\/\" itemprop=\"url\" tabindex=\"0\"><span class=\"avia-bullet\"><\/span><span class=\"avia-menu-text\">\u00c9missions lumineuses<\/span><span class=\"avia-menu-fx\"><span class=\"avia-arrow-wrap\"><span class=\"avia-arrow\"><\/span><\/span><\/span><\/a><\/li>\n<li role=\"menuitem\" id=\"menu-item-9656\" class=\"menu-item menu-item-type-post_type menu-item-object-page menu-item-top-level menu-item-top-level-7\"><a href=\"https:\/\/www.ibes.ch\/fr\/profi-messung-2\/elektrostatische-aufladung\/\" itemprop=\"url\" tabindex=\"0\"><span class=\"avia-bullet\"><\/span><span class=\"avia-menu-text\">Charge \u00e9lectrostatique<\/span><span class=\"avia-menu-fx\"><span class=\"avia-arrow-wrap\"><span class=\"avia-arrow\"><\/span><\/span><\/span><\/a><\/li>\n<\/ul><\/div><\/div><div class='sticky_placeholder'><\/div>\n<div id='av_section_1'  class='avia-section av-jjzgjy94-535fc938f73d54e38e18c9f5b93283ba main_color avia-section-large avia-no-border-styling  avia-builder-el-2  el_after_av_submenu  el_before_av_section  avia-bg-style-scroll container_wrap fullsize'  ><div class='container av-section-cont-open' ><div class='template-page content  av-content-full alpha units'><div class='post-entry post-entry-type-page post-entry-8257'><div class='entry-content-wrapper clearfix'>\n\n<style type=\"text\/css\" data-created_by=\"avia_inline_auto\" id=\"style-css-av-5p040r-b4e9ddd24268cd5648be906a2f135129\">\n#top .av-special-heading.av-5p040r-b4e9ddd24268cd5648be906a2f135129{\npadding-bottom:19px;\n}\nbody .av-special-heading.av-5p040r-b4e9ddd24268cd5648be906a2f135129 .av-special-heading-tag .heading-char{\nfont-size:25px;\n}\n.av-special-heading.av-5p040r-b4e9ddd24268cd5648be906a2f135129 .av-subheading{\nfont-size:20px;\n}\n<\/style>\n<div  class='av-special-heading av-5p040r-b4e9ddd24268cd5648be906a2f135129 av-special-heading-h1 blockquote modern-quote modern-centered  avia-builder-el-3  el_before_av_hr  avia-builder-el-first'><h1 class='av-special-heading-tag'  itemprop=\"headline\"  >Radioactivit\u00e9 et radon<\/h1><div class='av-subheading av-subheading_below'><p>Protection contre la radioactivit\u00e9<\/p>\n<\/div><div class=\"special-heading-border\"><div class=\"special-heading-inner-border\"><\/div><\/div><\/div>\n<div  class='hr av-aue7n2-e30d11672c1926c4b838dbe0728bd62f hr-short  avia-builder-el-4  el_after_av_heading  el_before_av_one_half  hr-center'><span class='hr-inner'><span class=\"hr-inner-style\"><\/span><\/span><\/div>\n\n<style type=\"text\/css\" data-created_by=\"avia_inline_auto\" id=\"style-css-av-942rr2-2eb0e8bb4cae607c59be1a88a2974a0a\">\n#top .flex_column.av-942rr2-2eb0e8bb4cae607c59be1a88a2974a0a{\nmargin-top:25px;\nmargin-bottom:0px;\n}\n.flex_column.av-942rr2-2eb0e8bb4cae607c59be1a88a2974a0a{\nborder-radius:0px 0px 0px 0px;\npadding:0px 0px 0px 0px;\n}\n.responsive #top #wrap_all .flex_column.av-942rr2-2eb0e8bb4cae607c59be1a88a2974a0a{\nmargin-top:25px;\nmargin-bottom:0px;\n}\n<\/style>\n<div  class='flex_column av-942rr2-2eb0e8bb4cae607c59be1a88a2974a0a av_one_half  avia-builder-el-5  el_after_av_hr  el_before_av_one_half  first flex_column_div av-animated-generic left-to-right av-zero-column-padding'     ><p>\n<style type=\"text\/css\" data-created_by=\"avia_inline_auto\" id=\"style-css-av-1p82z-a2b1952ec57b97d92e7d29c25e1c872a\">\n#top .av-special-heading.av-1p82z-a2b1952ec57b97d92e7d29c25e1c872a{\npadding-bottom:10px;\n}\nbody .av-special-heading.av-1p82z-a2b1952ec57b97d92e7d29c25e1c872a .av-special-heading-tag .heading-char{\nfont-size:25px;\n}\n.av-special-heading.av-1p82z-a2b1952ec57b97d92e7d29c25e1c872a .av-subheading{\nfont-size:15px;\n}\n<\/style>\n<div  class='av-special-heading av-1p82z-a2b1952ec57b97d92e7d29c25e1c872a av-special-heading-h3 blockquote modern-quote  avia-builder-el-6  el_before_av_textblock  avia-builder-el-first'><h3 class='av-special-heading-tag'  itemprop=\"headline\"  >Atomes g\u00e9ants naturels<\/h3><div class=\"special-heading-border\"><div class=\"special-heading-inner-border\"><\/div><\/div><\/div><br \/>\n<section  class='av_textblock_section av-jk8f3xo3-8ce38b0e8c6dc392eccc155cfd78d4d3'   itemscope=\"itemscope\" itemtype=\"https:\/\/schema.org\/CreativeWork\" ><div class='avia_textblock'  itemprop=\"text\" ><ul>\n<li>La radioactivit\u00e9 ou les rayonnements ionisants sont \u00e9mis par certaines substances, par exemple l'uranium, le plutonium ou le thorium.<\/li>\n<li>Il s'agit d'atomes g\u00e9ants naturels qui ne tiennent plus ensemble en raison de leurs importantes forces \u00e9lectrostatiques r\u00e9pulsives et se d\u00e9sint\u00e8grent.<\/li>\n<li>Dans le pass\u00e9, les humains n'\u00e9taient expos\u00e9s qu'\u00e0 la radioactivit\u00e9 naturelle de l'environnement.<\/li>\n<\/ul>\n<\/div><\/section><\/p><\/div>\n<style type=\"text\/css\" data-created_by=\"avia_inline_auto\" id=\"style-css-av-942rr2-db856c1baad582b020d56e6e2605952e\">\n#top .flex_column.av-942rr2-db856c1baad582b020d56e6e2605952e{\nmargin-top:25px;\nmargin-bottom:0px;\n}\n.flex_column.av-942rr2-db856c1baad582b020d56e6e2605952e{\nborder-radius:0px 0px 0px 0px;\npadding:0px 0px 0px 0px;\n}\n.responsive #top #wrap_all .flex_column.av-942rr2-db856c1baad582b020d56e6e2605952e{\nmargin-top:25px;\nmargin-bottom:0px;\n}\n<\/style>\n<div  class='flex_column av-942rr2-db856c1baad582b020d56e6e2605952e av_one_half  avia-builder-el-8  el_after_av_one_half  avia-builder-el-last  flex_column_div av-animated-generic right-to-left av-zero-column-padding'     ><p>\n<style type=\"text\/css\" data-created_by=\"avia_inline_auto\" id=\"style-css-av-aqsrf-57f0ecfddb3883f883c1b40ccb46166c\">\n#top .av-special-heading.av-aqsrf-57f0ecfddb3883f883c1b40ccb46166c{\npadding-bottom:10px;\n}\nbody .av-special-heading.av-aqsrf-57f0ecfddb3883f883c1b40ccb46166c .av-special-heading-tag .heading-char{\nfont-size:25px;\n}\n.av-special-heading.av-aqsrf-57f0ecfddb3883f883c1b40ccb46166c .av-subheading{\nfont-size:15px;\n}\n<\/style>\n<div  class='av-special-heading av-aqsrf-57f0ecfddb3883f883c1b40ccb46166c av-special-heading-h3 blockquote modern-quote  avia-builder-el-9  el_before_av_textblock  avia-builder-el-first'><h3 class='av-special-heading-tag'  itemprop=\"headline\"  >Rayonnement technique <\/h3><div class=\"special-heading-border\"><div class=\"special-heading-inner-border\"><\/div><\/div><\/div><br \/>\n<section  class='av_textblock_section av-jk8f3xo3-8ce38b0e8c6dc392eccc155cfd78d4d3'   itemscope=\"itemscope\" itemtype=\"https:\/\/schema.org\/CreativeWork\" ><div class='avia_textblock'  itemprop=\"text\" ><ul>\n<li>Aujourd'hui, on y ajoute les rayonnements techniques (diagnostics par rayons X, installations nucl\u00e9aires, essais nucl\u00e9aires, mat\u00e9riaux de construction).<\/li>\n<li>Certains mat\u00e9riaux de construction peuvent \u00eatre \u00e0 l'origine d'une augmentation de la radioactivit\u00e9 dans les b\u00e2timents, qui peut \u00eatre r\u00e9duite par des mesures appropri\u00e9es. Les mesures contre la radioactivit\u00e9 provenant de l'ext\u00e9rieur sont pratiquement impossibles.<\/li>\n<li>Les mesures de la radioactivit\u00e9 naturelle doivent \u00eatre enregistr\u00e9es avec des appareils \u00e9talonn\u00e9s.<\/li>\n<\/ul>\n<\/div><\/section><\/p><\/div>\n\n<\/div><\/div><\/div><!-- close content main div --><\/div><\/div><div id='av_section_2'  class='avia-section av-jjzyr2r5-17d9348295b90a73aa643af679c54d26 alternate_color avia-section-large avia-no-shadow  avia-builder-el-11  el_after_av_section  el_before_av_section  avia-bg-style-scroll container_wrap fullsize'  ><div class='container av-section-cont-open' ><div class='template-page content  av-content-full alpha units'><div class='post-entry post-entry-type-page post-entry-8257'><div class='entry-content-wrapper clearfix'>\n\n<style type=\"text\/css\" data-created_by=\"avia_inline_auto\" id=\"style-css-av-827u6a-08b1c2e21eb850b321bb910e20dae0bd\">\n.flex_column.av-827u6a-08b1c2e21eb850b321bb910e20dae0bd{\nborder-radius:0px 0px 0px 0px;\npadding:0px 0px 0px 0px;\n}\n<\/style>\n<div  class='flex_column av-827u6a-08b1c2e21eb850b321bb910e20dae0bd av_one_fourth  avia-builder-el-12  el_before_av_three_fourth  avia-builder-el-first  first flex_column_div av-zero-column-padding'     ><style type=\"text\/css\" data-created_by=\"avia_inline_auto\" id=\"style-css-av-jk0x29sm-fcd879e11414fe2c19866816a5dc29e7\">\n.avia-image-container.av-jk0x29sm-fcd879e11414fe2c19866816a5dc29e7 img.avia_image{\nbox-shadow:none;\n}\n.avia-image-container.av-jk0x29sm-fcd879e11414fe2c19866816a5dc29e7 .av-image-caption-overlay-center{\ncolor:#ffffff;\n}\n<\/style>\n<div  class='avia-image-container av-jk0x29sm-fcd879e11414fe2c19866816a5dc29e7 av-styling- avia-align-center  avia-builder-el-13  avia-builder-el-no-sibling'  ><div class=\"avia-image-container-inner\"><div class=\"avia-image-overlay-wrap\"><img decoding=\"async\" fetchpriority=\"high\" class='wp-image-4744 avia-img-lazy-loading-not-4744 avia_image' src=\"https:\/\/www.ibes.ch\/wp-content\/uploads\/2018\/08\/messgeraet-frei-1.png\" alt='Un appareil de mesure de l&#039;\u00e9lectrosmog dans une main' title='Dispositif de mesure de l&#039;\u00e9lectrosmog'  height=\"275\" width=\"530\"  itemprop=\"thumbnailUrl\" srcset=\"https:\/\/www.ibes.ch\/wp-content\/uploads\/2018\/08\/messgeraet-frei-1.png 530w, https:\/\/www.ibes.ch\/wp-content\/uploads\/2018\/08\/messgeraet-frei-1-300x156.png 300w, https:\/\/www.ibes.ch\/wp-content\/uploads\/2018\/08\/messgeraet-frei-1-450x233.png 450w\" sizes=\"(max-width: 530px) 100vw, 530px\" \/><\/div><\/div><\/div><\/div>\n<style type=\"text\/css\" data-created_by=\"avia_inline_auto\" id=\"style-css-av-6eys1u-5430c1fa2f00eb35a5c74bc277d616b0\">\n.flex_column.av-6eys1u-5430c1fa2f00eb35a5c74bc277d616b0{\nborder-radius:0px 0px 0px 0px;\npadding:0px 0px 0px 0px;\n}\n<\/style>\n<div  class='flex_column av-6eys1u-5430c1fa2f00eb35a5c74bc277d616b0 av_three_fourth  avia-builder-el-14  el_after_av_one_fourth  avia-builder-el-last  flex_column_div av-zero-column-padding'     ><div  class='av_promobox av-2jy2aq-d1d578c1db407ac0d5da2e916bcd4da3 avia-button-yes  avia-builder-el-15  avia-builder-el-no-sibling'><div class='avia-promocontent'><\/p>\n<h3>Vous voulez savoir exactement ?<\/h3>\n<p>Sur demande, nous disposons \u00e9galement d'appareils avec lesquels vous pouvez mesurer la radioactivit\u00e9. Pour l'\u00e9lectrosmog, il est pr\u00e9f\u00e9rable d'utiliser l'appareil de mesure recommand\u00e9 par l'IBES, avec lequel vous pouvez mesurer les champs de haute et de basse fr\u00e9quence.<\/p>\n<\/div><div  class='avia-button-wrap av-2jy2aq-6c85093561b4a834889375b2e1f1b3c4-wrap avia-button-right'><a href='https:\/\/www.ibes.ch\/fr\/appareil-de-mesure-de-lelectrosmog\/'  class='avia-button av-2jy2aq-6c85093561b4a834889375b2e1f1b3c4 av-link-btn avia-icon_select-yes-left-icon avia-size-large avia-position-right avia-color-theme-color'   aria-label=\"Plus d&#039;informations\"><span class='avia_button_icon avia_button_icon_left avia-iconfont avia-font-entypo-fontello' data-av_icon='\ue832' data-av_iconfont='entypo-fontello' ><\/span><span class='avia_iconbox_title' >Plus d'informations<\/span><\/a><\/div><\/div><\/div>\n\n<\/div><\/div><\/div><!-- close content main div --><\/div><\/div><div id='av_section_3'  class='avia-section av-jkvbv21t-525b01f5800aac4689f847291961a0fd main_color avia-section-small avia-no-shadow  avia-builder-el-16  el_after_av_section  avia-builder-el-last  avia-bg-style-scroll container_wrap fullsize'  ><div class='container av-section-cont-open' ><div class='template-page content  av-content-full alpha units'><div class='post-entry post-entry-type-page post-entry-8257'><div class='entry-content-wrapper clearfix'>","protected":false},"excerpt":{"rendered":"","protected":false},"author":3,"featured_media":0,"parent":8245,"menu_order":7,"comment_status":"closed","ping_status":"closed","template":"","meta":{"_acf_changed":false,"footnotes":""},"class_list":["post-8257","page","type-page","status-publish","hentry"],"acf":[],"yoast_head":"<!-- This site is optimized with the Yoast SEO plugin v27.4 - https:\/\/yoast.com\/product\/yoast-seo-wordpress\/ -->\n<title>Schutz vor Radioaktivit\u00e4t und Radon | IBES<\/title>\n<meta name=\"description\" content=\"Wir beraten Sie bei der Sanierung und Messung von Radon und Radioaktivit\u00e4t.\" \/>\n<meta name=\"robots\" content=\"index, follow, max-snippet:-1, max-image-preview:large, max-video-preview:-1\" \/>\n<link rel=\"canonical\" href=\"https:\/\/www.ibes.ch\/fr\/mesure-profi-2\/protection-contre-la-radioactivite\/\" \/>\n<meta property=\"og:locale\" content=\"fr_FR\" \/>\n<meta property=\"og:type\" content=\"article\" \/>\n<meta property=\"og:title\" content=\"Schutz vor Radioaktivit\u00e4t und Radon | IBES\" \/>\n<meta property=\"og:description\" content=\"Wir beraten Sie bei der Sanierung und Messung von Radon und Radioaktivit\u00e4t.\" \/>\n<meta property=\"og:url\" content=\"https:\/\/www.ibes.ch\/fr\/mesure-profi-2\/protection-contre-la-radioactivite\/\" \/>\n<meta property=\"og:site_name\" content=\"IBES\" \/>\n<meta property=\"article:modified_time\" content=\"2021-10-15T12:40:56+00:00\" \/>\n<meta name=\"twitter:card\" content=\"summary_large_image\" \/>\n<meta name=\"twitter:label1\" content=\"Dur\u00e9e de lecture estim\u00e9e\" \/>\n\t<meta name=\"twitter:data1\" content=\"7 minutes\" \/>\n<script type=\"application\/ld+json\" class=\"yoast-schema-graph\">{\"@context\":\"https:\\\/\\\/schema.org\",\"@graph\":[{\"@type\":\"WebPage\",\"@id\":\"https:\\\/\\\/www.ibes.ch\\\/profi-messung-2\\\/schutz-vor-radioaktivitaet\\\/\",\"url\":\"https:\\\/\\\/www.ibes.ch\\\/profi-messung-2\\\/schutz-vor-radioaktivitaet\\\/\",\"name\":\"Schutz vor Radioaktivit\u00e4t und Radon | IBES\",\"isPartOf\":{\"@id\":\"https:\\\/\\\/www.ibes.ch\\\/#website\"},\"datePublished\":\"2018-08-03T10:21:49+00:00\",\"dateModified\":\"2021-10-15T12:40:56+00:00\",\"description\":\"Wir beraten Sie bei der Sanierung und Messung von Radon und Radioaktivit\u00e4t.\",\"breadcrumb\":{\"@id\":\"https:\\\/\\\/www.ibes.ch\\\/profi-messung-2\\\/schutz-vor-radioaktivitaet\\\/#breadcrumb\"},\"inLanguage\":\"fr-FR\",\"potentialAction\":[{\"@type\":\"ReadAction\",\"target\":[\"https:\\\/\\\/www.ibes.ch\\\/profi-messung-2\\\/schutz-vor-radioaktivitaet\\\/\"]}]},{\"@type\":\"BreadcrumbList\",\"@id\":\"https:\\\/\\\/www.ibes.ch\\\/profi-messung-2\\\/schutz-vor-radioaktivitaet\\\/#breadcrumb\",\"itemListElement\":[{\"@type\":\"ListItem\",\"position\":1,\"name\":\"Home\",\"item\":\"https:\\\/\\\/www.ibes.ch\\\/\"},{\"@type\":\"ListItem\",\"position\":2,\"name\":\"Profi-Messung\",\"item\":\"https:\\\/\\\/www.ibes.ch\\\/profi-messung-2\\\/\"},{\"@type\":\"ListItem\",\"position\":3,\"name\":\"Schutz vor Radioaktivit\u00e4t\"}]},{\"@type\":\"WebSite\",\"@id\":\"https:\\\/\\\/www.ibes.ch\\\/#website\",\"url\":\"https:\\\/\\\/www.ibes.ch\\\/\",\"name\":\"IBES\",\"description\":\"IBES - Ratgeber f\u00fcr Elektrosmog\",\"potentialAction\":[{\"@type\":\"SearchAction\",\"target\":{\"@type\":\"EntryPoint\",\"urlTemplate\":\"https:\\\/\\\/www.ibes.ch\\\/?s={search_term_string}\"},\"query-input\":{\"@type\":\"PropertyValueSpecification\",\"valueRequired\":true,\"valueName\":\"search_term_string\"}}],\"inLanguage\":\"fr-FR\"}]}<\/script>\n<!-- \/ Yoast SEO plugin. -->","yoast_head_json":{"title":"Protection contre la radioactivit\u00e9 et le radon | IBES","description":"Nous vous conseillons sur l'assainissement et la mesure du radon et de la radioactivit\u00e9.","robots":{"index":"index","follow":"follow","max-snippet":"max-snippet:-1","max-image-preview":"max-image-preview:large","max-video-preview":"max-video-preview:-1"},"canonical":"https:\/\/www.ibes.ch\/fr\/mesure-profi-2\/protection-contre-la-radioactivite\/","og_locale":"fr_FR","og_type":"article","og_title":"Schutz vor Radioaktivit\u00e4t und Radon | IBES","og_description":"Wir beraten Sie bei der Sanierung und Messung von Radon und Radioaktivit\u00e4t.","og_url":"https:\/\/www.ibes.ch\/fr\/mesure-profi-2\/protection-contre-la-radioactivite\/","og_site_name":"IBES","article_modified_time":"2021-10-15T12:40:56+00:00","twitter_card":"summary_large_image","twitter_misc":{"Dur\u00e9e de lecture estim\u00e9e":"7 minutes"},"schema":{"@context":"https:\/\/schema.org","@graph":[{"@type":"WebPage","@id":"https:\/\/www.ibes.ch\/profi-messung-2\/schutz-vor-radioaktivitaet\/","url":"https:\/\/www.ibes.ch\/profi-messung-2\/schutz-vor-radioaktivitaet\/","name":"Protection contre la radioactivit\u00e9 et le radon | IBES","isPartOf":{"@id":"https:\/\/www.ibes.ch\/#website"},"datePublished":"2018-08-03T10:21:49+00:00","dateModified":"2021-10-15T12:40:56+00:00","description":"Nous vous conseillons sur l'assainissement et la mesure du radon et de la radioactivit\u00e9.","breadcrumb":{"@id":"https:\/\/www.ibes.ch\/profi-messung-2\/schutz-vor-radioaktivitaet\/#breadcrumb"},"inLanguage":"fr-FR","potentialAction":[{"@type":"ReadAction","target":["https:\/\/www.ibes.ch\/profi-messung-2\/schutz-vor-radioaktivitaet\/"]}]},{"@type":"BreadcrumbList","@id":"https:\/\/www.ibes.ch\/profi-messung-2\/schutz-vor-radioaktivitaet\/#breadcrumb","itemListElement":[{"@type":"ListItem","position":1,"name":"Home","item":"https:\/\/www.ibes.ch\/"},{"@type":"ListItem","position":2,"name":"Profi-Messung","item":"https:\/\/www.ibes.ch\/profi-messung-2\/"},{"@type":"ListItem","position":3,"name":"Schutz vor Radioaktivit\u00e4t"}]},{"@type":"WebSite","@id":"https:\/\/www.ibes.ch\/#website","url":"https:\/\/www.ibes.ch\/","name":"IBES","description":"IBES - Guide de l'\u00e9lectrosmog","potentialAction":[{"@type":"SearchAction","target":{"@type":"EntryPoint","urlTemplate":"https:\/\/www.ibes.ch\/?s={search_term_string}"},"query-input":{"@type":"PropertyValueSpecification","valueRequired":true,"valueName":"search_term_string"}}],"inLanguage":"fr-FR"}]}},"_links":{"self":[{"href":"https:\/\/www.ibes.ch\/fr\/wp-json\/wp\/v2\/pages\/8257","targetHints":{"allow":["GET"]}}],"collection":[{"href":"https:\/\/www.ibes.ch\/fr\/wp-json\/wp\/v2\/pages"}],"about":[{"href":"https:\/\/www.ibes.ch\/fr\/wp-json\/wp\/v2\/types\/page"}],"author":[{"embeddable":true,"href":"https:\/\/www.ibes.ch\/fr\/wp-json\/wp\/v2\/users\/3"}],"replies":[{"embeddable":true,"href":"https:\/\/www.ibes.ch\/fr\/wp-json\/wp\/v2\/comments?post=8257"}],"version-history":[{"count":5,"href":"https:\/\/www.ibes.ch\/fr\/wp-json\/wp\/v2\/pages\/8257\/revisions"}],"predecessor-version":[{"id":19640,"href":"https:\/\/www.ibes.ch\/fr\/wp-json\/wp\/v2\/pages\/8257\/revisions\/19640"}],"up":[{"embeddable":true,"href":"https:\/\/www.ibes.ch\/fr\/wp-json\/wp\/v2\/pages\/8245"}],"wp:attachment":[{"href":"https:\/\/www.ibes.ch\/fr\/wp-json\/wp\/v2\/media?parent=8257"}],"curies":[{"name":"wp","href":"https:\/\/api.w.org\/{rel}","templated":true}]}}