{"id":8253,"date":"2018-08-06T10:38:29","date_gmt":"2018-08-06T10:38:29","guid":{"rendered":"https:\/\/www.ibes.ch\/glasfaserkabel\/"},"modified":"2023-08-09T15:13:34","modified_gmt":"2023-08-09T13:13:34","slug":"cable-a-fibre-optique","status":"publish","type":"page","link":"https:\/\/www.ibes.ch\/fr\/glasfaserkabel\/","title":{"rendered":"C\u00e2ble \u00e0 fibres optiques"},"content":{"rendered":"[av_slideshow_full size='no scaling' min_height='0px' stretch='' control_layout='av-control-default' src='' attachment='' attachment_size='' position='top left' repeat='no-repeat' attach='scroll' conditional_play='' animation='slide' transition_speed='' autoplay='false' interval='5' lazy_loading='disabled' av-small-hide='aviaTBav-small-hide' av-mini-hide='aviaTBav-mini-hide' id='' custom_class='' template_class='' av_uid='av-jxetyq7b' sc_version='1.0']\r\n[av_slide_full slide_type='image' id='13696' video='http:\/\/' mobile_image='' fallback_link='http:\/\/' video_format='' video_ratio='16:9' title='' custom_title_size='' custom_content_size='' caption_pos='caption_bottom' link_apply='' link='lightbox' link_target='' button_label='Click me' button_color='light' link1='manually,http:\/\/' link_target1='' button_label2='Click me' button_color2='light' link2='manually,http:\/\/' link_target2='' font_color='' custom_title='' custom_content='' overlay_opacity='0.5' overlay_color='' overlay_pattern='' overlay_custom_pattern='' av-medium-font-size-title='' av-small-font-size-title='' av-mini-font-size-title='' av-medium-font-size='' av-small-font-size='' av-mini-font-size='' av_uid='av-u843dr' video_autoplay='' video_controls='' video_mute='' video_loop='' heading_tag='' heading_class='' overlay_enable='' sc_version='1.0'][\/av_slide_full]\r\n[\/av_slideshow_full]\r\n\r\n[av_slideshow_full img_copyright='' size='no scaling' min_height='' stretch='' control_layout='av-control-default' slider_navigation='av-navigate-arrows av-navigate-dots' nav_visibility_desktop='' nav_arrow_color='' nav_arrow_bg_color='' nav_dots_color='' nav_dot_active_color='' src='' attachment='' attachment_size='' position='top left' repeat='no-repeat' attach='scroll' img_copyright_font='' av-desktop-font-img_copyright_font='' av-medium-font-img_copyright_font='' av-small-font-img_copyright_font='' av-mini-font-img_copyright_font='' img_copyright_color='' img_copyright_bg='' animation='slide' transition_speed='' autoplay='false' interval='5' img_scale='' img_scale_end='10' img_scale_direction='' img_scale_duration='3' img_scale_opacity='1' conditional_play='' img_scrset='' lazy_loading='disabled' av-desktop-hide='aviaTBav-desktop-hide' av-medium-hide='aviaTBav-medium-hide' alb_description='' id='' custom_class='' template_class='' av_uid='av-kng611rn' sc_version='1.0']\r\n[av_slide_full slide_type='image' id='17452' video='http:\/\/' mobile_image='' fallback_link='http:\/\/' title='' video_format='' video_ratio='16:9' caption_pos='caption_bottom' custom_title_size='' av-medium-font-size-title='' av-small-font-size-title='' av-mini-font-size-title='' custom_content_size='' av-medium-font-size='' av-small-font-size='' av-mini-font-size='' font_color='' custom_title='' custom_content='' heading_tag='' heading_class='' link_apply='' link='lightbox' link_target='' button_label='Click me' button_color='light' link1='manually,http:\/\/' link_target1='' button_label2='Click me' button_color2='light' link2='manually,http:\/\/' link_target2='' overlay_opacity='0.5' overlay_color='' overlay_pattern='' overlay_custom_pattern='' av_uid='av-kng61114' sc_version='1.0' video_autoplay='' video_controls='' video_mute='' video_loop='' av-desktop-font-size-title='' av-desktop-font-size='' overlay_enable=''][\/av_slide_full]\r\n\r\n\r\n[\/av_slideshow_full]\r\n\r\n\n<div id='av_section_1'  class='avia-section av-jjzgjy94-535fc938f73d54e38e18c9f5b93283ba main_color avia-section-large avia-no-border-styling  avia-builder-el-1  el_after_av_postcontent  el_before_av_section  avia-bg-style-scroll container_wrap fullsize'  ><div class='container av-section-cont-open' ><div class='template-page content  av-content-full alpha units'><div class='post-entry post-entry-type-page post-entry-8253'><div class='entry-content-wrapper clearfix'>\n\n<style type=\"text\/css\" data-created_by=\"avia_inline_auto\" id=\"style-css-av-qad3-a5a74def1701d13abf4b942e6d52f523\">\n#top .av-special-heading.av-qad3-a5a74def1701d13abf4b942e6d52f523{\npadding-bottom:19px;\n}\nbody .av-special-heading.av-qad3-a5a74def1701d13abf4b942e6d52f523 .av-special-heading-tag .heading-char{\nfont-size:25px;\n}\n.av-special-heading.av-qad3-a5a74def1701d13abf4b942e6d52f523 .av-subheading{\nfont-size:20px;\n}\n<\/style>\n<div  class='av-special-heading av-qad3-a5a74def1701d13abf4b942e6d52f523 av-special-heading-h1 blockquote modern-quote modern-centered  avia-builder-el-2  el_before_av_hr  avia-builder-el-first '><h1 class='av-special-heading-tag '  itemprop=\"headline\"  > Glasfaserkabel und Elektrosmog<\/h1><div class='av-subheading av-subheading_below'><p>Magnetfeld durch Glasfaserkabel<\/p>\n<\/div><div class=\"special-heading-border\"><div class=\"special-heading-inner-border\"><\/div><\/div><\/div>\n<div  class='hr av-aue7n2-e30d11672c1926c4b838dbe0728bd62f hr-short  avia-builder-el-3  el_after_av_heading  el_before_av_one_half  hr-center'><span class='hr-inner '><span class=\"hr-inner-style\"><\/span><\/span><\/div>\n\n<style type=\"text\/css\" data-created_by=\"avia_inline_auto\" id=\"style-css-av-942rr2-2eb0e8bb4cae607c59be1a88a2974a0a\">\n#top .flex_column.av-942rr2-2eb0e8bb4cae607c59be1a88a2974a0a{\nmargin-top:25px;\nmargin-bottom:0px;\n}\n.flex_column.av-942rr2-2eb0e8bb4cae607c59be1a88a2974a0a{\nborder-radius:0px 0px 0px 0px;\npadding:0px 0px 0px 0px;\n}\n.responsive #top #wrap_all .flex_column.av-942rr2-2eb0e8bb4cae607c59be1a88a2974a0a{\nmargin-top:25px;\nmargin-bottom:0px;\n}\n<\/style>\n<div  class='flex_column av-942rr2-2eb0e8bb4cae607c59be1a88a2974a0a av_one_half  avia-builder-el-4  el_after_av_hr  el_before_av_one_half  first flex_column_div av-animated-generic left-to-right av-zero-column-padding  '     ><article  class='iconbox iconbox_left_content av-jnt08h9a-7aa451ddf30b63aa79763b80e78997ec  avia-builder-el-5  avia-builder-el-no-sibling '  itemscope=\"itemscope\" itemtype=\"https:\/\/schema.org\/CreativeWork\" ><div class='iconbox_icon heading-color avia-iconfont avia-font-entypo-fontello' data-av_icon='\ue869' data-av_iconfont='entypo-fontello'  ><\/div><div class=\"iconbox_content\"><header class=\"entry-content-header\" aria-label=\"Ic\u00f4ne : Magnetfeld wird erzeugt\"><h3 class='iconbox_content_title '  itemprop=\"headline\" >Magnetfeld wird erzeugt<\/h3><\/header><div class='iconbox_content_container '  itemprop=\"text\" ><p>Wenn der metallische Schutzmantel eines Glasfaserkabels nicht korrekt geerdet wird, kann es sein, dass es die Potentiale des Gel\u00e4ndes aufnimmt. Das Kabel \u00fcbernimmt allf\u00e4llig zus\u00e4tzlich Ausgleichsstr\u00f6me, die dann ein Magnetfeld erzeugen. Dieses kann die Gesundheit beeintr\u00e4chtigen.<\/p>\n<\/div><\/div><footer class=\"entry-footer\"><\/footer><\/article><\/div>\n<style type=\"text\/css\" data-created_by=\"avia_inline_auto\" id=\"style-css-av-942rr2-b62acb3f31996614be0791000c39db65\">\n#top .flex_column.av-942rr2-b62acb3f31996614be0791000c39db65{\nmargin-top:25px;\nmargin-bottom:0px;\n}\n.flex_column.av-942rr2-b62acb3f31996614be0791000c39db65{\nborder-radius:0px 0px 0px 0px;\npadding:0px 0px 0px 0px;\n}\n.responsive #top #wrap_all .flex_column.av-942rr2-b62acb3f31996614be0791000c39db65{\nmargin-top:25px;\nmargin-bottom:0px;\n}\n<\/style>\n<div  class='flex_column av-942rr2-b62acb3f31996614be0791000c39db65 av_one_half  avia-builder-el-6  el_after_av_one_half  avia-builder-el-last  flex_column_div av-animated-generic left-to-right av-zero-column-padding  '     ><article  class='iconbox iconbox_left_content av-jnt08h9a-3acb04bbd6db17635b77ee09914186f3  avia-builder-el-7  avia-builder-el-no-sibling '  itemscope=\"itemscope\" itemtype=\"https:\/\/schema.org\/CreativeWork\" ><div class='iconbox_icon heading-color avia-iconfont avia-font-entypo-fontello' data-av_icon='\ue86b' data-av_iconfont='entypo-fontello'  ><\/div><div class=\"iconbox_content\"><header class=\"entry-content-header\" aria-label=\"Ic\u00f4ne : Im \u00f6ffentlichen Raum\"><h3 class='iconbox_content_title '  itemprop=\"headline\" >Im \u00f6ffentlichen Raum<\/h3><\/header><div class='iconbox_content_container '  itemprop=\"text\" ><p>Glasfasern in der \u00f6ffentlichen Erschliessung sind im Prinzip unproblematisch. Das Glasfaserkabel mit Kabelschirm darf nur gezielt am Geb\u00e4udeeintritt geerdet werden, sonst nimmt es die Potentiale des Gel\u00e4ndes auf. Folge: Ausgleichsstr\u00f6me, die ein Magnetfeld und damit Elektrosmog erzeugen.<\/p>\n<\/div><\/div><footer class=\"entry-footer\"><\/footer><\/article><\/div>\n\n<\/div><\/div><\/div><!-- close content main div --><\/div><\/div><div id='av_section_2'  class='avia-section av-jjzyr2r5-17d9348295b90a73aa643af679c54d26 alternate_color avia-section-large avia-no-shadow  avia-builder-el-8  el_after_av_section  el_before_av_section  avia-bg-style-scroll container_wrap fullsize'  ><div class='container av-section-cont-open' ><div class='template-page content  av-content-full alpha units'><div class='post-entry post-entry-type-page post-entry-8253'><div class='entry-content-wrapper clearfix'>\n\n<style type=\"text\/css\" data-created_by=\"avia_inline_auto\" id=\"style-css-av-405e9z-bb50b74ebd069ea3e180747893a31613\">\n#top .av-special-heading.av-405e9z-bb50b74ebd069ea3e180747893a31613{\npadding-bottom:10px;\n}\nbody .av-special-heading.av-405e9z-bb50b74ebd069ea3e180747893a31613 .av-special-heading-tag .heading-char{\nfont-size:25px;\n}\n.av-special-heading.av-405e9z-bb50b74ebd069ea3e180747893a31613 .av-subheading{\nfont-size:15px;\n}\n<\/style>\n<div  class='av-special-heading av-405e9z-bb50b74ebd069ea3e180747893a31613 av-special-heading-h2 blockquote modern-quote modern-centered  avia-builder-el-9  el_before_av_hr  avia-builder-el-first '><h2 class='av-special-heading-tag '  itemprop=\"headline\"  >Nutzung und Anschl\u00fcsse im Geb\u00e4ude<\/h2><div class=\"special-heading-border\"><div class=\"special-heading-inner-border\"><\/div><\/div><\/div>\n<div  class='hr av-jjzh17tq-82f3925afb741d00b0c66908af2f44f1 hr-short  avia-builder-el-10  el_after_av_heading  el_before_av_one_half  hr-center'><span class='hr-inner '><span class=\"hr-inner-style\"><\/span><\/span><\/div>\n\n<style type=\"text\/css\" data-created_by=\"avia_inline_auto\" id=\"style-css-av-942rr2-67824e0298a496b16f3df7a2205cd5f6\">\n#top .flex_column.av-942rr2-67824e0298a496b16f3df7a2205cd5f6{\nmargin-top:25px;\nmargin-bottom:0px;\n}\n.flex_column.av-942rr2-67824e0298a496b16f3df7a2205cd5f6{\nborder-radius:0px 0px 0px 0px;\npadding:0px 0px 0px 0px;\n}\n.responsive #top #wrap_all .flex_column.av-942rr2-67824e0298a496b16f3df7a2205cd5f6{\nmargin-top:25px;\nmargin-bottom:0px;\n}\n<\/style>\n<div  class='flex_column av-942rr2-67824e0298a496b16f3df7a2205cd5f6 av_one_half  avia-builder-el-11  el_after_av_hr  el_before_av_one_half  first flex_column_div av-animated-generic av-rotateInUpLeft av-zero-column-padding  '     ><p>\n<style type=\"text\/css\" data-created_by=\"avia_inline_auto\" id=\"style-css-av-jk0x29sm-89b431e5eda5d6d27a71d3fd8a408636\">\n.avia-image-container.av-jk0x29sm-89b431e5eda5d6d27a71d3fd8a408636 img.avia_image{\nbox-shadow:none;\n}\n.avia-image-container.av-jk0x29sm-89b431e5eda5d6d27a71d3fd8a408636 .av-image-caption-overlay-center{\ncolor:#ffffff;\n}\n<\/style>\n<div  class='avia-image-container av-jk0x29sm-89b431e5eda5d6d27a71d3fd8a408636 av-styling- avia-align-center  avia-builder-el-12  el_before_av_textblock  avia-builder-el-first '  ><div class=\"avia-image-container-inner\"><div class=\"avia-image-overlay-wrap\"><img decoding=\"async\" fetchpriority=\"high\" class='wp-image-5174 avia-img-lazy-loading-not-5174 avia_image ' src=\"https:\/\/www.ibes.ch\/wp-content\/uploads\/2018\/08\/glasfaserkabel-elektrosmog.jpg\" alt='Glasfaserkabel erzeugen Elektrosmog' title='Glasfaserkabel'  height=\"567\" width=\"850\"  itemprop=\"thumbnailUrl\" srcset=\"https:\/\/www.ibes.ch\/wp-content\/uploads\/2018\/08\/glasfaserkabel-elektrosmog.jpg 850w, https:\/\/www.ibes.ch\/wp-content\/uploads\/2018\/08\/glasfaserkabel-elektrosmog-600x400.jpg 600w, https:\/\/www.ibes.ch\/wp-content\/uploads\/2018\/08\/glasfaserkabel-elektrosmog-300x200.jpg 300w, https:\/\/www.ibes.ch\/wp-content\/uploads\/2018\/08\/glasfaserkabel-elektrosmog-768x512.jpg 768w, https:\/\/www.ibes.ch\/wp-content\/uploads\/2018\/08\/glasfaserkabel-elektrosmog-705x470.jpg 705w\" sizes=\"(max-width: 850px) 100vw, 850px\" \/><\/div><\/div><\/div><br \/>\n<section  class='av_textblock_section av-jk0xf61h-e8c5e5cbe3aa1166e19b7ba65e83f17f '   itemscope=\"itemscope\" itemtype=\"https:\/\/schema.org\/CreativeWork\" ><div class='avia_textblock'  itemprop=\"text\" ><p>Glasfaserkabel: Raumf\u00fcllende St\u00f6rstrahlungen sind m\u00f6glich.<\/p>\n<\/div><\/section><\/p><\/div>\n<style type=\"text\/css\" data-created_by=\"avia_inline_auto\" id=\"style-css-av-942rr2-e02a847c189074b4b42fad3150e37364\">\n#top .flex_column.av-942rr2-e02a847c189074b4b42fad3150e37364{\nmargin-top:25px;\nmargin-bottom:0px;\n}\n.flex_column.av-942rr2-e02a847c189074b4b42fad3150e37364{\nborder-radius:0px 0px 0px 0px;\npadding:0px 0px 0px 0px;\n}\n.responsive #top #wrap_all .flex_column.av-942rr2-e02a847c189074b4b42fad3150e37364{\nmargin-top:25px;\nmargin-bottom:0px;\n}\n<\/style>\n<div  class='flex_column av-942rr2-e02a847c189074b4b42fad3150e37364 av_one_half  avia-builder-el-14  el_after_av_one_half  avia-builder-el-last  flex_column_div av-animated-generic av-rotateInUpRight av-zero-column-padding  '     ><p>\n<style type=\"text\/css\" data-created_by=\"avia_inline_auto\" id=\"style-css-av-1zuqaf-d990a1d11851c950a8277bbf7e51cd3c\">\n#top .av-special-heading.av-1zuqaf-d990a1d11851c950a8277bbf7e51cd3c{\npadding-bottom:15px;\n}\nbody .av-special-heading.av-1zuqaf-d990a1d11851c950a8277bbf7e51cd3c .av-special-heading-tag .heading-char{\nfont-size:25px;\n}\n.av-special-heading.av-1zuqaf-d990a1d11851c950a8277bbf7e51cd3c .av-subheading{\nfont-size:15px;\n}\n<\/style>\n<div  class='av-special-heading av-1zuqaf-d990a1d11851c950a8277bbf7e51cd3c av-special-heading-h3 blockquote modern-quote  avia-builder-el-15  el_before_av_textblock  avia-builder-el-first '><h3 class='av-special-heading-tag '  itemprop=\"headline\"  >Konverter sind nie geerdet<\/h3><div class=\"special-heading-border\"><div class=\"special-heading-inner-border\"><\/div><\/div><\/div><br \/>\n<section  class='av_textblock_section av-jk0xf61h-e8c5e5cbe3aa1166e19b7ba65e83f17f '   itemscope=\"itemscope\" itemtype=\"https:\/\/schema.org\/CreativeWork\" ><div class='avia_textblock'  itemprop=\"text\" ><ul>\n<li>Glasfaserkabelanschl\u00fcsse ben\u00f6tigen einen Konverter zur \u00dcbertragung der Signale auf die Ger\u00e4te.<\/li>\n<li>Solche Konverter sind allesamt nur mit einem Schaltnetzteil ausger\u00fcstet und sind niemals geerdet.<\/li>\n<li>Solch ein Konverter (Schnittstellenadapter) erzeugt dann auf die ebenfalls ungeerdeten Ger\u00e4te sehr hohe breitbandige Emissionen, die raumf\u00fcllend St\u00f6rstrahlung erzeugen.<\/li>\n<li>Davon betroffen sind Laptops, TV-Bildschirme, Drucker ohne Erdungsstecker, Router, Switches, und davon abgehende Kabel ins Netzwerk.<\/li>\n<\/ul>\n<\/div><\/section><\/p><\/div>\n\n<\/div><\/div><\/div><!-- close content main div --><\/div><\/div><div id='av_section_3'  class='avia-section av-jk0xkvmy-4948498df7bd1d0c06ed31da06b181c0 main_color avia-section-large avia-no-shadow  avia-builder-el-17  el_after_av_section  avia-builder-el-last  avia-bg-style-scroll container_wrap fullsize'  ><div class='container av-section-cont-open' ><div class='template-page content  av-content-full alpha units'><div class='post-entry post-entry-type-page post-entry-8253'><div class='entry-content-wrapper clearfix'>\n\n<style type=\"text\/css\" data-created_by=\"avia_inline_auto\" id=\"style-css-av-jk9oknfc-fbab2f0a7f44762c446acd2d16747db4\">\n.flex_column.av-jk9oknfc-fbab2f0a7f44762c446acd2d16747db4{\nborder-radius:0px 0px 0px 0px;\npadding:0px 0px 0px 0px;\n}\n<\/style>\n<div  class='flex_column av-jk9oknfc-fbab2f0a7f44762c446acd2d16747db4 av_three_fourth  avia-builder-el-18  el_before_av_one_fourth  avia-builder-el-first  first flex_column_div av-animated-generic pop-up av-zero-column-padding  '     ><article  class='iconbox iconbox_top av-2vpkpl-dbab60d8bb2ee56744c7119f71f5449a  avia-builder-el-19  el_before_av_button  avia-builder-el-first  main_color'  itemscope=\"itemscope\" itemtype=\"https:\/\/schema.org\/CreativeWork\" ><div class=\"iconbox_content\"><header class=\"entry-content-header\" aria-label=\"Ic\u00f4ne : Wir beraten Sie gerne\"><div class='iconbox_icon heading-color avia-iconfont avia-font-entypo-fontello' data-av_icon='\ue812' data-av_iconfont='entypo-fontello'  ><\/div><h3 class='iconbox_content_title '  itemprop=\"headline\" >Wir beraten Sie gerne<\/h3><\/header><div class='iconbox_content_container '  itemprop=\"text\" ><p style=\"text-align: left;\">Haben Sie ein Projekt in Planung, bei dem Glasfaserkabel eine Rolle spielen? Und sind Sie sich nicht sicher, ob Ihr Elektriker oder ausf\u00fchrender Handwerker den Elektrosmog richtig einsch\u00e4tzt? Dann wenden Sie sich an uns, wir beraten Sie gerne.<\/p>\n<p style=\"text-align: left;\">Lichtwellenleiter werden h\u00e4ufig auch Glasfaserkabel genannt, wobei es sich typischerweise um ein Verbund aus mehreren optischen Fasern bzw. Lichtwellenleitern handelt, mit integrierter mechanischer Verst\u00e4rkung zum Schutz und zur Stabilisierung der einzelnen Fasern.<\/p>\n<\/div><\/div><footer class=\"entry-footer\"><\/footer><\/article><br \/>\n<div  class='avia-button-wrap av-jk9ok1as-0a5805d2762c6e75a306c3d4349aceda-wrap avia-button-center  avia-builder-el-20  el_after_av_icon_box  avia-builder-el-last '><a href='https:\/\/www.ibes.ch\/fr\/messanfrage\/'  class='avia-button av-jk9ok1as-0a5805d2762c6e75a306c3d4349aceda av-link-btn avia-icon_select-yes-right-icon avia-size-large avia-position-center avia-color-theme-color'   aria-label=\"Ich interessiere mich f\u00fcr eine Messung\"><span class='avia_iconbox_title' >Ich interessiere mich f\u00fcr eine Messung<\/span><span class='avia_button_icon avia_button_icon_right avia-iconfont avia-font-entypo-fontello' data-av_icon='\ue832' data-av_iconfont='entypo-fontello' ><\/span><\/a><\/div><\/p><\/div>\n<style type=\"text\/css\" data-created_by=\"avia_inline_auto\" id=\"style-css-av-6irs9j-88e02bc5c3f17a33b4bf070df0668e1d\">\n.flex_column.av-6irs9j-88e02bc5c3f17a33b4bf070df0668e1d{\nborder-radius:0px 0px 0px 0px;\npadding:0px 0px 0px 0px;\n}\n<\/style>\n<div  class='flex_column av-6irs9j-88e02bc5c3f17a33b4bf070df0668e1d av_one_fourth  avia-builder-el-21  el_after_av_three_fourth  avia-builder-el-last  flex_column_div av-zero-column-padding  '     ><p>\n<style type=\"text\/css\" data-created_by=\"avia_inline_auto\" id=\"style-css-av-4h1ofb-bec8dde9ef09fc7bb229ad68c8355d71\">\n.av_font_icon.av-4h1ofb-bec8dde9ef09fc7bb229ad68c8355d71 .av-icon-char{\nfont-size:80px;\nline-height:80px;\n}\n<\/style>\n<span  class='av_font_icon av-4h1ofb-bec8dde9ef09fc7bb229ad68c8355d71 avia_animate_when_visible av-icon-style- avia-icon-pos-center avia-iconfont avia-font-entypo-fontello av-no-color avia-icon-animate'><span class='av-icon-char' data-av_icon='\ue81d' data-av_iconfont='entypo-fontello' aria-hidden=\"true\" ><\/span><\/span><br \/>\n<div  class='hr av-jnt0k7k6-0405bcd5a24cc91ff64bf827ba10a17f hr-short  avia-builder-el-23  el_after_av_font_icon  el_before_av_textblock  hr-center'><span class='hr-inner '><span class=\"hr-inner-style\"><\/span><\/span><\/div><br \/>\n<section  class='av_textblock_section av-jnt0rql7-75b1d9bf6a883e0b3804aa36afb98eb6 '   itemscope=\"itemscope\" itemtype=\"https:\/\/schema.org\/CreativeWork\" ><div class='avia_textblock'  itemprop=\"text\" ><p style=\"text-align: center;\">Haben Sie Fragen, sind Sie unsicher, wie das weitere Vorgehen ist?<\/p>\n<\/div><\/section><br \/>\n<div  class='avia-button-wrap av-2sxr6v-a1ab263f07dea4a06a20f7732f29459a-wrap avia-button-center  avia-builder-el-25  el_after_av_textblock  avia-builder-el-last '><a href='https:\/\/www.ibes.ch\/fr\/profi-messung-2\/elektrosmog-beratung\/'  class='avia-button av-2sxr6v-a1ab263f07dea4a06a20f7732f29459a av-link-btn avia-icon_select-yes-right-icon avia-size-small avia-position-center avia-color-theme-color'   aria-label=\"Tipps und Beratung\"><span class='avia_iconbox_title' >Tipps und Beratung<\/span><span class='avia_button_icon avia_button_icon_right avia-iconfont avia-font-entypo-fontello' data-av_icon='\ue832' data-av_iconfont='entypo-fontello' ><\/span><\/a><\/div><\/p><\/div>\n","protected":false},"excerpt":{"rendered":"","protected":false},"author":3,"featured_media":0,"parent":0,"menu_order":7,"comment_status":"closed","ping_status":"closed","template":"","meta":{"_acf_changed":false,"footnotes":""},"class_list":["post-8253","page","type-page","status-publish","hentry"],"acf":[],"yoast_head":"<!-- This site is optimized with the Yoast SEO plugin v27.3 - https:\/\/yoast.com\/product\/yoast-seo-wordpress\/ -->\n<title>Glasfaserkabel erzeugen Elektrosmog und Magnetfelder<\/title>\n<meta name=\"description\" content=\"Achten Sie auf Elektrosmog durch Glasfaserkabel. Magnetfelder entstehen, wenn es nicht korrekt geerdet ist und die Potentiale des Gel\u00e4ndes aufnimmt.\" \/>\n<meta name=\"robots\" content=\"index, follow, max-snippet:-1, max-image-preview:large, max-video-preview:-1\" \/>\n<link rel=\"canonical\" href=\"https:\/\/www.ibes.ch\/fr\/cable-a-fibre-optique\/\" \/>\n<meta property=\"og:locale\" content=\"fr_FR\" \/>\n<meta property=\"og:type\" content=\"article\" \/>\n<meta property=\"og:title\" content=\"Glasfaserkabel erzeugen Elektrosmog und Magnetfelder\" \/>\n<meta property=\"og:description\" content=\"Achten Sie auf Elektrosmog durch Glasfaserkabel. Magnetfelder entstehen, wenn es nicht korrekt geerdet ist und die Potentiale des Gel\u00e4ndes aufnimmt.\" \/>\n<meta property=\"og:url\" content=\"https:\/\/www.ibes.ch\/fr\/cable-a-fibre-optique\/\" \/>\n<meta property=\"og:site_name\" content=\"IBES\" \/>\n<meta property=\"article:modified_time\" content=\"2023-08-09T13:13:34+00:00\" \/>\n<meta name=\"twitter:card\" content=\"summary_large_image\" \/>\n<meta name=\"twitter:label1\" content=\"Dur\u00e9e de lecture estim\u00e9e\" \/>\n\t<meta name=\"twitter:data1\" content=\"13 minutes\" \/>\n<script type=\"application\/ld+json\" class=\"yoast-schema-graph\">{\"@context\":\"https:\\\/\\\/schema.org\",\"@graph\":[{\"@type\":\"WebPage\",\"@id\":\"https:\\\/\\\/www.ibes.ch\\\/glasfaserkabel\\\/\",\"url\":\"https:\\\/\\\/www.ibes.ch\\\/glasfaserkabel\\\/\",\"name\":\"Glasfaserkabel erzeugen Elektrosmog und Magnetfelder\",\"isPartOf\":{\"@id\":\"https:\\\/\\\/www.ibes.ch\\\/#website\"},\"datePublished\":\"2018-08-06T10:38:29+00:00\",\"dateModified\":\"2023-08-09T13:13:34+00:00\",\"description\":\"Achten Sie auf Elektrosmog durch Glasfaserkabel. Magnetfelder entstehen, wenn es nicht korrekt geerdet ist und die Potentiale des Gel\u00e4ndes aufnimmt.\",\"breadcrumb\":{\"@id\":\"https:\\\/\\\/www.ibes.ch\\\/glasfaserkabel\\\/#breadcrumb\"},\"inLanguage\":\"fr-FR\",\"potentialAction\":[{\"@type\":\"ReadAction\",\"target\":[\"https:\\\/\\\/www.ibes.ch\\\/glasfaserkabel\\\/\"]}]},{\"@type\":\"BreadcrumbList\",\"@id\":\"https:\\\/\\\/www.ibes.ch\\\/glasfaserkabel\\\/#breadcrumb\",\"itemListElement\":[{\"@type\":\"ListItem\",\"position\":1,\"name\":\"Home\",\"item\":\"https:\\\/\\\/www.ibes.ch\\\/\"},{\"@type\":\"ListItem\",\"position\":2,\"name\":\"Glasfaserkabel\"}]},{\"@type\":\"WebSite\",\"@id\":\"https:\\\/\\\/www.ibes.ch\\\/#website\",\"url\":\"https:\\\/\\\/www.ibes.ch\\\/\",\"name\":\"IBES\",\"description\":\"IBES - Ratgeber f\u00fcr Elektrosmog\",\"potentialAction\":[{\"@type\":\"SearchAction\",\"target\":{\"@type\":\"EntryPoint\",\"urlTemplate\":\"https:\\\/\\\/www.ibes.ch\\\/?s={search_term_string}\"},\"query-input\":{\"@type\":\"PropertyValueSpecification\",\"valueRequired\":true,\"valueName\":\"search_term_string\"}}],\"inLanguage\":\"fr-FR\"}]}<\/script>\n<!-- \/ Yoast SEO plugin. -->","yoast_head_json":{"title":"Les c\u00e2bles \u00e0 fibres optiques g\u00e9n\u00e8rent de l'\u00e9lectrosmog et des champs magn\u00e9tiques","description":"Faites attention \u00e0 l'\u00e9lectrosmog g\u00e9n\u00e9r\u00e9 par le c\u00e2ble \u00e0 fibre optique. Des champs magn\u00e9tiques apparaissent lorsqu'il n'est pas correctement mis \u00e0 la terre et qu'il absorbe les potentiels du terrain.","robots":{"index":"index","follow":"follow","max-snippet":"max-snippet:-1","max-image-preview":"max-image-preview:large","max-video-preview":"max-video-preview:-1"},"canonical":"https:\/\/www.ibes.ch\/fr\/cable-a-fibre-optique\/","og_locale":"fr_FR","og_type":"article","og_title":"Glasfaserkabel erzeugen Elektrosmog und Magnetfelder","og_description":"Achten Sie auf Elektrosmog durch Glasfaserkabel. Magnetfelder entstehen, wenn es nicht korrekt geerdet ist und die Potentiale des Gel\u00e4ndes aufnimmt.","og_url":"https:\/\/www.ibes.ch\/fr\/cable-a-fibre-optique\/","og_site_name":"IBES","article_modified_time":"2023-08-09T13:13:34+00:00","twitter_card":"summary_large_image","twitter_misc":{"Dur\u00e9e de lecture estim\u00e9e":"13 minutes"},"schema":{"@context":"https:\/\/schema.org","@graph":[{"@type":"WebPage","@id":"https:\/\/www.ibes.ch\/glasfaserkabel\/","url":"https:\/\/www.ibes.ch\/glasfaserkabel\/","name":"Les c\u00e2bles \u00e0 fibres optiques g\u00e9n\u00e8rent de l'\u00e9lectrosmog et des champs magn\u00e9tiques","isPartOf":{"@id":"https:\/\/www.ibes.ch\/#website"},"datePublished":"2018-08-06T10:38:29+00:00","dateModified":"2023-08-09T13:13:34+00:00","description":"Faites attention \u00e0 l'\u00e9lectrosmog g\u00e9n\u00e9r\u00e9 par le c\u00e2ble \u00e0 fibre optique. Des champs magn\u00e9tiques apparaissent lorsqu'il n'est pas correctement mis \u00e0 la terre et qu'il absorbe les potentiels du terrain.","breadcrumb":{"@id":"https:\/\/www.ibes.ch\/glasfaserkabel\/#breadcrumb"},"inLanguage":"fr-FR","potentialAction":[{"@type":"ReadAction","target":["https:\/\/www.ibes.ch\/glasfaserkabel\/"]}]},{"@type":"BreadcrumbList","@id":"https:\/\/www.ibes.ch\/glasfaserkabel\/#breadcrumb","itemListElement":[{"@type":"ListItem","position":1,"name":"Home","item":"https:\/\/www.ibes.ch\/"},{"@type":"ListItem","position":2,"name":"Glasfaserkabel"}]},{"@type":"WebSite","@id":"https:\/\/www.ibes.ch\/#website","url":"https:\/\/www.ibes.ch\/","name":"IBES","description":"IBES - Guide de l'\u00e9lectrosmog","potentialAction":[{"@type":"SearchAction","target":{"@type":"EntryPoint","urlTemplate":"https:\/\/www.ibes.ch\/?s={search_term_string}"},"query-input":{"@type":"PropertyValueSpecification","valueRequired":true,"valueName":"search_term_string"}}],"inLanguage":"fr-FR"}]}},"_links":{"self":[{"href":"https:\/\/www.ibes.ch\/fr\/wp-json\/wp\/v2\/pages\/8253","targetHints":{"allow":["GET"]}}],"collection":[{"href":"https:\/\/www.ibes.ch\/fr\/wp-json\/wp\/v2\/pages"}],"about":[{"href":"https:\/\/www.ibes.ch\/fr\/wp-json\/wp\/v2\/types\/page"}],"author":[{"embeddable":true,"href":"https:\/\/www.ibes.ch\/fr\/wp-json\/wp\/v2\/users\/3"}],"replies":[{"embeddable":true,"href":"https:\/\/www.ibes.ch\/fr\/wp-json\/wp\/v2\/comments?post=8253"}],"version-history":[{"count":3,"href":"https:\/\/www.ibes.ch\/fr\/wp-json\/wp\/v2\/pages\/8253\/revisions"}],"predecessor-version":[{"id":19673,"href":"https:\/\/www.ibes.ch\/fr\/wp-json\/wp\/v2\/pages\/8253\/revisions\/19673"}],"wp:attachment":[{"href":"https:\/\/www.ibes.ch\/fr\/wp-json\/wp\/v2\/media?parent=8253"}],"curies":[{"name":"wp","href":"https:\/\/api.w.org\/{rel}","templated":true}]}}