{"id":8235,"date":"2018-08-07T08:27:22","date_gmt":"2018-08-07T08:27:22","guid":{"rendered":"https:\/\/www.ibes.ch\/messanfrage\/"},"modified":"2026-04-01T17:23:18","modified_gmt":"2026-04-01T15:23:18","slug":"demande-de-mesure","status":"publish","type":"page","link":"https:\/\/www.ibes.ch\/fr\/messanfrage\/","title":{"rendered":"Demande de mesure"},"content":{"rendered":"[av_slideshow_full size='no scaling' min_height='0px' stretch='' control_layout='av-control-default' src='' attachment='' attachment_size='' position='top left' repeat='no-repeat' attach='scroll' conditional_play='' animation='slide' transition_speed='' autoplay='false' interval='5' lazy_loading='disabled' av-small-hide='aviaTBav-small-hide' av-mini-hide='aviaTBav-mini-hide' id='' custom_class='' template_class='' av_uid='av-jxetyq7b' sc_version='1.0']\r\n[av_slide_full slide_type='image' id='13696' video='http:\/\/' mobile_image='' fallback_link='http:\/\/' video_format='' video_ratio='16:9' title='' custom_title_size='' custom_content_size='' caption_pos='caption_bottom' link_apply='' link='lightbox' link_target='' button_label='Click me' button_color='light' link1='manually,http:\/\/' link_target1='' button_label2='Click me' button_color2='light' link2='manually,http:\/\/' link_target2='' font_color='' custom_title='' custom_content='' overlay_opacity='0.5' overlay_color='' overlay_pattern='' overlay_custom_pattern='' av-medium-font-size-title='' av-small-font-size-title='' av-mini-font-size-title='' av-medium-font-size='' av-small-font-size='' av-mini-font-size='' av_uid='av-u843dr' video_autoplay='' video_controls='' video_mute='' video_loop='' heading_tag='' heading_class='' overlay_enable='' sc_version='1.0'][\/av_slide_full]\r\n[\/av_slideshow_full]\r\n\r\n[av_slideshow_full img_copyright='' size='no scaling' min_height='' stretch='' control_layout='av-control-default' slider_navigation='av-navigate-arrows av-navigate-dots' nav_visibility_desktop='' nav_arrow_color='' nav_arrow_bg_color='' nav_dots_color='' nav_dot_active_color='' src='' attachment='' attachment_size='' position='top left' repeat='no-repeat' attach='scroll' img_copyright_font='' av-desktop-font-img_copyright_font='' av-medium-font-img_copyright_font='' av-small-font-img_copyright_font='' av-mini-font-img_copyright_font='' img_copyright_color='' img_copyright_bg='' animation='slide' transition_speed='' autoplay='false' interval='5' img_scale='' img_scale_end='10' img_scale_direction='' img_scale_duration='3' img_scale_opacity='1' conditional_play='' img_scrset='' lazy_loading='disabled' av-desktop-hide='aviaTBav-desktop-hide' av-medium-hide='aviaTBav-medium-hide' alb_description='' id='' custom_class='' template_class='' av_uid='av-kng611rn' sc_version='1.0']\r\n[av_slide_full slide_type='image' id='17452' video='http:\/\/' mobile_image='' fallback_link='http:\/\/' title='' video_format='' video_ratio='16:9' caption_pos='caption_bottom' custom_title_size='' av-medium-font-size-title='' av-small-font-size-title='' av-mini-font-size-title='' custom_content_size='' av-medium-font-size='' av-small-font-size='' av-mini-font-size='' font_color='' custom_title='' custom_content='' heading_tag='' heading_class='' link_apply='' link='lightbox' link_target='' button_label='Click me' button_color='light' link1='manually,http:\/\/' link_target1='' button_label2='Click me' button_color2='light' link2='manually,http:\/\/' link_target2='' overlay_opacity='0.5' overlay_color='' overlay_pattern='' overlay_custom_pattern='' av_uid='av-kng61114' sc_version='1.0' video_autoplay='' video_controls='' video_mute='' video_loop='' av-desktop-font-size-title='' av-desktop-font-size='' overlay_enable=''][\/av_slide_full]\r\n\r\n\r\n[\/av_slideshow_full]\r\n\r\n\n<div id='av_section_1'  class='avia-section av-jjzgjy94-535fc938f73d54e38e18c9f5b93283ba main_color avia-section-large avia-no-border-styling  avia-builder-el-1  el_after_av_postcontent  avia-builder-el-last  avia-bg-style-scroll container_wrap fullsize'  ><div class='container av-section-cont-open' ><div class='template-page content  av-content-full alpha units'><div class='post-entry post-entry-type-page post-entry-8235'><div class='entry-content-wrapper clearfix'>\n\n<style type=\"text\/css\" data-created_by=\"avia_inline_auto\" id=\"style-css-av-5r0dob-4367baf2b84ef3be16a1172f9ba31d4b\">\n#top .av-special-heading.av-5r0dob-4367baf2b84ef3be16a1172f9ba31d4b{\npadding-bottom:19px;\n}\nbody .av-special-heading.av-5r0dob-4367baf2b84ef3be16a1172f9ba31d4b .av-special-heading-tag .heading-char{\nfont-size:25px;\n}\n.av-special-heading.av-5r0dob-4367baf2b84ef3be16a1172f9ba31d4b .av-subheading{\nfont-size:20px;\n}\n<\/style>\n<div  class='av-special-heading av-5r0dob-4367baf2b84ef3be16a1172f9ba31d4b av-special-heading-h1 blockquote modern-quote modern-centered  avia-builder-el-2  el_before_av_hr  avia-builder-el-first '><h1 class='av-special-heading-tag '  itemprop=\"headline\"  >Messanfrage<\/h1><div class='av-subheading av-subheading_below'><p>Kostenlose Messanfrage<\/p>\n<\/div><div class=\"special-heading-border\"><div class=\"special-heading-inner-border\"><\/div><\/div><\/div>\n<div  class='hr av-aue7n2-e30d11672c1926c4b838dbe0728bd62f hr-short  avia-builder-el-3  el_after_av_heading  el_before_av_two_fifth  hr-center'><span class='hr-inner '><span class=\"hr-inner-style\"><\/span><\/span><\/div>\n\n<style type=\"text\/css\" data-created_by=\"avia_inline_auto\" id=\"style-css-av-jk0xgfpi-26927f51d9ad17da8c137db4461fe185\">\n#top .flex_column.av-jk0xgfpi-26927f51d9ad17da8c137db4461fe185{\nmargin-top:40px;\nmargin-bottom:0;\n}\n.flex_column.av-jk0xgfpi-26927f51d9ad17da8c137db4461fe185{\nborder-width:1px;\nborder-color:#c7c7c7;\nborder-style:solid;\nborder-radius:0px 0px 0px 0px;\npadding:20px 20px 20px 20px;\nbackground-color:#efefef;\n}\n.responsive #top #wrap_all .flex_column.av-jk0xgfpi-26927f51d9ad17da8c137db4461fe185{\nmargin-top:40px;\nmargin-bottom:0;\n}\n<\/style>\n<div  class='flex_column av-jk0xgfpi-26927f51d9ad17da8c137db4461fe185 av_two_fifth  avia-builder-el-4  el_after_av_hr  el_before_av_three_fifth  first flex_column_div  '     ><p>\n<style type=\"text\/css\" data-created_by=\"avia_inline_auto\" id=\"style-css-av-mdejqgb6-ba1ea0252bbcc7e1ed7c46d7c0fb9b9f\">\n.avia-image-container.av-mdejqgb6-ba1ea0252bbcc7e1ed7c46d7c0fb9b9f img.avia_image{\nbox-shadow:none;\n}\n.avia-image-container.av-mdejqgb6-ba1ea0252bbcc7e1ed7c46d7c0fb9b9f .av-image-caption-overlay-center{\ncolor:#ffffff;\n}\n<\/style>\n<div  class='avia-image-container av-mdejqgb6-ba1ea0252bbcc7e1ed7c46d7c0fb9b9f av-styling- avia-align-center  avia-builder-el-5  el_before_av_heading  avia-builder-el-first '  ><div class=\"avia-image-container-inner\"><div class=\"avia-image-overlay-wrap\"><img decoding=\"async\" fetchpriority=\"high\" class='wp-image-21067 avia-img-lazy-loading-not-21067 avia_image ' src=\"https:\/\/www.ibes.ch\/wp-content\/uploads\/2025\/07\/messung_form.jpg\" alt='Ein Laptop, auf dem ein Signalanalyseprogramm mit einem Wert von -58,4 dBm angezeigt wird, neben einem blauen Handmessger\u00e4t mit angeschlossener Antenne.' title='Ein Laptop, auf dem ein Signalanalyseprogramm mit einem Wert von -58,4 dBm angezeigt wird, neben einem blauen Handmessger\u00e4t mit angeschlossener Antenne.'  height=\"667\" width=\"1000\"  itemprop=\"thumbnailUrl\" srcset=\"https:\/\/www.ibes.ch\/wp-content\/uploads\/2025\/07\/messung_form.jpg 1000w, https:\/\/www.ibes.ch\/wp-content\/uploads\/2025\/07\/messung_form-300x200.jpg 300w, https:\/\/www.ibes.ch\/wp-content\/uploads\/2025\/07\/messung_form-768x512.jpg 768w, https:\/\/www.ibes.ch\/wp-content\/uploads\/2025\/07\/messung_form-18x12.jpg 18w, https:\/\/www.ibes.ch\/wp-content\/uploads\/2025\/07\/messung_form-705x470.jpg 705w, https:\/\/www.ibes.ch\/wp-content\/uploads\/2025\/07\/messung_form-450x300.jpg 450w, https:\/\/www.ibes.ch\/wp-content\/uploads\/2025\/07\/messung_form-600x400.jpg 600w\" sizes=\"(max-width: 1000px) 100vw, 1000px\" \/><\/div><\/div><\/div><br \/>\n\n<style type=\"text\/css\" data-created_by=\"avia_inline_auto\" id=\"style-css-av-2h9hd7-3c794da4d5b4e183cf7eecbad1a782f6\">\n#top .av-special-heading.av-2h9hd7-3c794da4d5b4e183cf7eecbad1a782f6{\npadding-bottom:10px;\n}\nbody .av-special-heading.av-2h9hd7-3c794da4d5b4e183cf7eecbad1a782f6 .av-special-heading-tag .heading-char{\nfont-size:25px;\n}\n.av-special-heading.av-2h9hd7-3c794da4d5b4e183cf7eecbad1a782f6 .av-subheading{\nfont-size:15px;\n}\n<\/style>\n<div  class='av-special-heading av-2h9hd7-3c794da4d5b4e183cf7eecbad1a782f6 av-special-heading-h3  avia-builder-el-6  el_after_av_image  el_before_av_textblock '><h3 class='av-special-heading-tag '  itemprop=\"headline\"  >Unsere Messtechniker<\/h3><div class=\"special-heading-border\"><div class=\"special-heading-inner-border\"><\/div><\/div><\/div><br \/>\n<section  class='av_textblock_section av-jk0xf61h-73d3fe3999f0bb0ed9619c3ef0a76a36 '   itemscope=\"itemscope\" itemtype=\"https:\/\/schema.org\/CreativeWork\" ><div class='avia_textblock'  itemprop=\"text\" ><ul>\n<li>Unsere Mess-Spezialisten geh\u00f6ren seit 20 Jahren zu den f\u00fchrenden Elektrosmog-Experten der Schweiz.<\/li>\n<li>Unsere Messtechniker sind gesamteurop\u00e4isch nach Elektrizit\u00e4tsgesetz konzessioniert.<\/li>\n<li>Wir messen bei Ihnen sichtbare und unsichtbare Quellen elektromagnetischer Felder, die zu Problemen mit der Gesundheit f\u00fchren k\u00f6nnen.<\/li>\n<li>Sie erhalten einen Messbericht, basierend auf baubiologischen und offiziellen Grenzwerten.<\/li>\n<\/ul>\n<\/div><\/section><\/p><\/div>\n<style type=\"text\/css\" data-created_by=\"avia_inline_auto\" id=\"style-css-av-4qshtl-96e6f1cd6bc6928eab4ebe94b0cd81e3\">\n#top .flex_column.av-4qshtl-96e6f1cd6bc6928eab4ebe94b0cd81e3{\nmargin-top:40px;\nmargin-bottom:0;\n}\n.flex_column.av-4qshtl-96e6f1cd6bc6928eab4ebe94b0cd81e3{\nborder-radius:0px 0px 0px 0px;\npadding:0px 0px 0px 0px;\n}\n.responsive #top #wrap_all .flex_column.av-4qshtl-96e6f1cd6bc6928eab4ebe94b0cd81e3{\nmargin-top:40px;\nmargin-bottom:0;\n}\n<\/style>\n<div  class='flex_column av-4qshtl-96e6f1cd6bc6928eab4ebe94b0cd81e3 av_three_fifth  avia-builder-el-8  el_after_av_two_fifth  avia-builder-el-last  flex_column_div av-zero-column-padding  '     ><p>\n<style type=\"text\/css\" data-created_by=\"avia_inline_auto\" id=\"style-css-av-3hsfbv-8cbfbed141bf307f5843d74993e2c97a\">\n#top .av-special-heading.av-3hsfbv-8cbfbed141bf307f5843d74993e2c97a{\npadding-bottom:10px;\n}\nbody .av-special-heading.av-3hsfbv-8cbfbed141bf307f5843d74993e2c97a .av-special-heading-tag .heading-char{\nfont-size:25px;\n}\n.av-special-heading.av-3hsfbv-8cbfbed141bf307f5843d74993e2c97a .av-subheading{\nfont-size:15px;\n}\n<\/style>\n<div  class='av-special-heading av-3hsfbv-8cbfbed141bf307f5843d74993e2c97a av-special-heading-h3 blockquote modern-quote  avia-builder-el-9  el_before_av_textblock  avia-builder-el-first '><h3 class='av-special-heading-tag '  itemprop=\"headline\"  >Unverbindlich anfragen<\/h3><div class=\"special-heading-border\"><div class=\"special-heading-inner-border\"><\/div><\/div><\/div><br \/>\n<section  class='av_textblock_section av-ll3oeywv-98cc9257018b6743912340db56fb2b13 '   itemscope=\"itemscope\" itemtype=\"https:\/\/schema.org\/CreativeWork\" ><div class='avia_textblock'  itemprop=\"text\" ><p>Wie k\u00f6nnen wir Ihnen helfen? Sie k\u00f6nnen uns unverbindlich per Formular anfragen. Wir nehmen so schnell wie m\u00f6glich Kontakt zu Ihnen auf und beraten Sie bereits am Telefon.<\/p>\n<\/div><\/section><br \/>\n\n<style type=\"text\/css\" data-created_by=\"avia_inline_auto\" id=\"style-css-av-ll3og12x-b15688c835ce252b6a3e431b500ab46e\">\n#top .hr.hr-invisible.av-ll3og12x-b15688c835ce252b6a3e431b500ab46e{\nheight:30px;\n}\n<\/style>\n<div  class='hr av-ll3og12x-b15688c835ce252b6a3e431b500ab46e hr-invisible  avia-builder-el-11  el_after_av_textblock  el_before_av_textblock '><span class='hr-inner '><span class=\"hr-inner-style\"><\/span><\/span><\/div><br \/>\n<section  class='av_textblock_section av-m0ks56b7-78bfad9288bb26f0d138d783cfab537e '   itemscope=\"itemscope\" itemtype=\"https:\/\/schema.org\/CreativeWork\" ><div class='avia_textblock'  itemprop=\"text\" ><div class='fluentform ff-default fluentform_wrapper_1 ffs_default_wrap'><form data-form_id=\"1\" id=\"fluentform_1\" class=\"frm-fluent-form fluent_form_1 ff-el-form-top ff_form_instance_1_1 ff-form-loading ffs_default\" data-form_instance=\"ff_form_instance_1_1\" method=\"POST\" data-turnstile_key=\"0x4AAAAAAAij0pOOAoe1o4pW\" ><fieldset  style=\"border: none!important;margin: 0!important;padding: 0!important;background-color: transparent!important;box-shadow: none!important;outline: none!important; min-inline-size: 100%;\">\n                    <legend class=\"ff_screen_reader_title\" style=\"display: block; margin: 0!important;padding: 0!important;height: 0!important;text-indent: -999999px;width: 0!important;overflow:hidden;\">Messanfrage<\/legend><input type='hidden' name='__fluent_form_embded_post_id' value='8235' \/><input type=\"hidden\" id=\"_fluentform_1_fluentformnonce\" name=\"_fluentform_1_fluentformnonce\" value=\"aeb0734420\" \/><input type=\"hidden\" name=\"_wp_http_referer\" value=\"\/fr\/wp-json\/wp\/v2\/pages\/8235\" \/><div class='ff-el-group'><div class=\"ff-el-input--label asterisk-right\"><label for='ff_1_dropdown' id='label_ff_1_dropdown' aria-label=\"Anrede\">Anrede<\/label><\/div><div class='ff-el-input--content'><select name=\"dropdown\" id=\"ff_1_dropdown\" class=\"ff-el-form-control\" data-name=\"dropdown\" data-calc_value=\"0\"  aria-invalid=\"false\" aria-required=\"false\" aria-labelledby=\"label_ff_1_dropdown\"><option value=\"\">- bitte w\u00e4hlen -<\/option><option value=\"Herr\"  >Herr<\/option><option value=\"Frau\"  >Frau<\/option><\/select><\/div><\/div><div class='ff-el-group'><div class=\"ff-el-input--label ff-el-is-required asterisk-right\"><label for='ff_1_input_text' id='label_ff_1_input_text' aria-label=\"Vor- &amp; Nachname\">Vor- &amp; Nachname<\/label><\/div><div class='ff-el-input--content'><input type=\"text\" name=\"input_text\" class=\"ff-el-form-control\" data-name=\"input_text\" id=\"ff_1_input_text\"  aria-invalid=\"false\" aria-required=true><\/div><\/div><div class='ff-el-group'><div class=\"ff-el-input--label asterisk-right\"><label for='ff_1_input_text_4' id='label_ff_1_input_text_4' aria-label=\"Firma\">Firma<\/label><\/div><div class='ff-el-input--content'><input type=\"text\" name=\"input_text_4\" class=\"ff-el-form-control\" data-name=\"input_text_4\" id=\"ff_1_input_text_4\"  aria-invalid=\"false\" aria-required=false><\/div><\/div><div class='ff-el-group'><div class=\"ff-el-input--label asterisk-right\"><label for='ff_1_input_text_1' id='label_ff_1_input_text_1' aria-label=\"Strasse \/ Nr.\">Strasse \/ Nr.<\/label><\/div><div class='ff-el-input--content'><input type=\"text\" name=\"input_text_1\" class=\"ff-el-form-control\" data-name=\"input_text_1\" id=\"ff_1_input_text_1\"  aria-invalid=\"false\" aria-required=false><\/div><\/div><div class='ff-el-group'><div class=\"ff-el-input--label asterisk-right\"><label for='ff_1_input_text_2' id='label_ff_1_input_text_2' aria-label=\"PLZ &amp; Ort\">PLZ &amp; Ort<\/label><\/div><div class='ff-el-input--content'><input type=\"text\" name=\"input_text_2\" class=\"ff-el-form-control\" data-name=\"input_text_2\" id=\"ff_1_input_text_2\"  aria-invalid=\"false\" aria-required=false><\/div><\/div><div class='ff-el-group'><div class=\"ff-el-input--label ff-el-is-required asterisk-right\"><label for='ff_1_input_text_3' id='label_ff_1_input_text_3' aria-label=\"Telefon\">Telefon<\/label><\/div><div class='ff-el-input--content'><input type=\"text\" name=\"input_text_3\" class=\"ff-el-form-control\" data-name=\"input_text_3\" id=\"ff_1_input_text_3\"  aria-invalid=\"false\" aria-required=true><\/div><\/div><div class='ff-el-group'><div class=\"ff-el-input--label ff-el-is-required asterisk-right\"><label for='ff_1_email' id='label_ff_1_email' aria-label=\"E-Mail\">E-Mail<\/label><\/div><div class='ff-el-input--content'><input type=\"email\" name=\"email\" id=\"ff_1_email\" class=\"ff-el-form-control\" data-name=\"email\"  aria-invalid=\"false\" aria-required=true><\/div><\/div><div class='ff-el-group'><div class=\"ff-el-input--label ff-el-is-required asterisk-right\"><label for='ff_1_description' id='label_ff_1_description' aria-label=\"Wie k\u00f6nnen wir Ihnen helfen?\">Wie k\u00f6nnen wir Ihnen helfen?<\/label><\/div><div class='ff-el-input--content'><textarea aria-required=\"true\" aria-labelledby=\"label_ff_1_description\" name=\"description\" id=\"ff_1_description\" class=\"ff-el-form-control\" rows=\"5\" cols=\"2\" data-name=\"description\" ><\/textarea><\/div><\/div><div class='ff-el-group    ff-el-input--content'><div class='ff-el-form-check ff-el-tc'><label aria-label='Terms and Conditions: Durch das Abschicken dieses Formulars stimme ich der Datenschutzerkl\u00e4rung zu. Ausf\u00fchrliche Informationen \u00fcber die Datenschutzerkl\u00e4rung finden Sie hier. Contains 1 link. Use tab navigation to review.' class='ff-el-form-check-label ff_tc_label' for=gdpr-agreement_af298d588b314c2b832ff3f09f7a062c><span class='ff_tc_checkbox'><input type=\"checkbox\" name=\"gdpr-agreement\" class=\"ff-el-form-check-input ff_gdpr_field\" data-name=\"gdpr-agreement\" id=\"gdpr-agreement_af298d588b314c2b832ff3f09f7a062c\"  value='on' aria-invalid='false' aria-required=true><\/span> <div class='ff_t_c'>Durch das Abschicken dieses Formulars stimme ich der Datenschutzerkl\u00e4rung zu. Ausf\u00fchrliche Informationen \u00fcber die Datenschutzerkl\u00e4rung finden Sie <a href=\"\/datenschutz\/\">hier<\/a>.<\/div><\/label><\/div><\/div><div class='ff-el-group ' ><div class='ff-el-input--content'><div data-fluent_id='1' name='cf-turnstile-response'><div\n\t\tdata-sitekey='0x4AAAAAAAij0pOOAoe1o4pW'\n\t\tdata-theme='auto'\n\t\tid='fluentform-turnstile-1-1'\n\t\tclass='ff-el-turnstile cf-turnstile'\n\t\tdata-appearance='always'><\/div><\/div><\/div><\/div><div class='ff-el-group ff-text-left ff_submit_btn_wrapper ff_submit_btn_wrapper_custom'><button class=\"ff-btn ff-btn-submit ff-btn-md ff_btn_style wpf_has_custom_css\" type=\"submit\" name=\"custom_submit_button-1_1\" data-name=\"custom_submit_button-1_1\"  aria-label=\"Senden\">Senden<\/button><style>form.fluent_form_1 .wpf_has_custom_css.ff-btn-submit { background-color:rgba(255, 6, 18, 1);border-color:rgba(255, 6, 18, 1);color:#ffffff;border-radius:0.1px;min-width:10%; }form.fluent_form_1 .wpf_has_custom_css.ff-btn-submit:hover { background-color:rgba(255, 6, 18, 1);border-color:rgba(255, 6, 18, 1);color:rgba(255, 255, 255, 1);border-radius:0.1px;min-width:10%; } <\/style><\/div><\/fieldset><\/form><div id='fluentform_1_errors' class='ff-errors-in-stack ff_form_instance_1_1 ff-form-loading_errors ff_form_instance_1_1_errors'><\/div><\/div>            <script type=\"text\/javascript\">\n                window.fluent_form_ff_form_instance_1_1 = {\"id\":\"1\",\"settings\":{\"layout\":{\"labelPlacement\":\"top\",\"helpMessagePlacement\":\"with_label\",\"errorMessagePlacement\":\"inline\",\"cssClassName\":\"\",\"asteriskPlacement\":\"asterisk-right\"},\"restrictions\":{\"denyEmptySubmission\":{\"enabled\":false}}},\"form_instance\":\"ff_form_instance_1_1\",\"form_id_selector\":\"fluentform_1\",\"rules\":{\"dropdown\":{\"required\":{\"value\":false,\"message\":\"Ce champ est obligatoire\",\"global_message\":\"This field is required\",\"global\":true}},\"input_text\":{\"required\":{\"value\":true,\"message\":\"Ce champ est obligatoire\",\"global_message\":\"This field is required\",\"global\":true}},\"input_text_4\":{\"required\":{\"value\":false,\"message\":\"Ce champ est obligatoire\",\"global_message\":\"This field is required\",\"global\":true}},\"input_text_1\":{\"required\":{\"value\":false,\"message\":\"Ce champ est obligatoire\",\"global_message\":\"This field is required\",\"global\":true}},\"input_text_2\":{\"required\":{\"value\":false,\"message\":\"Ce champ est obligatoire\",\"global_message\":\"This field is required\",\"global\":true}},\"input_text_3\":{\"required\":{\"value\":true,\"message\":\"Ce champ est obligatoire\",\"global_message\":\"This field is required\",\"global\":true}},\"email\":{\"required\":{\"value\":true,\"message\":\"Ce champ est obligatoire\",\"global_message\":\"This field is required\",\"global\":true},\"email\":{\"value\":true,\"message\":\"Ce champ doit contenir un e-mail valide\",\"global_message\":\"This field must contain a valid email\",\"global\":true}},\"description\":{\"required\":{\"value\":true,\"message\":\"Ce champ est obligatoire\",\"global_message\":\"This field is required\",\"global\":true}},\"gdpr-agreement\":{\"required\":{\"value\":true,\"message\":\"Ce champ est obligatoire\",\"global_message\":\"This field is required\",\"global\":true}},\"cf-turnstile-response\":[]},\"debounce_time\":300};\n                            <\/script>\n            \n<\/div><\/section><\/p><\/div>\n","protected":false},"excerpt":{"rendered":"","protected":false},"author":3,"featured_media":0,"parent":0,"menu_order":2,"comment_status":"closed","ping_status":"closed","template":"","meta":{"_acf_changed":false,"footnotes":""},"class_list":["post-8235","page","type-page","status-publish","hentry"],"acf":[],"yoast_head":"<!-- This site is optimized with the Yoast SEO plugin v27.5 - https:\/\/yoast.com\/product\/yoast-seo-wordpress\/ -->\n<title>Die IBES-Mess-Spezialisten - Messanfrage Elektrosmog-Messung<\/title>\n<meta name=\"description\" content=\"Der IBES-Elektrobiologie-Spezialist nimmt bei Ihnen zu Hause oder am Arbeitsplatz professionelle Elektrosmog-Messungen vor.\" \/>\n<meta name=\"robots\" content=\"index, follow, max-snippet:-1, max-image-preview:large, max-video-preview:-1\" \/>\n<link rel=\"canonical\" href=\"https:\/\/www.ibes.ch\/fr\/demande-de-mesure\/\" \/>\n<meta property=\"og:locale\" content=\"fr_FR\" \/>\n<meta property=\"og:type\" content=\"article\" \/>\n<meta property=\"og:title\" content=\"Die IBES-Mess-Spezialisten - Messanfrage Elektrosmog-Messung\" \/>\n<meta property=\"og:description\" content=\"Der IBES-Elektrobiologie-Spezialist nimmt bei Ihnen zu Hause oder am Arbeitsplatz professionelle Elektrosmog-Messungen vor.\" \/>\n<meta property=\"og:url\" content=\"https:\/\/www.ibes.ch\/fr\/demande-de-mesure\/\" \/>\n<meta property=\"og:site_name\" content=\"IBES\" \/>\n<meta property=\"article:modified_time\" content=\"2026-04-01T15:23:18+00:00\" \/>\n<meta name=\"twitter:card\" content=\"summary_large_image\" \/>\n<meta name=\"twitter:label1\" content=\"Dur\u00e9e de lecture estim\u00e9e\" \/>\n\t<meta name=\"twitter:data1\" content=\"9 minutes\" \/>\n<script type=\"application\/ld+json\" class=\"yoast-schema-graph\">{\"@context\":\"https:\\\/\\\/schema.org\",\"@graph\":[{\"@type\":\"WebPage\",\"@id\":\"https:\\\/\\\/www.ibes.ch\\\/messanfrage\\\/\",\"url\":\"https:\\\/\\\/www.ibes.ch\\\/messanfrage\\\/\",\"name\":\"Die IBES-Mess-Spezialisten - Messanfrage Elektrosmog-Messung\",\"isPartOf\":{\"@id\":\"https:\\\/\\\/www.ibes.ch\\\/#website\"},\"datePublished\":\"2018-08-07T08:27:22+00:00\",\"dateModified\":\"2026-04-01T15:23:18+00:00\",\"description\":\"Der IBES-Elektrobiologie-Spezialist nimmt bei Ihnen zu Hause oder am Arbeitsplatz professionelle Elektrosmog-Messungen vor.\",\"breadcrumb\":{\"@id\":\"https:\\\/\\\/www.ibes.ch\\\/messanfrage\\\/#breadcrumb\"},\"inLanguage\":\"fr-FR\",\"potentialAction\":[{\"@type\":\"ReadAction\",\"target\":[\"https:\\\/\\\/www.ibes.ch\\\/messanfrage\\\/\"]}]},{\"@type\":\"BreadcrumbList\",\"@id\":\"https:\\\/\\\/www.ibes.ch\\\/messanfrage\\\/#breadcrumb\",\"itemListElement\":[{\"@type\":\"ListItem\",\"position\":1,\"name\":\"Home\",\"item\":\"https:\\\/\\\/www.ibes.ch\\\/\"},{\"@type\":\"ListItem\",\"position\":2,\"name\":\"Messanfrage\"}]},{\"@type\":\"WebSite\",\"@id\":\"https:\\\/\\\/www.ibes.ch\\\/#website\",\"url\":\"https:\\\/\\\/www.ibes.ch\\\/\",\"name\":\"IBES\",\"description\":\"IBES - Ratgeber f\u00fcr Elektrosmog\",\"potentialAction\":[{\"@type\":\"SearchAction\",\"target\":{\"@type\":\"EntryPoint\",\"urlTemplate\":\"https:\\\/\\\/www.ibes.ch\\\/?s={search_term_string}\"},\"query-input\":{\"@type\":\"PropertyValueSpecification\",\"valueRequired\":true,\"valueName\":\"search_term_string\"}}],\"inLanguage\":\"fr-FR\"}]}<\/script>\n<!-- \/ Yoast SEO plugin. -->","yoast_head_json":{"title":"Les sp\u00e9cialistes de la mesure IBES - Demande de mesure de l'\u00e9lectrosmog","description":"Le sp\u00e9cialiste en \u00e9lectrobiologie IBES effectue des mesures professionnelles de l'\u00e9lectrosmog \u00e0 votre domicile ou sur votre lieu de travail.","robots":{"index":"index","follow":"follow","max-snippet":"max-snippet:-1","max-image-preview":"max-image-preview:large","max-video-preview":"max-video-preview:-1"},"canonical":"https:\/\/www.ibes.ch\/fr\/demande-de-mesure\/","og_locale":"fr_FR","og_type":"article","og_title":"Die IBES-Mess-Spezialisten - Messanfrage Elektrosmog-Messung","og_description":"Der IBES-Elektrobiologie-Spezialist nimmt bei Ihnen zu Hause oder am Arbeitsplatz professionelle Elektrosmog-Messungen vor.","og_url":"https:\/\/www.ibes.ch\/fr\/demande-de-mesure\/","og_site_name":"IBES","article_modified_time":"2026-04-01T15:23:18+00:00","twitter_card":"summary_large_image","twitter_misc":{"Dur\u00e9e de lecture estim\u00e9e":"9 minutes"},"schema":{"@context":"https:\/\/schema.org","@graph":[{"@type":"WebPage","@id":"https:\/\/www.ibes.ch\/messanfrage\/","url":"https:\/\/www.ibes.ch\/messanfrage\/","name":"Les sp\u00e9cialistes de la mesure IBES - Demande de mesure de l'\u00e9lectrosmog","isPartOf":{"@id":"https:\/\/www.ibes.ch\/#website"},"datePublished":"2018-08-07T08:27:22+00:00","dateModified":"2026-04-01T15:23:18+00:00","description":"Le sp\u00e9cialiste en \u00e9lectrobiologie IBES effectue des mesures professionnelles de l'\u00e9lectrosmog \u00e0 votre domicile ou sur votre lieu de travail.","breadcrumb":{"@id":"https:\/\/www.ibes.ch\/messanfrage\/#breadcrumb"},"inLanguage":"fr-FR","potentialAction":[{"@type":"ReadAction","target":["https:\/\/www.ibes.ch\/messanfrage\/"]}]},{"@type":"BreadcrumbList","@id":"https:\/\/www.ibes.ch\/messanfrage\/#breadcrumb","itemListElement":[{"@type":"ListItem","position":1,"name":"Home","item":"https:\/\/www.ibes.ch\/"},{"@type":"ListItem","position":2,"name":"Messanfrage"}]},{"@type":"WebSite","@id":"https:\/\/www.ibes.ch\/#website","url":"https:\/\/www.ibes.ch\/","name":"IBES","description":"IBES - Guide de l'\u00e9lectrosmog","potentialAction":[{"@type":"SearchAction","target":{"@type":"EntryPoint","urlTemplate":"https:\/\/www.ibes.ch\/?s={search_term_string}"},"query-input":{"@type":"PropertyValueSpecification","valueRequired":true,"valueName":"search_term_string"}}],"inLanguage":"fr-FR"}]}},"_links":{"self":[{"href":"https:\/\/www.ibes.ch\/fr\/wp-json\/wp\/v2\/pages\/8235","targetHints":{"allow":["GET"]}}],"collection":[{"href":"https:\/\/www.ibes.ch\/fr\/wp-json\/wp\/v2\/pages"}],"about":[{"href":"https:\/\/www.ibes.ch\/fr\/wp-json\/wp\/v2\/types\/page"}],"author":[{"embeddable":true,"href":"https:\/\/www.ibes.ch\/fr\/wp-json\/wp\/v2\/users\/3"}],"replies":[{"embeddable":true,"href":"https:\/\/www.ibes.ch\/fr\/wp-json\/wp\/v2\/comments?post=8235"}],"version-history":[{"count":10,"href":"https:\/\/www.ibes.ch\/fr\/wp-json\/wp\/v2\/pages\/8235\/revisions"}],"predecessor-version":[{"id":21056,"href":"https:\/\/www.ibes.ch\/fr\/wp-json\/wp\/v2\/pages\/8235\/revisions\/21056"}],"wp:attachment":[{"href":"https:\/\/www.ibes.ch\/fr\/wp-json\/wp\/v2\/media?parent=8235"}],"curies":[{"name":"wp","href":"https:\/\/api.w.org\/{rel}","templated":true}]}}